{"id":8803,"date":"2022-08-04T16:52:34","date_gmt":"2022-08-04T14:52:34","guid":{"rendered":"https:\/\/bohemian-feathers-jewelry.fr\/?post_type=product&#038;p=8803"},"modified":"2022-09-19T16:05:05","modified_gmt":"2022-09-19T14:05:05","slug":"extension-pour-cheveux-wild-feathers-violet-1-plume","status":"publish","type":"product","link":"https:\/\/bohemian-feathers-jewelry.fr\/en\/product\/extension-pour-cheveux-wild-feathers-violet-1-plume\/","title":{"rendered":"Extension pour cheveux Wild Feathers &#8211; violet &#8211; 1 plume &#8211; courte"},"content":{"rendered":"<p>Extension de cheveux compos\u00e9e d&rsquo;une plume de coq teint\u00e9e violet, de perles en verre, d&rsquo;\u00e9l\u00e9ments en bronze et de lani\u00e8re en su\u00e9dine marron. Cette extension se clipse tr\u00e8s facilement aux cheveux avec sa barrette et ne glisse pas gr\u00e2ce \u00e0 la protection en silicone.<\/p>\n<p>Longueur de l&rsquo;extension (barrette incluse) : 25cm<\/p>\n<p>_____________________________<\/p>\n<p>L&rsquo;extension sera livr\u00e9e dans un sachet kraft prot\u00e9g\u00e9 et en envoi lettre suivie.<\/p>","protected":false},"excerpt":{"rendered":"<p>Extension de cheveux compos\u00e9e d&rsquo;une plume de coq teint\u00e9e violet, de perles en verre, d&rsquo;\u00e9l\u00e9ments en bronze et de lani\u00e8re en su\u00e9dine marron. Cette extension se clipse tr\u00e8s facilement aux cheveux avec sa barrette et ne glisse pas gr\u00e2ce \u00e0 la protection en silicone.<\/p>\n<p>Longueur de l&rsquo;extension (barrette incluse) : 25cm<\/p>\n<p>_____________________________<\/p>\n<p>L&rsquo;extension sera livr\u00e9e dans un sachet kraft prot\u00e9g\u00e9 et en envoi lettre suivie.<\/p>\n<p>_____________________________<\/p>\n<p>La photo \u00ab\u00a0port\u00e9e\u00a0\u00bb est ici pour montrer le rendu d&rsquo;une extension avec des plumes de coq. Ce n&rsquo;est pas une photo de cette extension (bien regarder les autres photos pour les couleurs) mais le rendu sera similaire.<\/p>","protected":false},"featured_media":8768,"comment_status":"open","ping_status":"closed","template":"","meta":{"_monsterinsights_skip_tracking":false,"_monsterinsights_sitenote_active":false,"_monsterinsights_sitenote_note":"","_monsterinsights_sitenote_category":0,"neve_meta_sidebar":"","neve_meta_container":"","neve_meta_enable_content_width":"off","neve_meta_content_width":70,"neve_meta_title_alignment":"","neve_meta_author_avatar":"","neve_post_elements_order":"","neve_meta_disable_header":"","neve_meta_disable_footer":"","neve_meta_disable_title":""},"product_brand":[],"product_cat":[494],"product_tag":[168,796,230],"class_list":{"0":"post-8803","1":"product","2":"type-product","3":"status-publish","4":"has-post-thumbnail","6":"product_cat-access-cheveux","7":"product_tag-boheme","8":"product_tag-extension-cheveux","9":"product_tag-plumes","10":"product_shipping_class-envoi-suivi","12":"first","13":"outofstock","14":"shipping-taxable","15":"purchasable","16":"product-type-simple"},"jetpack_sharing_enabled":true,"_links":{"self":[{"href":"https:\/\/bohemian-feathers-jewelry.fr\/en\/wp-json\/wp\/v2\/product\/8803","targetHints":{"allow":["GET"]}}],"collection":[{"href":"https:\/\/bohemian-feathers-jewelry.fr\/en\/wp-json\/wp\/v2\/product"}],"about":[{"href":"https:\/\/bohemian-feathers-jewelry.fr\/en\/wp-json\/wp\/v2\/types\/product"}],"replies":[{"embeddable":true,"href":"https:\/\/bohemian-feathers-jewelry.fr\/en\/wp-json\/wp\/v2\/comments?post=8803"}],"version-history":[{"count":3,"href":"https:\/\/bohemian-feathers-jewelry.fr\/en\/wp-json\/wp\/v2\/product\/8803\/revisions"}],"predecessor-version":[{"id":8834,"href":"https:\/\/bohemian-feathers-jewelry.fr\/en\/wp-json\/wp\/v2\/product\/8803\/revisions\/8834"}],"wp:featuredmedia":[{"embeddable":true,"href":"https:\/\/bohemian-feathers-jewelry.fr\/en\/wp-json\/wp\/v2\/media\/8768"}],"wp:attachment":[{"href":"https:\/\/bohemian-feathers-jewelry.fr\/en\/wp-json\/wp\/v2\/media?parent=8803"}],"wp:term":[{"taxonomy":"product_brand","embeddable":true,"href":"https:\/\/bohemian-feathers-jewelry.fr\/en\/wp-json\/wp\/v2\/product_brand?post=8803"},{"taxonomy":"product_cat","embeddable":true,"href":"https:\/\/bohemian-feathers-jewelry.fr\/en\/wp-json\/wp\/v2\/product_cat?post=8803"},{"taxonomy":"product_tag","embeddable":true,"href":"https:\/\/bohemian-feathers-jewelry.fr\/en\/wp-json\/wp\/v2\/product_tag?post=8803"}],"curies":[{"name":"wp","href":"https:\/\/api.w.org\/{rel}","templated":true}]}}