{"id":87,"date":"2020-02-27T20:50:41","date_gmt":"2020-02-27T19:50:41","guid":{"rendered":"http:\/\/bohemian-feathers-jewelry.fr\/?product=bracelet-buddha-wood-bracelet-elastique-bois-amazonite-labradorite-agate-jaspe-turquoise-jade-zen-gypsy-yoga"},"modified":"2020-06-15T18:06:51","modified_gmt":"2020-06-15T16:06:51","slug":"bracelet-buddha-wood-bracelet-elastique-bois-amazonite-labradorite-agate-jaspe-turquoise-jade-zen-gypsy-yoga","status":"publish","type":"product","link":"https:\/\/bohemian-feathers-jewelry.fr\/en\/product\/bracelet-buddha-wood-bracelet-elastique-bois-amazonite-labradorite-agate-jaspe-turquoise-jade-zen-gypsy-yoga\/","title":{"rendered":"Bracelet Buddha &#038; Wood Agate"},"content":{"rendered":"<p>Bracelet \u00e9lastique compos\u00e9 de perles en agate vein\u00e9e dragon, de perles en bois, perles en laiton et perle \u00ab\u00a0bouddha\u00a0\u00bb en laiton.<\/p>\n<p>Bracelet de 1 cm de large sur 17 cm de long.<\/p>\n<p>Toutes les bracelets sont livr\u00e9es dans un joli sachet en kraft.<\/p>","protected":false},"excerpt":{"rendered":"<p>Bracelet \u00e9lastique compos\u00e9 de perles en agate vein\u00e9e dragon, de perles en bois, perles en laiton et perle \u00ab\u00a0bouddha\u00a0\u00bb en laiton.<\/p>\n<p>Bracelet de 1 cm de large sur 17 cm de long.<\/p>\n<p>Toutes les bracelets sont livr\u00e9es dans un joli sachet en kraft.<\/p>","protected":false},"featured_media":1487,"comment_status":"open","ping_status":"closed","template":"","meta":{"_monsterinsights_skip_tracking":false,"_monsterinsights_sitenote_active":false,"_monsterinsights_sitenote_note":"","_monsterinsights_sitenote_category":0,"neve_meta_sidebar":"","neve_meta_container":"","neve_meta_enable_content_width":"off","neve_meta_content_width":0,"neve_meta_title_alignment":"","neve_meta_author_avatar":"","neve_post_elements_order":"","neve_meta_disable_header":"","neve_meta_disable_footer":"","neve_meta_disable_title":""},"product_brand":[],"product_cat":[536,484],"product_tag":[168,278,122,272,273,277,275,244,279,16,276,274],"class_list":{"0":"post-87","1":"product","2":"type-product","3":"status-publish","4":"has-post-thumbnail","6":"product_cat-promo","7":"product_cat-bracelets","8":"product_tag-boheme","9":"product_tag-bouddha","10":"product_tag-bracelet","11":"product_tag-bracelet_de_perles","12":"product_tag-bracelet_elastique","13":"product_tag-bracelet_gipsy","14":"product_tag-bronze","15":"product_tag-hippie","16":"product_tag-indien","17":"product_tag-jewelry","18":"product_tag-perles_en_bois","19":"product_tag-zen","20":"product_shipping_class-envoi-suivi","22":"first","23":"outofstock","24":"sale","25":"shipping-taxable","26":"purchasable","27":"product-type-simple"},"jetpack_sharing_enabled":true,"_links":{"self":[{"href":"https:\/\/bohemian-feathers-jewelry.fr\/en\/wp-json\/wp\/v2\/product\/87","targetHints":{"allow":["GET"]}}],"collection":[{"href":"https:\/\/bohemian-feathers-jewelry.fr\/en\/wp-json\/wp\/v2\/product"}],"about":[{"href":"https:\/\/bohemian-feathers-jewelry.fr\/en\/wp-json\/wp\/v2\/types\/product"}],"replies":[{"embeddable":true,"href":"https:\/\/bohemian-feathers-jewelry.fr\/en\/wp-json\/wp\/v2\/comments?post=87"}],"version-history":[{"count":3,"href":"https:\/\/bohemian-feathers-jewelry.fr\/en\/wp-json\/wp\/v2\/product\/87\/revisions"}],"predecessor-version":[{"id":1413,"href":"https:\/\/bohemian-feathers-jewelry.fr\/en\/wp-json\/wp\/v2\/product\/87\/revisions\/1413"}],"wp:featuredmedia":[{"embeddable":true,"href":"https:\/\/bohemian-feathers-jewelry.fr\/en\/wp-json\/wp\/v2\/media\/1487"}],"wp:attachment":[{"href":"https:\/\/bohemian-feathers-jewelry.fr\/en\/wp-json\/wp\/v2\/media?parent=87"}],"wp:term":[{"taxonomy":"product_brand","embeddable":true,"href":"https:\/\/bohemian-feathers-jewelry.fr\/en\/wp-json\/wp\/v2\/product_brand?post=87"},{"taxonomy":"product_cat","embeddable":true,"href":"https:\/\/bohemian-feathers-jewelry.fr\/en\/wp-json\/wp\/v2\/product_cat?post=87"},{"taxonomy":"product_tag","embeddable":true,"href":"https:\/\/bohemian-feathers-jewelry.fr\/en\/wp-json\/wp\/v2\/product_tag?post=87"}],"curies":[{"name":"wp","href":"https:\/\/api.w.org\/{rel}","templated":true}]}}