{"id":8236,"date":"2022-05-11T11:36:48","date_gmt":"2022-05-11T09:36:48","guid":{"rendered":"https:\/\/bohemian-feathers-jewelry.fr\/?post_type=product&#038;p=8236"},"modified":"2024-03-13T09:39:30","modified_gmt":"2024-03-13T08:39:30","slug":"collier-healing-stone-opale-boulder-2","status":"publish","type":"product","link":"https:\/\/bohemian-feathers-jewelry.fr\/en\/product\/collier-healing-stone-opale-boulder-2\/","title":{"rendered":"Collier Healing Stone &#8211; Opale Boulder"},"content":{"rendered":"<p>Cette opale peut nous \u00e9merveiller avec son irisation et sa lumi\u00e8re rayonnante. Par sa matrice tr\u00e8s riche en fer, elle nous reconnecte \u00e0 la terre, par un meilleur ancrage. Elle aide \u00e0 la communication, elle permet d&rsquo;oser dire les choses, de d\u00e9bloquer les non-dits, s\u2019afficher avec authenticit\u00e9 par la parole avec harmonie et diplomatie. Elle permet d&rsquo;apaiser les sautes d&rsquo;humeur et renfonce la confiance en soi. L\u2019Opale Boulder est une pierre associ\u00e9e \u00e0 la\u00a0spiritualit\u00e9. Elle\u00a0symbolise la\u00a0lumi\u00e8re, l&rsquo;espoir, l\u2019apaisement\u00a0et l\u2019harmonie. Selon les croyances, elle favoriserait les\u00a0connexions avec les \u00eatres spirituels et les plans subtils.<\/p>\n<p>_______________________________<\/p>\n<p>Collier boh\u00e8me compos\u00e9 d&rsquo;une pierre d&rsquo;opale boulder mont\u00e9e sur un cordon en cuir marron avec embouts en acier inoxydable et chainette d&rsquo;extension.<\/p>\n<p>Longueur de chaine : 44 cm<br \/>\nLongueur du pendentif : 2.5 cm<br \/>\nLargeur du pendentif : 1.5 cm<br \/>\nChaine d&rsquo;extension de 5 cm<\/p>\n<p>______________________________________<\/p>\n<p>Ce collier sera envoy\u00e9 dans une petite boite en carton avec mousse naturelle.<br \/>\nLes frais de livraison correspondent \u00e0 un envoi en colissimo avec remise contre signature.<\/p>","protected":false},"excerpt":{"rendered":"<p>Collier boh\u00e8me compos\u00e9 d&rsquo;une pierre d&rsquo;opale boulder mont\u00e9e sur un cordon en cuir marron avec embouts en acier inoxydable et chainette d&rsquo;extension.<\/p>\n<p>Longueur de chaine : 44 cm<br \/>\nLongueur du pendentif : 2.5 cm<br \/>\nLargeur du pendentif : 1.5 cm<br \/>\nChaine d&rsquo;extension de 5 cm<\/p>","protected":false},"featured_media":8193,"comment_status":"open","ping_status":"closed","template":"","meta":{"_monsterinsights_skip_tracking":false,"_monsterinsights_sitenote_active":false,"_monsterinsights_sitenote_note":"","_monsterinsights_sitenote_category":0,"neve_meta_sidebar":"","neve_meta_container":"","neve_meta_enable_content_width":"off","neve_meta_content_width":70,"neve_meta_title_alignment":"","neve_meta_author_avatar":"","neve_post_elements_order":"","neve_meta_disable_header":"","neve_meta_disable_footer":"","neve_meta_disable_title":""},"product_brand":[],"product_cat":[482,490],"product_tag":[19,75,363],"class_list":{"0":"post-8236","1":"product","2":"type-product","3":"status-publish","4":"has-post-thumbnail","6":"product_cat-colliers","7":"product_cat-colliers-healing-stone","8":"product_tag-lithotherapie","9":"product_tag-pierre_de_gemmes","10":"product_tag-pierre_naturelle","11":"product_shipping_class-colissimo","13":"first","14":"instock","15":"shipping-taxable","16":"purchasable","17":"product-type-simple"},"jetpack_sharing_enabled":true,"_links":{"self":[{"href":"https:\/\/bohemian-feathers-jewelry.fr\/en\/wp-json\/wp\/v2\/product\/8236","targetHints":{"allow":["GET"]}}],"collection":[{"href":"https:\/\/bohemian-feathers-jewelry.fr\/en\/wp-json\/wp\/v2\/product"}],"about":[{"href":"https:\/\/bohemian-feathers-jewelry.fr\/en\/wp-json\/wp\/v2\/types\/product"}],"replies":[{"embeddable":true,"href":"https:\/\/bohemian-feathers-jewelry.fr\/en\/wp-json\/wp\/v2\/comments?post=8236"}],"version-history":[{"count":1,"href":"https:\/\/bohemian-feathers-jewelry.fr\/en\/wp-json\/wp\/v2\/product\/8236\/revisions"}],"predecessor-version":[{"id":8237,"href":"https:\/\/bohemian-feathers-jewelry.fr\/en\/wp-json\/wp\/v2\/product\/8236\/revisions\/8237"}],"wp:featuredmedia":[{"embeddable":true,"href":"https:\/\/bohemian-feathers-jewelry.fr\/en\/wp-json\/wp\/v2\/media\/8193"}],"wp:attachment":[{"href":"https:\/\/bohemian-feathers-jewelry.fr\/en\/wp-json\/wp\/v2\/media?parent=8236"}],"wp:term":[{"taxonomy":"product_brand","embeddable":true,"href":"https:\/\/bohemian-feathers-jewelry.fr\/en\/wp-json\/wp\/v2\/product_brand?post=8236"},{"taxonomy":"product_cat","embeddable":true,"href":"https:\/\/bohemian-feathers-jewelry.fr\/en\/wp-json\/wp\/v2\/product_cat?post=8236"},{"taxonomy":"product_tag","embeddable":true,"href":"https:\/\/bohemian-feathers-jewelry.fr\/en\/wp-json\/wp\/v2\/product_tag?post=8236"}],"curies":[{"name":"wp","href":"https:\/\/api.w.org\/{rel}","templated":true}]}}