{"id":8207,"date":"2022-05-11T10:49:47","date_gmt":"2022-05-11T08:49:47","guid":{"rendered":"https:\/\/bohemian-feathers-jewelry.fr\/?post_type=product&#038;p=8207"},"modified":"2023-02-13T22:22:53","modified_gmt":"2023-02-13T21:22:53","slug":"collier-arrow-quartz-rose-2","status":"publish","type":"product","link":"https:\/\/bohemian-feathers-jewelry.fr\/en\/product\/collier-arrow-quartz-rose-2\/","title":{"rendered":"Collier Arrow &#8211; Quartz rose"},"content":{"rendered":"<p><span style=\"font-weight: 400;\">Le quartz rose se d\u00e9finit depuis toujours comme la pierre du c\u0153ur, de l\u2019amour et de la paix. Il a le privil\u00e8ge de soulager les maux physiques de notre organe moteur et les troubles de notre centrale \u00e9motionnelle. Par ses vertus d\u00e9toxifiantes et calmantes, le quartz rose diffuse sa douceur sur notre organisme et dans nos relations avec autrui.<\/span><\/p>\n<p>______________________________________<\/p>\n<p>Collier ethnique compos\u00e9 d&rsquo;une t\u00eate de fl\u00e8che sculpt\u00e9e en quartz rose enroul\u00e9e dans un fil de laiton le tout mont\u00e9 sur un cordon de su\u00e9dine gris taupe. Embouts et b\u00e9li\u00e8re en bronze et chainette d&rsquo;extension de 5cm.<\/p>\n<p>Longueur de chaine : 42 cm<br \/>\nLongueur du pendentif : 3.5 cm<br \/>\nLargeur du pendentif : 2 cm<br \/>\nChainette d&rsquo;extension : 5 cm<\/p>\n<p>______________________________________<\/p>\n<p>Les colliers Arrow sont envoy\u00e9s dans de petites boites en carton et mousse naturelle.<br \/>\nLes frais de livraison correspondent \u00e0 un envoi en colissimo avec remise contre signature.<\/p>","protected":false},"excerpt":{"rendered":"<p>Collier ethnique compos\u00e9 d&rsquo;une t\u00eate de fl\u00e8che sculpt\u00e9e en quartz rose enroul\u00e9e dans un fil de laiton le tout mont\u00e9 sur un cordon de su\u00e9dine gris taupe. Embouts et b\u00e9li\u00e8re en bronze et chainette d&rsquo;extension de 5cm.<\/p>\n<p>Longueur de chaine : 42 cm<br \/>\nLongueur du pendentif : 3.5 cm<br \/>\nLargeur du pendentif : 2 cm<br \/>\nChainette d&rsquo;extension : 5 cm<\/p>","protected":false},"featured_media":8178,"comment_status":"open","ping_status":"closed","template":"","meta":{"_monsterinsights_skip_tracking":false,"_monsterinsights_sitenote_active":false,"_monsterinsights_sitenote_note":"","_monsterinsights_sitenote_category":0,"neve_meta_sidebar":"","neve_meta_container":"","neve_meta_enable_content_width":"off","neve_meta_content_width":70,"neve_meta_title_alignment":"","neve_meta_author_avatar":"","neve_post_elements_order":"","neve_meta_disable_header":"","neve_meta_disable_footer":"","neve_meta_disable_title":""},"product_brand":[],"product_cat":[482,794],"product_tag":[260,403,268],"class_list":{"0":"post-8207","1":"product","2":"type-product","3":"status-publish","4":"has-post-thumbnail","6":"product_cat-colliers","7":"product_cat-colliers-ethniques","8":"product_tag-amerindien","9":"product_tag-arrow","10":"product_tag-fleche","11":"product_shipping_class-colissimo","13":"first","14":"outofstock","15":"shipping-taxable","16":"purchasable","17":"product-type-simple"},"jetpack_sharing_enabled":true,"_links":{"self":[{"href":"https:\/\/bohemian-feathers-jewelry.fr\/en\/wp-json\/wp\/v2\/product\/8207","targetHints":{"allow":["GET"]}}],"collection":[{"href":"https:\/\/bohemian-feathers-jewelry.fr\/en\/wp-json\/wp\/v2\/product"}],"about":[{"href":"https:\/\/bohemian-feathers-jewelry.fr\/en\/wp-json\/wp\/v2\/types\/product"}],"replies":[{"embeddable":true,"href":"https:\/\/bohemian-feathers-jewelry.fr\/en\/wp-json\/wp\/v2\/comments?post=8207"}],"version-history":[{"count":2,"href":"https:\/\/bohemian-feathers-jewelry.fr\/en\/wp-json\/wp\/v2\/product\/8207\/revisions"}],"predecessor-version":[{"id":8209,"href":"https:\/\/bohemian-feathers-jewelry.fr\/en\/wp-json\/wp\/v2\/product\/8207\/revisions\/8209"}],"wp:featuredmedia":[{"embeddable":true,"href":"https:\/\/bohemian-feathers-jewelry.fr\/en\/wp-json\/wp\/v2\/media\/8178"}],"wp:attachment":[{"href":"https:\/\/bohemian-feathers-jewelry.fr\/en\/wp-json\/wp\/v2\/media?parent=8207"}],"wp:term":[{"taxonomy":"product_brand","embeddable":true,"href":"https:\/\/bohemian-feathers-jewelry.fr\/en\/wp-json\/wp\/v2\/product_brand?post=8207"},{"taxonomy":"product_cat","embeddable":true,"href":"https:\/\/bohemian-feathers-jewelry.fr\/en\/wp-json\/wp\/v2\/product_cat?post=8207"},{"taxonomy":"product_tag","embeddable":true,"href":"https:\/\/bohemian-feathers-jewelry.fr\/en\/wp-json\/wp\/v2\/product_tag?post=8207"}],"curies":[{"name":"wp","href":"https:\/\/api.w.org\/{rel}","templated":true}]}}