{"id":7997,"date":"2025-09-11T15:24:25","date_gmt":"2025-09-11T13:24:25","guid":{"rendered":"https:\/\/bohemian-feathers-jewelry.fr\/?post_type=product&#038;p=7997"},"modified":"2025-09-14T13:10:01","modified_gmt":"2025-09-14T11:10:01","slug":"cul-de-sac-collection-spring-in-the-shire","status":"publish","type":"product","link":"https:\/\/bohemian-feathers-jewelry.fr\/en\/product\/cul-de-sac-collection-spring-in-the-shire\/","title":{"rendered":"Cul-de-Sac &#8211; Collection Spring in the Shire"},"content":{"rendered":"<p class=\"quoteText\">\u201cIn a hole in the ground there lived a hobbit. Not a nasty, dirty, wet hole, filled with the ends of worms and an oozy smell, nor yet a dry, bare, sandy hole with nothing in it to sit down on or to eat: it was a hobbit-hole, and that means comfort.\u201d<br \/>\n\u2015 <span class=\"authorOrTitle\">J.R.R. Tolkien,\u00a0<\/span><span id=\"quote_book_link_5907\">The Hobbit<\/span><\/p>\n<p>C&rsquo;est avec cette citation que j&rsquo;avais envie de pr\u00e9senter cette nouvelle illustration. Voici donc un dessin que j&rsquo;ai r\u00e9alis\u00e9, d&rsquo;apr\u00e8s une photo trouv\u00e9e sur internet, du village de Hobbiton en Nouvelle Z\u00e9lande.<\/p>\n<p>Ceci est une reproduction de mon dessin r\u00e9alis\u00e9 au feutre fin sur papier. Elle vous est ici propos\u00e9e en impression sur papier textur\u00e9 Canson 200gr.<\/p>\n<p>Vous avez le choix entre 3 tailles :<br \/>\n\u2013 10\u00d715 cm (format carte-postale)<br \/>\n\u2013 15\u00d721 cm (format A5)<br \/>\n\u2013 21\u00d729,7 cm (format A4)<\/p>\n<p>Les reproductions sont imprim\u00e9es \u00e0 la commande et d\u00e9coup\u00e9es \u00e0 la main pour les formats 10\u00d715 cm.<br \/>\nLes envois se font en enveloppes cartonn\u00e9es avec suivi.<\/p>\n<p>Attention le cadre n&rsquo;est pas vendu avec l&rsquo;illustration !<\/p>","protected":false},"excerpt":{"rendered":"<p class=\"quoteText\">\u201cIn a hole in the ground there lived a hobbit. Not a nasty, dirty, wet hole, filled with the ends of worms and an oozy smell, nor yet a dry, bare, sandy hole with nothing in it to sit down on or to eat: it was a hobbit-hole, and that means comfort.\u201d<br \/>\n\u2015 <span class=\"authorOrTitle\">J.R.R. Tolkien,\u00a0<\/span><span id=\"quote_book_link_5907\">The Hobbit<\/span><\/p>\n<p>C&rsquo;est avec cette citation que j&rsquo;avais envie de pr\u00e9senter cette nouvelle illustration. Voici donc un dessin que j&rsquo;ai r\u00e9alis\u00e9, d&rsquo;apr\u00e8s une photo trouv\u00e9e sur internet, du village de Hobbiton en Nouvelle Z\u00e9lande.<\/p>\n<p>Ceci est une reproduction de mon dessin r\u00e9alis\u00e9 au feutre fin sur papier. Elle vous est ici propos\u00e9e en impression sur papier textur\u00e9 Canson 200gr.<\/p>\n<p>Vous avez le choix entre 3 tailles :<br \/>\n\u2013 10\u00d715 cm (format carte-postale)<br \/>\n\u2013 15\u00d721 cm (format A5)<br \/>\n\u2013 21\u00d729,7 cm (format A4)<\/p>\n<p>Les reproductions sont imprim\u00e9es \u00e0 la commande et d\u00e9coup\u00e9es \u00e0 la main pour les formats 10\u00d715 cm.<br \/>\nLes envois se font en enveloppes cartonn\u00e9es avec suivi.<\/p>\n<p>Attention le cadre n&rsquo;est pas vendu avec l&rsquo;illustration !<\/p>","protected":false},"featured_media":7955,"comment_status":"open","ping_status":"closed","template":"","meta":{"_monsterinsights_skip_tracking":false,"_monsterinsights_sitenote_active":false,"_monsterinsights_sitenote_note":"","_monsterinsights_sitenote_category":0,"neve_meta_sidebar":"","neve_meta_container":"","neve_meta_enable_content_width":"off","neve_meta_content_width":70,"neve_meta_title_alignment":"","neve_meta_author_avatar":"","neve_post_elements_order":"","neve_meta_disable_header":"","neve_meta_disable_footer":"","neve_meta_disable_title":""},"product_brand":[],"product_cat":[511,927],"product_tag":[514,513,515,34,37,512,517],"class_list":{"0":"post-7997","1":"product","2":"type-product","3":"status-publish","4":"has-post-thumbnail","6":"product_cat-illustrations","7":"product_cat-paysages","8":"product_tag-art","9":"product_tag-dessin","10":"product_tag-dessin_noir","11":"product_tag-foret","12":"product_tag-hobbit","13":"product_tag-illustration","14":"product_tag-magink_forest","15":"product_shipping_class-envoi-suivi","17":"first","18":"instock","19":"shipping-taxable","20":"purchasable","21":"product-type-variable"},"jetpack_sharing_enabled":true,"_links":{"self":[{"href":"https:\/\/bohemian-feathers-jewelry.fr\/en\/wp-json\/wp\/v2\/product\/7997","targetHints":{"allow":["GET"]}}],"collection":[{"href":"https:\/\/bohemian-feathers-jewelry.fr\/en\/wp-json\/wp\/v2\/product"}],"about":[{"href":"https:\/\/bohemian-feathers-jewelry.fr\/en\/wp-json\/wp\/v2\/types\/product"}],"replies":[{"embeddable":true,"href":"https:\/\/bohemian-feathers-jewelry.fr\/en\/wp-json\/wp\/v2\/comments?post=7997"}],"version-history":[{"count":4,"href":"https:\/\/bohemian-feathers-jewelry.fr\/en\/wp-json\/wp\/v2\/product\/7997\/revisions"}],"predecessor-version":[{"id":9323,"href":"https:\/\/bohemian-feathers-jewelry.fr\/en\/wp-json\/wp\/v2\/product\/7997\/revisions\/9323"}],"wp:featuredmedia":[{"embeddable":true,"href":"https:\/\/bohemian-feathers-jewelry.fr\/en\/wp-json\/wp\/v2\/media\/7955"}],"wp:attachment":[{"href":"https:\/\/bohemian-feathers-jewelry.fr\/en\/wp-json\/wp\/v2\/media?parent=7997"}],"wp:term":[{"taxonomy":"product_brand","embeddable":true,"href":"https:\/\/bohemian-feathers-jewelry.fr\/en\/wp-json\/wp\/v2\/product_brand?post=7997"},{"taxonomy":"product_cat","embeddable":true,"href":"https:\/\/bohemian-feathers-jewelry.fr\/en\/wp-json\/wp\/v2\/product_cat?post=7997"},{"taxonomy":"product_tag","embeddable":true,"href":"https:\/\/bohemian-feathers-jewelry.fr\/en\/wp-json\/wp\/v2\/product_tag?post=7997"}],"curies":[{"name":"wp","href":"https:\/\/api.w.org\/{rel}","templated":true}]}}