{"id":7767,"date":"2022-04-06T15:53:21","date_gmt":"2022-04-06T13:53:21","guid":{"rendered":"https:\/\/bohemian-feathers-jewelry.fr\/?post_type=product&#038;p=7767"},"modified":"2023-09-20T19:35:05","modified_gmt":"2023-09-20T17:35:05","slug":"collier-chrysocolla-wolfhead","status":"publish","type":"product","link":"https:\/\/bohemian-feathers-jewelry.fr\/en\/product\/collier-chrysocolla-wolfhead\/","title":{"rendered":"Collier Chrysocolla WolfHead"},"content":{"rendered":"<p><span style=\"font-weight: 400;\">La chrysocolle est une pierre calme et utile. C&rsquo;est une pierre tr\u00e8s positive, qui renforce l\u2019amiti\u00e9 en d\u00e9tournant les influences n\u00e9gatives. Elle facilite la m\u00e9ditation et la communication. Aide \u00e0 accepter les situations compliqu\u00e9es, en faisant appel \u00e0 sa force int\u00e9rieure. La chrysocolle est une pierre qui redonne confiance en soi. Elle apporte la joie gr\u00e2ce \u00e0 son pouvoir d\u2019absorber les \u00e9motions n\u00e9gatives. La chrysocolle \u00e9limine nos peurs et la n\u00e9gativit\u00e9. Elle redonne confiance \u00e0 ceux qui en manque. Elle diminue les tensions. <\/span><\/p>\n<p>____________________________<\/p>\n<p>Collier boh\u00e8me compos\u00e9 d&rsquo;une tr\u00e8s belle t\u00eate de loup en chrysocolle mont\u00e9e sur un cordon en cuir marron avec embouts en acier inoxydable.<\/p>\n<p>Longueur de cordon : 45 cm<br \/>\nLongueur du pendentif : 3 cm<br \/>\nLargeur du pendentif : 2 cm<\/p>\n<p>____________________________<\/p>\n<p>Les colliers Wolfhead sont envoy\u00e9s dans de petites boites en carton et mousse naturelle.<br \/>\nLes frais de livraison correspondent \u00e0 un envoi en colissimo avec remise contre signature.<\/p>","protected":false},"excerpt":{"rendered":"<p>Collier boh\u00e8me compos\u00e9 d&rsquo;une tr\u00e8s belle t\u00eate de loup en chrysocolle mont\u00e9e sur un cordon en cuir marron avec embouts en acier inoxydable.<\/p>\n<p>Longueur de cordon : 45 cm<br \/>\nLongueur du pendentif : 3 cm<br \/>\nLargeur du pendentif : 2 cm<\/p>","protected":false},"featured_media":7703,"comment_status":"open","ping_status":"closed","template":"","meta":{"_monsterinsights_skip_tracking":false,"_monsterinsights_sitenote_active":false,"_monsterinsights_sitenote_note":"","_monsterinsights_sitenote_category":0,"neve_meta_sidebar":"","neve_meta_container":"","neve_meta_enable_content_width":"off","neve_meta_content_width":70,"neve_meta_title_alignment":"","neve_meta_author_avatar":"","neve_post_elements_order":"","neve_meta_disable_header":"","neve_meta_disable_footer":"","neve_meta_disable_title":""},"product_brand":[],"product_cat":[487,894],"product_tag":[76,80,79,81,78,34,16,73,30,72,75,74],"class_list":{"0":"post-7767","1":"product","2":"type-product","3":"status-publish","4":"has-post-thumbnail","6":"product_cat-collier-loups","7":"product_cat-wolfhead-cordon","8":"product_tag-animal_totem","9":"product_tag-collier_cuir","10":"product_tag-collier_loup","11":"product_tag-collier_tete_de_loup","12":"product_tag-esprit_sauvage","13":"product_tag-foret","14":"product_tag-jewelry","15":"product_tag-loup","16":"product_tag-nature","17":"product_tag-necklace","18":"product_tag-pierre_de_gemmes","19":"product_tag-tete_de_loup","20":"product_shipping_class-colissimo","22":"first","23":"instock","24":"shipping-taxable","25":"purchasable","26":"product-type-simple"},"jetpack_sharing_enabled":true,"_links":{"self":[{"href":"https:\/\/bohemian-feathers-jewelry.fr\/en\/wp-json\/wp\/v2\/product\/7767","targetHints":{"allow":["GET"]}}],"collection":[{"href":"https:\/\/bohemian-feathers-jewelry.fr\/en\/wp-json\/wp\/v2\/product"}],"about":[{"href":"https:\/\/bohemian-feathers-jewelry.fr\/en\/wp-json\/wp\/v2\/types\/product"}],"replies":[{"embeddable":true,"href":"https:\/\/bohemian-feathers-jewelry.fr\/en\/wp-json\/wp\/v2\/comments?post=7767"}],"version-history":[{"count":1,"href":"https:\/\/bohemian-feathers-jewelry.fr\/en\/wp-json\/wp\/v2\/product\/7767\/revisions"}],"predecessor-version":[{"id":7768,"href":"https:\/\/bohemian-feathers-jewelry.fr\/en\/wp-json\/wp\/v2\/product\/7767\/revisions\/7768"}],"wp:featuredmedia":[{"embeddable":true,"href":"https:\/\/bohemian-feathers-jewelry.fr\/en\/wp-json\/wp\/v2\/media\/7703"}],"wp:attachment":[{"href":"https:\/\/bohemian-feathers-jewelry.fr\/en\/wp-json\/wp\/v2\/media?parent=7767"}],"wp:term":[{"taxonomy":"product_brand","embeddable":true,"href":"https:\/\/bohemian-feathers-jewelry.fr\/en\/wp-json\/wp\/v2\/product_brand?post=7767"},{"taxonomy":"product_cat","embeddable":true,"href":"https:\/\/bohemian-feathers-jewelry.fr\/en\/wp-json\/wp\/v2\/product_cat?post=7767"},{"taxonomy":"product_tag","embeddable":true,"href":"https:\/\/bohemian-feathers-jewelry.fr\/en\/wp-json\/wp\/v2\/product_tag?post=7767"}],"curies":[{"name":"wp","href":"https:\/\/api.w.org\/{rel}","templated":true}]}}