{"id":7727,"date":"2022-04-06T15:07:44","date_gmt":"2022-04-06T13:07:44","guid":{"rendered":"https:\/\/bohemian-feathers-jewelry.fr\/?post_type=product&#038;p=7727"},"modified":"2024-10-10T17:21:12","modified_gmt":"2024-10-10T15:21:12","slug":"collier-quartz-bearhead-xl","status":"publish","type":"product","link":"https:\/\/bohemian-feathers-jewelry.fr\/en\/product\/collier-quartz-bearhead-xl\/","title":{"rendered":"Collier Quartz BearHead XL"},"content":{"rendered":"<p><span style=\"font-weight: 400;\">Le cristal de roche ouvre l\u2019esprit aux id\u00e9es nouvelles, les conceptions nouvelles sont alors plus faciles \u00e0 accepter, c\u2019est une pierre id\u00e9ale pour les t\u00eatus et les cart\u00e9siens. Elle permet une forte ouverture \u00e9nerg\u00e9tique au niveau de la t\u00eate ouvrant aux perception subtiles des autres dimensions plus spirituelles le cristal de roche favorisera la m\u00e9diumnie et tout type de sensible subtiles. En la portant un sentiment d\u2019euphorique ou d\u2019invuln\u00e9rabilit\u00e9 peut se pr\u00e9senter.<\/span><\/p>\n<p>_______________________________________<\/p>\n<p>Collier boh\u00e8me compos\u00e9 d&rsquo;une tr\u00e8s belle t\u00eate d&rsquo;ours en cristal de roche le tout mont\u00e9 sur un cordon en cuir beige avec 2 noeuds coulissants. Le collier peut se porter ras du cou comme en sautoir.<\/p>\n<p>Longueur de cordon : 40 72 cm<br \/>\nLongueur du pendentif : 4 cm<br \/>\nLargeur du pendentif : 4 cm<\/p>\n<p>____________________________<\/p>\n<p>Les colliers BearHead sont envoy\u00e9s dans de petites boites en carton et mousse naturelle.<br \/>\nLes frais de livraison correspondent \u00e0 un envoi en colissimo avec remise contre signature.<\/p>","protected":false},"excerpt":{"rendered":"<p>Collier boh\u00e8me compos\u00e9 d&rsquo;une tr\u00e8s belle t\u00eate d&rsquo;ours en cristal de roche le tout mont\u00e9 sur un cordon en cuir beige avec 2 noeuds coulissants. Le collier peut se porter ras du cou comme en sautoir.<\/p>\n<p>Longueur de cordon : 40 72 cm<br \/>\nLongueur du pendentif : 4 cm<br \/>\nLargeur du pendentif : 4 cm<\/p>","protected":false},"featured_media":16041,"comment_status":"open","ping_status":"closed","template":"","meta":{"_monsterinsights_skip_tracking":false,"_monsterinsights_sitenote_active":false,"_monsterinsights_sitenote_note":"","_monsterinsights_sitenote_category":0,"neve_meta_sidebar":"","neve_meta_container":"","neve_meta_enable_content_width":"off","neve_meta_content_width":70,"neve_meta_title_alignment":"","neve_meta_author_avatar":"","neve_post_elements_order":"","neve_meta_disable_header":"","neve_meta_disable_footer":"","neve_meta_disable_title":""},"product_brand":[],"product_cat":[489],"product_tag":[76,92,90,89,16,72,93,94,96,95],"class_list":{"0":"post-7727","1":"product","2":"type-product","3":"status-publish","4":"has-post-thumbnail","6":"product_cat-colliers-ours-bearhead","7":"product_tag-animal_totem","8":"product_tag-collier_animal","9":"product_tag-collier_nature","10":"product_tag-collier_ours","11":"product_tag-jewelry","12":"product_tag-necklace","13":"product_tag-ours","14":"product_tag-pendentif_ours","15":"product_tag-pendentif_ours_pierre","16":"product_tag-pendentif_pierre","17":"product_shipping_class-colissimo","19":"first","20":"instock","21":"shipping-taxable","22":"purchasable","23":"product-type-simple"},"jetpack_sharing_enabled":true,"_links":{"self":[{"href":"https:\/\/bohemian-feathers-jewelry.fr\/en\/wp-json\/wp\/v2\/product\/7727","targetHints":{"allow":["GET"]}}],"collection":[{"href":"https:\/\/bohemian-feathers-jewelry.fr\/en\/wp-json\/wp\/v2\/product"}],"about":[{"href":"https:\/\/bohemian-feathers-jewelry.fr\/en\/wp-json\/wp\/v2\/types\/product"}],"replies":[{"embeddable":true,"href":"https:\/\/bohemian-feathers-jewelry.fr\/en\/wp-json\/wp\/v2\/comments?post=7727"}],"version-history":[{"count":4,"href":"https:\/\/bohemian-feathers-jewelry.fr\/en\/wp-json\/wp\/v2\/product\/7727\/revisions"}],"predecessor-version":[{"id":16071,"href":"https:\/\/bohemian-feathers-jewelry.fr\/en\/wp-json\/wp\/v2\/product\/7727\/revisions\/16071"}],"wp:featuredmedia":[{"embeddable":true,"href":"https:\/\/bohemian-feathers-jewelry.fr\/en\/wp-json\/wp\/v2\/media\/16041"}],"wp:attachment":[{"href":"https:\/\/bohemian-feathers-jewelry.fr\/en\/wp-json\/wp\/v2\/media?parent=7727"}],"wp:term":[{"taxonomy":"product_brand","embeddable":true,"href":"https:\/\/bohemian-feathers-jewelry.fr\/en\/wp-json\/wp\/v2\/product_brand?post=7727"},{"taxonomy":"product_cat","embeddable":true,"href":"https:\/\/bohemian-feathers-jewelry.fr\/en\/wp-json\/wp\/v2\/product_cat?post=7727"},{"taxonomy":"product_tag","embeddable":true,"href":"https:\/\/bohemian-feathers-jewelry.fr\/en\/wp-json\/wp\/v2\/product_tag?post=7727"}],"curies":[{"name":"wp","href":"https:\/\/api.w.org\/{rel}","templated":true}]}}