{"id":74,"date":"2020-02-27T20:50:32","date_gmt":"2020-02-27T19:50:32","guid":{"rendered":"http:\/\/bohemian-feathers-jewelry.fr\/?product=decoration-boheme-flying-key-cle-ailee-plumes-de-canard-perle-cristal-chanvre-serpentard-sorcier-cle-harry-deco-pagan"},"modified":"2021-08-17T10:30:02","modified_gmt":"2021-08-17T08:30:02","slug":"decoration-boheme-flying-key-cle-ailee-plumes-de-canard-perle-cristal-chanvre-serpentard-sorcier-cle-harry-deco-pagan","status":"publish","type":"product","link":"https:\/\/bohemian-feathers-jewelry.fr\/en\/product\/decoration-boheme-flying-key-cle-ailee-plumes-de-canard-perle-cristal-chanvre-serpentard-sorcier-cle-harry-deco-pagan\/","title":{"rendered":"D\u00e9coration boh\u00e8me Flying Key &#8211; Harry Potter"},"content":{"rendered":"<p>\u2a54 Cl\u00e9 volante inspir\u00e9e des livres du sorcier le plus connu au monde \u2a54<\/p>\n<p>Mat\u00e9riaux utilis\u00e9s :<br \/>\nCl\u00e9 chin\u00e9e en brocante, plumes de canard teint\u00e9es, perles en verre de boh\u00e8me et ficelle de chanvre.<\/p>\n<p>Dimensions :<br \/>\n20 cm de haut sur 25 cm de large<br \/>\nCl\u00e9 : 9 cm x 3 cm<\/p>","protected":false},"excerpt":{"rendered":"<p>\u2a54 Cl\u00e9 volante inspir\u00e9e des livres du sorcier le plus connu au monde \u2a54<\/p>\n<p>Mat\u00e9riaux utilis\u00e9s :<br \/>\nCl\u00e9 chin\u00e9e en brocante, plumes de canard teint\u00e9es, perles en verre de boh\u00e8me et ficelle de chanvre.<\/p>\n<p>Dimensions :<br \/>\n20 cm de haut sur 25 cm de large<br \/>\nCl\u00e9 : 9 cm x 3 cm<\/p>","protected":false},"featured_media":961,"comment_status":"open","ping_status":"closed","template":"","meta":{"_monsterinsights_skip_tracking":false,"_monsterinsights_sitenote_active":false,"_monsterinsights_sitenote_note":"","_monsterinsights_sitenote_category":0,"neve_meta_sidebar":"","neve_meta_container":"","neve_meta_enable_content_width":"off","neve_meta_content_width":0,"neve_meta_title_alignment":"","neve_meta_author_avatar":"","neve_post_elements_order":"","neve_meta_disable_header":"","neve_meta_disable_footer":"","neve_meta_disable_title":""},"product_brand":[],"product_cat":[536,496],"product_tag":[216,219,222,224,215,220,225,223,226,214,213,218,217,227,221],"class_list":{"0":"post-74","1":"product","2":"type-product","3":"status-publish","4":"has-post-thumbnail","6":"product_cat-promo","7":"product_cat-deco-interieure","8":"product_tag-chambre_des_secrets","9":"product_tag-cle","10":"product_tag-cle_ailee","11":"product_tag-cle_harry_potter","12":"product_tag-cle_volante","13":"product_tag-deco","14":"product_tag-deco_harry_potter","15":"product_tag-decoration_pagan","16":"product_tag-flying_key","17":"product_tag-home_decor","18":"product_tag-housewares","19":"product_tag-leviosa","20":"product_tag-magie","21":"product_tag-serpentard","22":"product_tag-sorcier","23":"product_shipping_class-colissimo","25":"first","26":"outofstock","27":"sale","28":"shipping-taxable","29":"purchasable","30":"product-type-simple"},"jetpack_sharing_enabled":true,"_links":{"self":[{"href":"https:\/\/bohemian-feathers-jewelry.fr\/en\/wp-json\/wp\/v2\/product\/74","targetHints":{"allow":["GET"]}}],"collection":[{"href":"https:\/\/bohemian-feathers-jewelry.fr\/en\/wp-json\/wp\/v2\/product"}],"about":[{"href":"https:\/\/bohemian-feathers-jewelry.fr\/en\/wp-json\/wp\/v2\/types\/product"}],"replies":[{"embeddable":true,"href":"https:\/\/bohemian-feathers-jewelry.fr\/en\/wp-json\/wp\/v2\/comments?post=74"}],"version-history":[{"count":2,"href":"https:\/\/bohemian-feathers-jewelry.fr\/en\/wp-json\/wp\/v2\/product\/74\/revisions"}],"predecessor-version":[{"id":967,"href":"https:\/\/bohemian-feathers-jewelry.fr\/en\/wp-json\/wp\/v2\/product\/74\/revisions\/967"}],"wp:featuredmedia":[{"embeddable":true,"href":"https:\/\/bohemian-feathers-jewelry.fr\/en\/wp-json\/wp\/v2\/media\/961"}],"wp:attachment":[{"href":"https:\/\/bohemian-feathers-jewelry.fr\/en\/wp-json\/wp\/v2\/media?parent=74"}],"wp:term":[{"taxonomy":"product_brand","embeddable":true,"href":"https:\/\/bohemian-feathers-jewelry.fr\/en\/wp-json\/wp\/v2\/product_brand?post=74"},{"taxonomy":"product_cat","embeddable":true,"href":"https:\/\/bohemian-feathers-jewelry.fr\/en\/wp-json\/wp\/v2\/product_cat?post=74"},{"taxonomy":"product_tag","embeddable":true,"href":"https:\/\/bohemian-feathers-jewelry.fr\/en\/wp-json\/wp\/v2\/product_tag?post=74"}],"curies":[{"name":"wp","href":"https:\/\/api.w.org\/{rel}","templated":true}]}}