{"id":7350,"date":"2022-02-21T15:36:36","date_gmt":"2022-02-21T14:36:36","guid":{"rendered":"https:\/\/bohemian-feathers-jewelry.fr\/?post_type=product&#038;p=7350"},"modified":"2025-11-28T17:34:15","modified_gmt":"2025-11-28T16:34:15","slug":"boucles-doreilles-tiger-eye-angel-wings","status":"publish","type":"product","link":"https:\/\/bohemian-feathers-jewelry.fr\/en\/product\/boucles-doreilles-tiger-eye-angel-wings\/","title":{"rendered":"Boucles d&rsquo;oreilles Tiger Eye Angel Wings"},"content":{"rendered":"<p><span style=\"font-weight: 400;\">L&rsquo;oeil de tigre est une pierre qui donne du dynamisme, aide au contact avec autrui, encourage l&rsquo;amiti\u00e9. L&rsquo;oeil de tigre recentre l\u2019\u00e9nergie et les pens\u00e9es pour les structurer, pour leur donner une logique et de la coh\u00e9rence. Elle encourage celui qui la porte \u00e0 se d\u00e9passer et vaincre ses peurs en toute s\u00e9r\u00e9nit\u00e9. L\u2019\u0153il de tigre\u00a0 donne aussi une grande ind\u00e9pendance d\u2019esprit, de l\u2019autonomie, la libert\u00e9 de penser, avec une grande force de caract\u00e8re, de la confiance en soi et beaucoup de souplesse. Il combat les pens\u00e9es fig\u00e9es. Il permet donc d&rsquo;oser et avancer, d&rsquo;\u00e9voluer.<\/span><\/p>\n<p>__________________<\/p>\n<p>Boucles d&rsquo;oreilles compos\u00e9es de 2 magnifiques oeil de tigre sculpt\u00e9es en forme d&rsquo;ailes mont\u00e9es sur une fine chaine en acier inoxydable.<br \/>\nPierre naturelle. Crochets en acier inoxydable.<\/p>\n<p>Toutes les boucles sont livr\u00e9es avec des embouts en silicone dans un joli sachet en kraft.<\/p>\n<p>Dimensions : 7 cm x 1 cm<\/p>\n<p>_______________________________<\/p>\n<p>Les crochets des boucles peuvent \u00eatre chang\u00e9s sur demande. Ici ce sont des crochets simples qui peuvent \u00eatre remplac\u00e9s par des clips pour oreilles non perc\u00e9es ou de grands crochets pour les oreilles stretch\u00e9es. N&rsquo;h\u00e9sitez pas \u00e0 m&rsquo;envoyer un message avant votre commande si vous avez la moindre question.<\/p>","protected":false},"excerpt":{"rendered":"<p>Boucles d&rsquo;oreilles compos\u00e9es de 2 magnifiques oeil de tigre sculpt\u00e9es en forme d&rsquo;ailes mont\u00e9es sur une fine chaine en acier inoxydable.<br \/>\nPierre naturelle. Crochets en acier inoxydable.<\/p>\n<p>Toutes les boucles sont livr\u00e9es avec des embouts en silicone dans un joli sachet en kraft.<\/p>\n<p>Dimensions : 7 cm x 1 cm<\/p>","protected":false},"featured_media":17059,"comment_status":"open","ping_status":"closed","template":"","meta":{"_monsterinsights_skip_tracking":false,"_monsterinsights_sitenote_active":false,"_monsterinsights_sitenote_note":"","_monsterinsights_sitenote_category":0,"neve_meta_sidebar":"","neve_meta_container":"","neve_meta_enable_content_width":"off","neve_meta_content_width":70,"neve_meta_title_alignment":"","neve_meta_author_avatar":"","neve_post_elements_order":"","neve_meta_disable_header":"","neve_meta_disable_footer":"","neve_meta_disable_title":""},"product_brand":[],"product_cat":[483,787],"product_tag":[419,390],"class_list":{"0":"post-7350","1":"product","2":"type-product","3":"status-publish","4":"has-post-thumbnail","6":"product_cat-boucles-oreilles","7":"product_cat-boucles-doreilles-angel","8":"product_tag-aile","9":"product_tag-ange","10":"product_shipping_class-envoi-suivi","12":"first","13":"instock","14":"shipping-taxable","15":"purchasable","16":"product-type-simple"},"jetpack_sharing_enabled":true,"_links":{"self":[{"href":"https:\/\/bohemian-feathers-jewelry.fr\/en\/wp-json\/wp\/v2\/product\/7350","targetHints":{"allow":["GET"]}}],"collection":[{"href":"https:\/\/bohemian-feathers-jewelry.fr\/en\/wp-json\/wp\/v2\/product"}],"about":[{"href":"https:\/\/bohemian-feathers-jewelry.fr\/en\/wp-json\/wp\/v2\/types\/product"}],"replies":[{"embeddable":true,"href":"https:\/\/bohemian-feathers-jewelry.fr\/en\/wp-json\/wp\/v2\/comments?post=7350"}],"version-history":[{"count":1,"href":"https:\/\/bohemian-feathers-jewelry.fr\/en\/wp-json\/wp\/v2\/product\/7350\/revisions"}],"predecessor-version":[{"id":7351,"href":"https:\/\/bohemian-feathers-jewelry.fr\/en\/wp-json\/wp\/v2\/product\/7350\/revisions\/7351"}],"wp:featuredmedia":[{"embeddable":true,"href":"https:\/\/bohemian-feathers-jewelry.fr\/en\/wp-json\/wp\/v2\/media\/17059"}],"wp:attachment":[{"href":"https:\/\/bohemian-feathers-jewelry.fr\/en\/wp-json\/wp\/v2\/media?parent=7350"}],"wp:term":[{"taxonomy":"product_brand","embeddable":true,"href":"https:\/\/bohemian-feathers-jewelry.fr\/en\/wp-json\/wp\/v2\/product_brand?post=7350"},{"taxonomy":"product_cat","embeddable":true,"href":"https:\/\/bohemian-feathers-jewelry.fr\/en\/wp-json\/wp\/v2\/product_cat?post=7350"},{"taxonomy":"product_tag","embeddable":true,"href":"https:\/\/bohemian-feathers-jewelry.fr\/en\/wp-json\/wp\/v2\/product_tag?post=7350"}],"curies":[{"name":"wp","href":"https:\/\/api.w.org\/{rel}","templated":true}]}}