{"id":73,"date":"2020-02-27T20:50:32","date_gmt":"2020-02-27T19:50:32","guid":{"rendered":"http:\/\/bohemian-feathers-jewelry.fr\/?product=boucles-doreilles-bohemes-jade-feathers-jade-africain-bijou-elfique-elfe-tolkien-nature-wicca-feuille-arbre-navajo"},"modified":"2020-06-02T07:31:24","modified_gmt":"2020-06-02T05:31:24","slug":"boucles-doreilles-bohemes-jade-feathers-jade-africain-bijou-elfique-elfe-tolkien-nature-wicca-feuille-arbre-navajo","status":"publish","type":"product","link":"https:\/\/bohemian-feathers-jewelry.fr\/en\/product\/boucles-doreilles-bohemes-jade-feathers-jade-africain-bijou-elfique-elfe-tolkien-nature-wicca-feuille-arbre-navajo\/","title":{"rendered":"Boucles d&rsquo;oreilles boh\u00e8mes Jade Feathers"},"content":{"rendered":"<p>Le jade, pierre d&rsquo;\u00e9quilibre, favorise la m\u00e9ditation et aide \u00e0 l\u2019ouverture de l\u2019\u00e2me sur le plan spirituel : Harmonie et paix, d\u00e9tente int\u00e9rieure, elle nous aide \u00e0 d\u00e9couvrir la beaut\u00e9 de la cr\u00e9ation sous toutes ses formes, nous rend juste, honn\u00eate et modeste, Encourage \u00e0 devenir ce que l\u2019on est. Suscite l\u2019\u00e9veil du savoir cach\u00e9, renforce et approfondi les liens du c\u0153ur. Il \u00e9carte les mauvais r\u00eaves.<br \/>\n__________________<\/p>\n<p>Boucles d&rsquo;oreilles compos\u00e9es de 2 magnifiques jades sculpt\u00e9es en forme de plumes.<br \/>\nPierre naturelle.<\/p>\n<p>Toutes les boucles sont livr\u00e9es avec des embouts en silicone dans un joli sachet en kraft.<\/p>\n<p>Dimensions : 6 cm x 1 cm<\/p>","protected":false},"excerpt":{"rendered":"<p>Boucles d&rsquo;oreilles compos\u00e9es de 2 magnifiques jades sculpt\u00e9es en forme de plumes.<br \/>\nPierre naturelle.<\/p>\n<p>Toutes les boucles sont livr\u00e9es avec des embouts en silicone dans un joli sachet en kraft.<\/p>\n<p>Dimensions : 6 cm x 1 cm<\/p>","protected":false},"featured_media":836,"comment_status":"open","ping_status":"closed","template":"","meta":{"_monsterinsights_skip_tracking":false,"_monsterinsights_sitenote_active":false,"_monsterinsights_sitenote_note":"","_monsterinsights_sitenote_category":0,"neve_meta_sidebar":"","neve_meta_container":"","neve_meta_enable_content_width":"off","neve_meta_content_width":0,"neve_meta_title_alignment":"","neve_meta_author_avatar":"","neve_post_elements_order":"","neve_meta_disable_header":"","neve_meta_disable_footer":"","neve_meta_disable_title":""},"product_brand":[],"product_cat":[492],"product_tag":[43,55,53,210,211,17,35,51,212,16,30,60,52,36],"class_list":{"0":"post-73","1":"product","2":"type-product","3":"status-publish","4":"has-post-thumbnail","6":"product_cat-boucles-oreilles-bohemes","7":"product_tag-arbre","8":"product_tag-boucles_doreilles_jade","9":"product_tag-boucles_doreilles_navajo","10":"product_tag-boucles_doreilles_vertes","11":"product_tag-boucles_jade","12":"product_tag-earrings","13":"product_tag-elfe","14":"product_tag-elfique","15":"product_tag-jade_vert","16":"product_tag-jewelry","17":"product_tag-nature","18":"product_tag-plume_jade","19":"product_tag-plume_navajo","20":"product_tag-tolkien","21":"product_shipping_class-envoi-suivi","23":"first","24":"outofstock","25":"shipping-taxable","26":"purchasable","27":"product-type-simple"},"jetpack_sharing_enabled":true,"_links":{"self":[{"href":"https:\/\/bohemian-feathers-jewelry.fr\/en\/wp-json\/wp\/v2\/product\/73","targetHints":{"allow":["GET"]}}],"collection":[{"href":"https:\/\/bohemian-feathers-jewelry.fr\/en\/wp-json\/wp\/v2\/product"}],"about":[{"href":"https:\/\/bohemian-feathers-jewelry.fr\/en\/wp-json\/wp\/v2\/types\/product"}],"replies":[{"embeddable":true,"href":"https:\/\/bohemian-feathers-jewelry.fr\/en\/wp-json\/wp\/v2\/comments?post=73"}],"version-history":[{"count":1,"href":"https:\/\/bohemian-feathers-jewelry.fr\/en\/wp-json\/wp\/v2\/product\/73\/revisions"}],"predecessor-version":[{"id":838,"href":"https:\/\/bohemian-feathers-jewelry.fr\/en\/wp-json\/wp\/v2\/product\/73\/revisions\/838"}],"wp:featuredmedia":[{"embeddable":true,"href":"https:\/\/bohemian-feathers-jewelry.fr\/en\/wp-json\/wp\/v2\/media\/836"}],"wp:attachment":[{"href":"https:\/\/bohemian-feathers-jewelry.fr\/en\/wp-json\/wp\/v2\/media?parent=73"}],"wp:term":[{"taxonomy":"product_brand","embeddable":true,"href":"https:\/\/bohemian-feathers-jewelry.fr\/en\/wp-json\/wp\/v2\/product_brand?post=73"},{"taxonomy":"product_cat","embeddable":true,"href":"https:\/\/bohemian-feathers-jewelry.fr\/en\/wp-json\/wp\/v2\/product_cat?post=73"},{"taxonomy":"product_tag","embeddable":true,"href":"https:\/\/bohemian-feathers-jewelry.fr\/en\/wp-json\/wp\/v2\/product_tag?post=73"}],"curies":[{"name":"wp","href":"https:\/\/api.w.org\/{rel}","templated":true}]}}