{"id":7162,"date":"2022-02-15T10:13:55","date_gmt":"2022-02-15T09:13:55","guid":{"rendered":"https:\/\/bohemian-feathers-jewelry.fr\/?post_type=product&#038;p=7162"},"modified":"2025-01-27T12:38:53","modified_gmt":"2025-01-27T11:38:53","slug":"boucles-doreilles-little-moon","status":"publish","type":"product","link":"https:\/\/bohemian-feathers-jewelry.fr\/en\/product\/boucles-doreilles-little-moon\/","title":{"rendered":"Boucles d&rsquo;oreilles Little Moon"},"content":{"rendered":"<p><span style=\"font-weight: 400;\">La pierre de lune stimule l&rsquo;imagination, apporte douceur, po\u00e9sie et sensibilit\u00e9, tout en d\u00e9veloppant l&rsquo;intuition. Cette pierre aide \u00e0 la tol\u00e9rance, \u00e0 \u00e9quilibrer les \u00e9motions. Elle est d&rsquo;un bon soutien pour les nouveaux d\u00e9parts, et encourage les changements. La pierre de lune est la pierre de l&rsquo;espoir et de la puret\u00e9. C\u2019est une pierre tr\u00e8s calmante, apaisante, et un anti-stress.<\/span><\/p>\n<p><span style=\"font-weight: 400;\">En lithoth\u00e9rapie l&rsquo;obsidienne dor\u00e9e est r\u00e9put\u00e9e efficace pour l&rsquo;interrogation de l&rsquo;avenir. Elle conduit dans l&rsquo;avenir et la pass\u00e9, au tr\u00e9fonds de l&rsquo;essence d&rsquo;un probl\u00e8me, montre ce qui est n\u00e9cessaire \u00e0 la gu\u00e9rison, effectu\u00e9e par d&rsquo;autres cristaux. Elle \u00e9limine tout sens de futilit\u00e9 ou conflit d&rsquo;\u00e9go, excluant ainsi toute l&rsquo;implication de l&rsquo;\u00e9go. Elle offre la clart\u00e9 de la direction spirituelle, \u00e9quilibre les champs \u00e9nerg\u00e9tiques, et sert de bouclier contre les \u00e9nergies n\u00e9gatives.<\/span><\/p>\n<p>_______________________________________<\/p>\n<p>Boucles d\u2019oreilles r\u00e9alis\u00e9es enti\u00e8rement \u00e0 la main en fil, chaine et plaques de laiton. Les breloques ont \u00e9t\u00e9 martel\u00e9es \u00e0 la main. Elles sont accompagn\u00e9es de tr\u00e8s belles perles en pierre de lune ou obsidienne dor\u00e9e. Les crochets sont en laiton et les chaines en acier inoxydable.<\/p>\n<p>Dimensions des boucles d\u2019oreilles : 9.5 x 1 cm<br \/>\n3 coloris au choix.<\/p>\n<p>Cr\u00e9ation 100% originale pens\u00e9e, dessin\u00e9e et fabriqu\u00e9e dans mon atelier.<\/p>\n<p>Le laiton, comme tout m\u00e9tal, s\u2019oxyde ou se ternit avec le temps, c\u2019est un m\u00e9tal vivant. Il faut donc comme n\u2019importe quel bijou en prendre soin, \u00e9viter de le laisser dans un lieu humide ou de mettre du parfum dessus. Le cot\u00e9 vieilli peut vous plaire mais si vous pr\u00e9f\u00e9rez retrouver le cot\u00e9 dor\u00e9 il reste tr\u00e8s facile \u00e0 nettoyer ! Dans votre paquet vous trouverez un petit chiffon qui en quelques frottements apportera de l\u2019\u00e9clat \u00e0 votre bijou. A ne pas appliquer sur le cot\u00e9 noirci de la cr\u00e9ation. Ce sont des pi\u00e8ces enti\u00e8rement fait-main artisanalement, de ce fait de l\u00e9g\u00e8res marques peuvent \u00eatre visibles sur l\u2019arri\u00e8re des pendentifs, ce qui ne changent en rien leur aspect une fois port\u00e9s. Chaque pi\u00e8ce est unique.<\/p>\n<p><em>\u201cPasse quelques d\u00e9fauts aux autres, rien n\u2019est parfait dans la nature ; le diamant qui a un d\u00e9faut vaut encore mieux que la pierre brute qui n\u2019en a pas.\u201d Proverbe oriental.<\/em><\/p>\n<p>_______________________________________<\/p>\n<p>Les crochets des boucles peuvent \u00eatre chang\u00e9s sur demande. Ici ce sont des crochets simples qui peuvent \u00eatre remplac\u00e9s par des clips pour oreilles non perc\u00e9es ou de grands crochets pour les oreilles stretch\u00e9es. N\u2019h\u00e9sitez pas \u00e0 m\u2019envoyer un message avant votre commande si vous avez la moindre question.<\/p>\n<p>_______________________________________<\/p>\n<p>Ces boucles d\u2019oreilles seront envoy\u00e9es dans un petit paquet en kraft sur un lit de mousse naturelle.<\/p>","protected":false},"excerpt":{"rendered":"<p>Boucles d\u2019oreilles r\u00e9alis\u00e9es enti\u00e8rement \u00e0 la main en fil, chaine et plaques de laiton. Les breloques ont \u00e9t\u00e9 martel\u00e9es \u00e0 la main. Elles sont accompagn\u00e9es de tr\u00e8s belles perles en pierre de lune ou obsidienne dor\u00e9e. Les crochets sont en laiton et les chaines en acier inoxydable.<\/p>\n<p>Dimensions des boucles d\u2019oreilles : 9.5 x 1 cm<br \/>\n3 coloris au choix.<\/p>\n<p>Cr\u00e9ation 100% originale pens\u00e9e, dessin\u00e9e et fabriqu\u00e9e dans mon atelier.<\/p>\n<p>Le laiton, comme tout m\u00e9tal, s\u2019oxyde ou se ternit avec le temps, c\u2019est un m\u00e9tal vivant. Il faut donc comme n\u2019importe quel bijou en prendre soin, \u00e9viter de le laisser dans un lieu humide ou de mettre du parfum dessus. Le cot\u00e9 vieilli peut vous plaire mais si vous pr\u00e9f\u00e9rez retrouver le cot\u00e9 dor\u00e9 il reste tr\u00e8s facile \u00e0 nettoyer ! Dans votre paquet vous trouverez un petit chiffon qui en quelques frottements apportera de l\u2019\u00e9clat \u00e0 votre bijou. A ne pas appliquer sur le cot\u00e9 noirci de la cr\u00e9ation. Ce sont des pi\u00e8ces enti\u00e8rement fait-main artisanalement, de ce fait de l\u00e9g\u00e8res marques peuvent \u00eatre visibles sur l\u2019arri\u00e8re des pendentifs, ce qui ne changent en rien leur aspect une fois port\u00e9s. Chaque pi\u00e8ce est unique.<\/p>\n<p><em>\u201cPasse quelques d\u00e9fauts aux autres, rien n\u2019est parfait dans la nature ; le diamant qui a un d\u00e9faut vaut encore mieux que la pierre brute qui n\u2019en a pas.\u201d Proverbe oriental.<\/em><\/p>\n<p>_______________________________________<\/p>\n<p>Les crochets des boucles peuvent \u00eatre chang\u00e9s sur demande. Ici ce sont des crochets simples qui peuvent \u00eatre remplac\u00e9s par des clips pour oreilles non perc\u00e9es ou de grands crochets pour les oreilles stretch\u00e9es. N\u2019h\u00e9sitez pas \u00e0 m\u2019envoyer un message avant votre commande si vous avez la moindre question.<\/p>\n<p>_______________________________________<\/p>\n<p>Ces boucles d\u2019oreilles seront envoy\u00e9es dans un petit paquet en kraft sur un lit de mousse naturelle.<\/p>","protected":false},"featured_media":7072,"comment_status":"open","ping_status":"closed","template":"","meta":{"_monsterinsights_skip_tracking":false,"_monsterinsights_sitenote_active":false,"_monsterinsights_sitenote_note":"","_monsterinsights_sitenote_category":0,"neve_meta_sidebar":"","neve_meta_container":"","neve_meta_enable_content_width":"off","neve_meta_content_width":70,"neve_meta_title_alignment":"","neve_meta_author_avatar":"","neve_post_elements_order":"","neve_meta_disable_header":"","neve_meta_disable_footer":"","neve_meta_disable_title":""},"product_brand":[],"product_cat":[536,773,483],"product_tag":[],"class_list":{"0":"post-7162","1":"product","2":"type-product","3":"status-publish","4":"has-post-thumbnail","6":"product_cat-promo","7":"product_cat-collection-moon-magic","8":"product_cat-boucles-oreilles","9":"product_shipping_class-envoi-suivi","11":"first","12":"instock","13":"sale","14":"shipping-taxable","15":"purchasable","16":"product-type-variable"},"jetpack_sharing_enabled":true,"_links":{"self":[{"href":"https:\/\/bohemian-feathers-jewelry.fr\/en\/wp-json\/wp\/v2\/product\/7162","targetHints":{"allow":["GET"]}}],"collection":[{"href":"https:\/\/bohemian-feathers-jewelry.fr\/en\/wp-json\/wp\/v2\/product"}],"about":[{"href":"https:\/\/bohemian-feathers-jewelry.fr\/en\/wp-json\/wp\/v2\/types\/product"}],"replies":[{"embeddable":true,"href":"https:\/\/bohemian-feathers-jewelry.fr\/en\/wp-json\/wp\/v2\/comments?post=7162"}],"version-history":[{"count":3,"href":"https:\/\/bohemian-feathers-jewelry.fr\/en\/wp-json\/wp\/v2\/product\/7162\/revisions"}],"predecessor-version":[{"id":7250,"href":"https:\/\/bohemian-feathers-jewelry.fr\/en\/wp-json\/wp\/v2\/product\/7162\/revisions\/7250"}],"wp:featuredmedia":[{"embeddable":true,"href":"https:\/\/bohemian-feathers-jewelry.fr\/en\/wp-json\/wp\/v2\/media\/7072"}],"wp:attachment":[{"href":"https:\/\/bohemian-feathers-jewelry.fr\/en\/wp-json\/wp\/v2\/media?parent=7162"}],"wp:term":[{"taxonomy":"product_brand","embeddable":true,"href":"https:\/\/bohemian-feathers-jewelry.fr\/en\/wp-json\/wp\/v2\/product_brand?post=7162"},{"taxonomy":"product_cat","embeddable":true,"href":"https:\/\/bohemian-feathers-jewelry.fr\/en\/wp-json\/wp\/v2\/product_cat?post=7162"},{"taxonomy":"product_tag","embeddable":true,"href":"https:\/\/bohemian-feathers-jewelry.fr\/en\/wp-json\/wp\/v2\/product_tag?post=7162"}],"curies":[{"name":"wp","href":"https:\/\/api.w.org\/{rel}","templated":true}]}}