{"id":69,"date":"2020-03-01T20:50:31","date_gmt":"2020-03-01T19:50:31","guid":{"rendered":"http:\/\/bohemian-feathers-jewelry.fr\/?product=collier-tiger-eye-wolfhead-tete-de-loup-en-oeil-de-tigre-gypsy-hippie-nature-animal-totem-loup-cuir"},"modified":"2021-07-22T23:00:18","modified_gmt":"2021-07-22T21:00:18","slug":"collier-tiger-eye-wolfhead-tete-de-loup-en-oeil-de-tigre-gypsy-hippie-nature-animal-totem-loup-cuir","status":"publish","type":"product","link":"https:\/\/bohemian-feathers-jewelry.fr\/en\/product\/collier-tiger-eye-wolfhead-tete-de-loup-en-oeil-de-tigre-gypsy-hippie-nature-animal-totem-loup-cuir\/","title":{"rendered":"Collier Tiger Eye WolfHead"},"content":{"rendered":"<p>L\u2019\u0153il de tigre nous procure, dynamisme, confiance en soi, souplesse et ind\u00e9pendance d&rsquo;esprit. Il donne l\u2019envie et la force d\u2019atteindre des objectifs fix\u00e9s en se surpassant. Il favorise \u00e9galement le sens du contact et de l&rsquo;amiti\u00e9. C\u2019est une pierre de mobilit\u00e9 par excellence, sur tous les plans.<br \/>\n____________________________<\/p>\n<p>Ras de cou boh\u00e8me compos\u00e9 d&rsquo;une tr\u00e8s belle t\u00eate de loup en oeil de tigre mont\u00e9e sur un cordon en cuir naturel.<\/p>\n<p>Longueur de cordon : 45 cm<br \/>\nLongueur du pendentif : 5 cm<br \/>\nLargeur du pendentif : 3.5 cm<br \/>\nChainette d&rsquo;extension de 5 cm<\/p>\n<p>____________________________<\/p>\n<p>Les colliers Wolfhead sont envoy\u00e9s dans de petites boites en carton et mousse naturelle.<br \/>\nLes frais de livraison correspondent \u00e0 un envoi en colissimo avec remise contre signature.<\/p>","protected":false},"excerpt":{"rendered":"<p>Ras de cou boh\u00e8me compos\u00e9 d&rsquo;une tr\u00e8s belle t\u00eate de loup en oeil de tigre mont\u00e9e sur un cordon en cuir naturel.<\/p>\n<p>Longueur de cordon : 45 cm<br \/>\nLongueur du pendentif : 5 cm<br \/>\nLargeur du pendentif : 3.5 cm<br \/>\nChainette d&rsquo;extension de 5 cm<\/p>","protected":false},"featured_media":850,"comment_status":"open","ping_status":"closed","template":"","meta":{"_monsterinsights_skip_tracking":false,"_monsterinsights_sitenote_active":false,"_monsterinsights_sitenote_note":"","_monsterinsights_sitenote_category":0,"neve_meta_sidebar":"","neve_meta_container":"","neve_meta_enable_content_width":"off","neve_meta_content_width":0,"neve_meta_title_alignment":"","neve_meta_author_avatar":"","neve_post_elements_order":"","neve_meta_disable_header":"","neve_meta_disable_footer":"","neve_meta_disable_title":""},"product_brand":[],"product_cat":[487],"product_tag":[76,80,79,81,78,34,16,73,206,200,30,72,75,77,74],"class_list":{"0":"post-69","1":"product","2":"type-product","3":"status-publish","4":"has-post-thumbnail","6":"product_cat-collier-loups","7":"product_tag-animal_totem","8":"product_tag-collier_cuir","9":"product_tag-collier_loup","10":"product_tag-collier_tete_de_loup","11":"product_tag-esprit_sauvage","12":"product_tag-foret","13":"product_tag-jewelry","14":"product_tag-loup","15":"product_tag-loup_oeil_de_tigre","16":"product_tag-loup_roux","17":"product_tag-nature","18":"product_tag-necklace","19":"product_tag-pierre_de_gemmes","20":"product_tag-sioux_navajo","21":"product_tag-tete_de_loup","22":"product_shipping_class-colissimo","24":"first","25":"outofstock","26":"shipping-taxable","27":"purchasable","28":"product-type-simple"},"jetpack_sharing_enabled":true,"_links":{"self":[{"href":"https:\/\/bohemian-feathers-jewelry.fr\/en\/wp-json\/wp\/v2\/product\/69","targetHints":{"allow":["GET"]}}],"collection":[{"href":"https:\/\/bohemian-feathers-jewelry.fr\/en\/wp-json\/wp\/v2\/product"}],"about":[{"href":"https:\/\/bohemian-feathers-jewelry.fr\/en\/wp-json\/wp\/v2\/types\/product"}],"replies":[{"embeddable":true,"href":"https:\/\/bohemian-feathers-jewelry.fr\/en\/wp-json\/wp\/v2\/comments?post=69"}],"version-history":[{"count":3,"href":"https:\/\/bohemian-feathers-jewelry.fr\/en\/wp-json\/wp\/v2\/product\/69\/revisions"}],"predecessor-version":[{"id":2562,"href":"https:\/\/bohemian-feathers-jewelry.fr\/en\/wp-json\/wp\/v2\/product\/69\/revisions\/2562"}],"wp:featuredmedia":[{"embeddable":true,"href":"https:\/\/bohemian-feathers-jewelry.fr\/en\/wp-json\/wp\/v2\/media\/850"}],"wp:attachment":[{"href":"https:\/\/bohemian-feathers-jewelry.fr\/en\/wp-json\/wp\/v2\/media?parent=69"}],"wp:term":[{"taxonomy":"product_brand","embeddable":true,"href":"https:\/\/bohemian-feathers-jewelry.fr\/en\/wp-json\/wp\/v2\/product_brand?post=69"},{"taxonomy":"product_cat","embeddable":true,"href":"https:\/\/bohemian-feathers-jewelry.fr\/en\/wp-json\/wp\/v2\/product_cat?post=69"},{"taxonomy":"product_tag","embeddable":true,"href":"https:\/\/bohemian-feathers-jewelry.fr\/en\/wp-json\/wp\/v2\/product_tag?post=69"}],"curies":[{"name":"wp","href":"https:\/\/api.w.org\/{rel}","templated":true}]}}