{"id":61,"date":"2020-02-27T20:50:28","date_gmt":"2020-02-27T19:50:28","guid":{"rendered":"http:\/\/bohemian-feathers-jewelry.fr\/?product=boucles-doreilles-bohemes-green-opale-leafs-opale-verte-bijou-elfique-elfe-tolkien-nature-wicca-feuille-arbre"},"modified":"2020-07-27T15:11:11","modified_gmt":"2020-07-27T13:11:11","slug":"boucles-doreilles-bohemes-green-opale-leafs-opale-verte-bijou-elfique-elfe-tolkien-nature-wicca-feuille-arbre","status":"publish","type":"product","link":"https:\/\/bohemian-feathers-jewelry.fr\/en\/product\/boucles-doreilles-bohemes-green-opale-leafs-opale-verte-bijou-elfique-elfe-tolkien-nature-wicca-feuille-arbre\/","title":{"rendered":"Boucles d&rsquo;oreilles Green Opale Leafs"},"content":{"rendered":"<p>L&rsquo;Opale verte fossilis\u00e9e est li\u00e9e \u00e0 \u00ab l&rsquo;\u00e9nergie-argent \u00bb. Elle dissout tous les barrages, conscients et inconscients que vous avez face \u00e0 la prosp\u00e9rit\u00e9. Elle favorise la circulation de cette \u00e9nergie dans votre vie. Elle dissout la peur du manque et de l&rsquo;inconnu. Elle apporte un profond l\u00e2cher-prise qui constitue le seul moyen de lib\u00e9rer cette \u00e9nergie, et vous permet de lutter contre la d\u00e9valorisation personnelle.<br \/>\n__________________________________<\/p>\n<p>Boucles d&rsquo;oreilles compos\u00e9es de 2 magnifiques opale verte sculpt\u00e9es en forme de feuilles.<br \/>\nPierre naturelle. Laiton.<\/p>\n<p>Toutes les boucles sont livr\u00e9es avec des embouts en silicone dans un joli sachet en kraft.<\/p>\n<p>Dimensions : 6 cm x 2.5 cm<\/p>","protected":false},"excerpt":{"rendered":"<p>Boucles d&rsquo;oreilles compos\u00e9es de 2 magnifiques opale verte sculpt\u00e9es en forme de feuilles.<br \/>\nPierre naturelle. Laiton.<\/p>\n<p>Toutes les boucles sont livr\u00e9es avec des embouts en silicone dans un joli sachet en kraft.<\/p>\n<p>Dimensions : 6 cm x 2.5 cm<\/p>","protected":false},"featured_media":671,"comment_status":"open","ping_status":"closed","template":"","meta":{"_monsterinsights_skip_tracking":false,"_monsterinsights_sitenote_active":false,"_monsterinsights_sitenote_note":"","_monsterinsights_sitenote_category":0,"neve_meta_sidebar":"","neve_meta_container":"","neve_meta_enable_content_width":"off","neve_meta_content_width":0,"neve_meta_title_alignment":"","neve_meta_author_avatar":"","neve_post_elements_order":"","neve_meta_disable_header":"","neve_meta_disable_footer":"","neve_meta_disable_title":""},"product_brand":[],"product_cat":[491],"product_tag":[43,154,186,44,17,35,40,187,37,16,30,155,36,190],"class_list":{"0":"post-61","1":"product","2":"type-product","3":"status-publish","4":"has-post-thumbnail","6":"product_cat-boucles-oreilles-leaves","7":"product_tag-arbre","8":"product_tag-arwen","9":"product_tag-boucles_doreilles_elfe","10":"product_tag-boucles_doreilles_feuille","11":"product_tag-earrings","12":"product_tag-elfe","13":"product_tag-feuille","14":"product_tag-feuille_opale","15":"product_tag-hobbit","16":"product_tag-jewelry","17":"product_tag-nature","18":"product_tag-tauriel","19":"product_tag-tolkien","20":"product_tag-vert","21":"product_shipping_class-envoi-suivi","23":"first","24":"outofstock","25":"sale","26":"shipping-taxable","27":"purchasable","28":"product-type-simple"},"jetpack_sharing_enabled":true,"_links":{"self":[{"href":"https:\/\/bohemian-feathers-jewelry.fr\/en\/wp-json\/wp\/v2\/product\/61","targetHints":{"allow":["GET"]}}],"collection":[{"href":"https:\/\/bohemian-feathers-jewelry.fr\/en\/wp-json\/wp\/v2\/product"}],"about":[{"href":"https:\/\/bohemian-feathers-jewelry.fr\/en\/wp-json\/wp\/v2\/types\/product"}],"replies":[{"embeddable":true,"href":"https:\/\/bohemian-feathers-jewelry.fr\/en\/wp-json\/wp\/v2\/comments?post=61"}],"version-history":[{"count":2,"href":"https:\/\/bohemian-feathers-jewelry.fr\/en\/wp-json\/wp\/v2\/product\/61\/revisions"}],"predecessor-version":[{"id":1405,"href":"https:\/\/bohemian-feathers-jewelry.fr\/en\/wp-json\/wp\/v2\/product\/61\/revisions\/1405"}],"wp:featuredmedia":[{"embeddable":true,"href":"https:\/\/bohemian-feathers-jewelry.fr\/en\/wp-json\/wp\/v2\/media\/671"}],"wp:attachment":[{"href":"https:\/\/bohemian-feathers-jewelry.fr\/en\/wp-json\/wp\/v2\/media?parent=61"}],"wp:term":[{"taxonomy":"product_brand","embeddable":true,"href":"https:\/\/bohemian-feathers-jewelry.fr\/en\/wp-json\/wp\/v2\/product_brand?post=61"},{"taxonomy":"product_cat","embeddable":true,"href":"https:\/\/bohemian-feathers-jewelry.fr\/en\/wp-json\/wp\/v2\/product_cat?post=61"},{"taxonomy":"product_tag","embeddable":true,"href":"https:\/\/bohemian-feathers-jewelry.fr\/en\/wp-json\/wp\/v2\/product_tag?post=61"}],"curies":[{"name":"wp","href":"https:\/\/api.w.org\/{rel}","templated":true}]}}