{"id":5282,"date":"2023-06-21T18:32:46","date_gmt":"2023-06-21T16:32:46","guid":{"rendered":"https:\/\/bohemian-feathers-jewelry.fr\/?post_type=product&#038;p=5282"},"modified":"2023-06-21T18:33:05","modified_gmt":"2023-06-21T16:33:05","slug":"bracelet-a-nouer-bohemian-summer-buffle","status":"publish","type":"product","link":"https:\/\/bohemian-feathers-jewelry.fr\/en\/product\/bracelet-a-nouer-bohemian-summer-buffle\/","title":{"rendered":"Bracelet \u00e0 nouer Bohemian Summer &#8211; Buffle"},"content":{"rendered":"<p>Bracelet \u00e0 nouer au poignet compos\u00e9 d&rsquo;un grand ruban de soie teint\u00e9 dans des tons de rose, jaune et vert. Une breloque t\u00eate de buffle et 4 perles en m\u00e9tal argent\u00e9 sont dispos\u00e9es le long du ruban. Vous pouvez les faire glisser le long du ruban pour moduler le bracelet comme vous le souhaitez.<\/p>\n<p>Vous pouvez aussi le porter en collier ou sautoir. Tout est possible il suffit d&rsquo;enrouler et de nouer !<\/p>\n<p>Longueur : 90 cm.<\/p>\n<p>______________________________<\/p>\n<p>Tous les bracelets sont livr\u00e9es dans un joli sachet en kraft.<\/p>","protected":false},"excerpt":{"rendered":"<p>Bracelet \u00e0 nouer au poignet compos\u00e9 d&rsquo;un grand ruban de soie teint\u00e9 dans des tons de rose, jaune et vert. Une breloque t\u00eate de buffle et 4 perles en m\u00e9tal argent\u00e9 sont dispos\u00e9es le long du ruban. Vous pouvez les faire glisser le long du ruban pour moduler le bracelet comme vous le souhaitez.<\/p>\n<p>Vous pouvez aussi le porter en collier ou sautoir. Tout est possible il suffit d&rsquo;enrouler et de nouer !<\/p>\n<p>Longueur : 90 cm.<\/p>\n<p>______________________________<\/p>\n<p>Tous les bracelets sont livr\u00e9es dans un joli sachet en kraft.<\/p>","protected":false},"featured_media":12621,"comment_status":"open","ping_status":"closed","template":"","meta":{"_monsterinsights_skip_tracking":false,"_monsterinsights_sitenote_active":false,"_monsterinsights_sitenote_note":"","_monsterinsights_sitenote_category":0,"neve_meta_sidebar":"","neve_meta_container":"","neve_meta_enable_content_width":"off","neve_meta_content_width":70,"neve_meta_title_alignment":"","neve_meta_author_avatar":"","neve_post_elements_order":"","neve_meta_disable_header":"","neve_meta_disable_footer":"","neve_meta_disable_title":""},"product_brand":[],"product_cat":[484],"product_tag":[875,873,874],"class_list":{"0":"post-5282","1":"product","2":"type-product","3":"status-publish","4":"has-post-thumbnail","6":"product_cat-bracelets","7":"product_tag-bracelet-boheme","8":"product_tag-bracelet-soie","9":"product_tag-soie-teintee","10":"product_shipping_class-envoi-suivi","12":"first","13":"instock","14":"shipping-taxable","15":"purchasable","16":"product-type-simple"},"jetpack_sharing_enabled":true,"_links":{"self":[{"href":"https:\/\/bohemian-feathers-jewelry.fr\/en\/wp-json\/wp\/v2\/product\/5282","targetHints":{"allow":["GET"]}}],"collection":[{"href":"https:\/\/bohemian-feathers-jewelry.fr\/en\/wp-json\/wp\/v2\/product"}],"about":[{"href":"https:\/\/bohemian-feathers-jewelry.fr\/en\/wp-json\/wp\/v2\/types\/product"}],"replies":[{"embeddable":true,"href":"https:\/\/bohemian-feathers-jewelry.fr\/en\/wp-json\/wp\/v2\/comments?post=5282"}],"version-history":[{"count":1,"href":"https:\/\/bohemian-feathers-jewelry.fr\/en\/wp-json\/wp\/v2\/product\/5282\/revisions"}],"predecessor-version":[{"id":5283,"href":"https:\/\/bohemian-feathers-jewelry.fr\/en\/wp-json\/wp\/v2\/product\/5282\/revisions\/5283"}],"wp:featuredmedia":[{"embeddable":true,"href":"https:\/\/bohemian-feathers-jewelry.fr\/en\/wp-json\/wp\/v2\/media\/12621"}],"wp:attachment":[{"href":"https:\/\/bohemian-feathers-jewelry.fr\/en\/wp-json\/wp\/v2\/media?parent=5282"}],"wp:term":[{"taxonomy":"product_brand","embeddable":true,"href":"https:\/\/bohemian-feathers-jewelry.fr\/en\/wp-json\/wp\/v2\/product_brand?post=5282"},{"taxonomy":"product_cat","embeddable":true,"href":"https:\/\/bohemian-feathers-jewelry.fr\/en\/wp-json\/wp\/v2\/product_cat?post=5282"},{"taxonomy":"product_tag","embeddable":true,"href":"https:\/\/bohemian-feathers-jewelry.fr\/en\/wp-json\/wp\/v2\/product_tag?post=5282"}],"curies":[{"name":"wp","href":"https:\/\/api.w.org\/{rel}","templated":true}]}}