{"id":5142,"date":"2021-06-14T12:50:20","date_gmt":"2021-06-14T10:50:20","guid":{"rendered":"https:\/\/bohemian-feathers-jewelry.fr\/?post_type=product&#038;p=5142"},"modified":"2021-07-21T13:11:29","modified_gmt":"2021-07-21T11:11:29","slug":"collier-pyrite-quartz-wolfhead-2","status":"publish","type":"product","link":"https:\/\/bohemian-feathers-jewelry.fr\/en\/product\/collier-pyrite-quartz-wolfhead-2\/","title":{"rendered":"Collier Pyrite &#038; Quartz WolfHead"},"content":{"rendered":"<p><span style=\"font-weight: 400;\">Sur le plan mental en lithoth\u00e9rapie, la pyrite offre un \u00e9clat qui lui est propre, \u00e0 la fois m\u00e9tallique qui en fait une pierre r\u00e9ellement physique, mais aussi sa couleur dor\u00e9e qui en fait une pierre intellectuelle et spirituelle. Il n\u2019est pas rare de constater ses c\u00f4t\u00e9s concrets, rigoureux, durs et constructifs. La pyrite offre l\u2019organisation \u00e0 ceux qui la portent et qui ont des difficult\u00e9s dans ce domaine.<\/span><\/p>\n<p><span style=\"font-weight: 400;\">La pierre pyrite est \u00e9galement un tr\u00e8s important stimulateur de m\u00e9moire et permet en m\u00eame temps de se relier aux capacit\u00e9s cr\u00e9atives de la personne. Elle offre cette alliance entre le feu et le fer, elle permet de se dynamiser et d\u2019imprimer les \u00e9nergies vives du magma de la terre.<\/span><\/p>\n<p>____________________________<\/p>\n<p>Collier boh\u00e8me compos\u00e9 d&rsquo;une tr\u00e8s belle t\u00eate de loup en quartz avec inclusions de pyrite mont\u00e9e sur un cordon en cuir beige avec embouts en acier inoxydable.<\/p>\n<p>Longueur de cordon : 45 cm<br \/>\nLongueur du pendentif : 2.4 cm<br \/>\nLargeur du pendentif : 1.7 cm<\/p>\n<p>____________________________<\/p>\n<p>Les colliers Wolfhead sont envoy\u00e9s dans de petites boites en carton et mousse naturelle.<br \/>\nLes frais de livraison correspondent \u00e0 un envoi en colissimo avec remise contre signature.<\/p>","protected":false},"excerpt":{"rendered":"<p>Collier boh\u00e8me compos\u00e9 d&rsquo;une tr\u00e8s belle t\u00eate de loup en quartz avec inclusions de pyrite mont\u00e9e sur un cordon en cuir beige avec embouts en acier inoxydable.<\/p>\n<p>Longueur de cordon : 45 cm<br \/>\nLongueur du pendentif : 2.4 cm<br \/>\nLargeur du pendentif : 1.7 cm<\/p>","protected":false},"featured_media":5190,"comment_status":"open","ping_status":"closed","template":"","meta":{"_monsterinsights_skip_tracking":false,"_monsterinsights_sitenote_active":false,"_monsterinsights_sitenote_note":"","_monsterinsights_sitenote_category":0,"neve_meta_sidebar":"","neve_meta_container":"","neve_meta_enable_content_width":"off","neve_meta_content_width":0,"neve_meta_title_alignment":"","neve_meta_author_avatar":"","neve_post_elements_order":"","neve_meta_disable_header":"","neve_meta_disable_footer":"","neve_meta_disable_title":""},"product_brand":[],"product_cat":[487],"product_tag":[76,80,79,81,78,34,16,73,30,72,75,74],"class_list":{"0":"post-5142","1":"product","2":"type-product","3":"status-publish","4":"has-post-thumbnail","6":"product_cat-collier-loups","7":"product_tag-animal_totem","8":"product_tag-collier_cuir","9":"product_tag-collier_loup","10":"product_tag-collier_tete_de_loup","11":"product_tag-esprit_sauvage","12":"product_tag-foret","13":"product_tag-jewelry","14":"product_tag-loup","15":"product_tag-nature","16":"product_tag-necklace","17":"product_tag-pierre_de_gemmes","18":"product_tag-tete_de_loup","19":"product_shipping_class-colissimo","21":"first","22":"outofstock","23":"shipping-taxable","24":"purchasable","25":"product-type-simple"},"jetpack_sharing_enabled":true,"_links":{"self":[{"href":"https:\/\/bohemian-feathers-jewelry.fr\/en\/wp-json\/wp\/v2\/product\/5142","targetHints":{"allow":["GET"]}}],"collection":[{"href":"https:\/\/bohemian-feathers-jewelry.fr\/en\/wp-json\/wp\/v2\/product"}],"about":[{"href":"https:\/\/bohemian-feathers-jewelry.fr\/en\/wp-json\/wp\/v2\/types\/product"}],"replies":[{"embeddable":true,"href":"https:\/\/bohemian-feathers-jewelry.fr\/en\/wp-json\/wp\/v2\/comments?post=5142"}],"version-history":[{"count":1,"href":"https:\/\/bohemian-feathers-jewelry.fr\/en\/wp-json\/wp\/v2\/product\/5142\/revisions"}],"predecessor-version":[{"id":5143,"href":"https:\/\/bohemian-feathers-jewelry.fr\/en\/wp-json\/wp\/v2\/product\/5142\/revisions\/5143"}],"wp:featuredmedia":[{"embeddable":true,"href":"https:\/\/bohemian-feathers-jewelry.fr\/en\/wp-json\/wp\/v2\/media\/5190"}],"wp:attachment":[{"href":"https:\/\/bohemian-feathers-jewelry.fr\/en\/wp-json\/wp\/v2\/media?parent=5142"}],"wp:term":[{"taxonomy":"product_brand","embeddable":true,"href":"https:\/\/bohemian-feathers-jewelry.fr\/en\/wp-json\/wp\/v2\/product_brand?post=5142"},{"taxonomy":"product_cat","embeddable":true,"href":"https:\/\/bohemian-feathers-jewelry.fr\/en\/wp-json\/wp\/v2\/product_cat?post=5142"},{"taxonomy":"product_tag","embeddable":true,"href":"https:\/\/bohemian-feathers-jewelry.fr\/en\/wp-json\/wp\/v2\/product_tag?post=5142"}],"curies":[{"name":"wp","href":"https:\/\/api.w.org\/{rel}","templated":true}]}}