{"id":48,"date":"2020-03-01T20:50:23","date_gmt":"2020-03-01T19:50:23","guid":{"rendered":"http:\/\/bohemian-feathers-jewelry.fr\/?product=collier-boheme-amethyste-wolfhead-tete-de-loup-en-amethyste-gypsy-hippie-nature-animal-totem-plume"},"modified":"2020-07-23T21:33:55","modified_gmt":"2020-07-23T19:33:55","slug":"collier-boheme-amethyste-wolfhead-tete-de-loup-en-amethyste-gypsy-hippie-nature-animal-totem-plume","status":"publish","type":"product","link":"https:\/\/bohemian-feathers-jewelry.fr\/en\/product\/collier-boheme-amethyste-wolfhead-tete-de-loup-en-amethyste-gypsy-hippie-nature-animal-totem-plume\/","title":{"rendered":"Collier Boh\u00e8me Amethyste WolfHead"},"content":{"rendered":"<p>L&rsquo;am\u00e9thyste est la pierre de la sagesse et de l&rsquo;humilit\u00e9. L&rsquo;amethyste favorise l&rsquo;\u00e9l\u00e9vation spirituelle, la concentration et la m\u00e9ditation. C&rsquo;est la pierre qui stimule l&rsquo;imagination, la cr\u00e9ativit\u00e9, la clart\u00e9 de l&rsquo;esprit, la s\u00e9r\u00e9nit\u00e9. L&rsquo;am\u00e9thyste pierre naturelle apaiserait les angoisses et les col\u00e8res.<br \/>\n_____________________________________<\/p>\n<p>Collier boh\u00e8me compos\u00e9 d&rsquo;une tr\u00e8s belle t\u00eate de loup en am\u00e9thyste sculpt\u00e9e \u00e0 la main, le tout mont\u00e9 sur une chaine en laiton et agr\u00e9ment\u00e9e de 6 perles en am\u00e9thyste et de 2 breloques plume.<\/p>\n<p>Longueur de chaine : 40 cm<br \/>\nLongueur du pendentif : 7.5 cm<br \/>\nLargeur du pendentif : 3.5 cm<\/p>\n<p>La t\u00eate de loup mesure 2.5 cm sur 3.5 cm.<\/p>\n<p>____________________________<\/p>\n<p>Les colliers Wolfhead sont envoy\u00e9s dans de petites boites en carton et sur un lit de mousse naturelle.<br \/>\nLes frais de livraison correspondent \u00e0 un envoi en colissimo avec remise contre signature.<\/p>","protected":false},"excerpt":{"rendered":"<p>Collier boh\u00e8me compos\u00e9 d&rsquo;une tr\u00e8s belle t\u00eate de loup en am\u00e9thyste sculpt\u00e9e \u00e0 la main, le tout mont\u00e9 sur une chaine en laiton et agr\u00e9ment\u00e9e de 6 perles en am\u00e9thyste et de 2 breloques plume.<\/p>\n<p>Longueur de chaine : 40 cm<br \/>\nLongueur du pendentif : 7.5 cm<br \/>\nLargeur du pendentif : 3.5 cm<\/p>\n<p>La t\u00eate de loup mesure 2.5 cm sur 3.5 cm.<\/p>","protected":false},"featured_media":693,"comment_status":"open","ping_status":"closed","template":"","meta":{"_monsterinsights_skip_tracking":false,"_monsterinsights_sitenote_active":false,"_monsterinsights_sitenote_note":"","_monsterinsights_sitenote_category":0,"neve_meta_sidebar":"","neve_meta_container":"","neve_meta_enable_content_width":"off","neve_meta_content_width":0,"neve_meta_title_alignment":"","neve_meta_author_avatar":"","neve_post_elements_order":"","neve_meta_disable_header":"","neve_meta_disable_footer":"","neve_meta_disable_title":""},"product_brand":[],"product_cat":[487],"product_tag":[76,106,105,79,90,16,73,142,112,143,72],"class_list":{"0":"post-48","1":"product","2":"type-product","3":"status-publish","4":"has-post-thumbnail","6":"product_cat-collier-loups","7":"product_tag-animal_totem","8":"product_tag-collier_boheme","9":"product_tag-collier_lithotherapie","10":"product_tag-collier_loup","11":"product_tag-collier_nature","12":"product_tag-jewelry","13":"product_tag-loup","14":"product_tag-loup_amethyste","15":"product_tag-loup_pierre","16":"product_tag-loup_violet","17":"product_tag-necklace","18":"product_shipping_class-colissimo","20":"first","21":"outofstock","22":"sale","23":"shipping-taxable","24":"purchasable","25":"product-type-simple"},"jetpack_sharing_enabled":true,"_links":{"self":[{"href":"https:\/\/bohemian-feathers-jewelry.fr\/en\/wp-json\/wp\/v2\/product\/48","targetHints":{"allow":["GET"]}}],"collection":[{"href":"https:\/\/bohemian-feathers-jewelry.fr\/en\/wp-json\/wp\/v2\/product"}],"about":[{"href":"https:\/\/bohemian-feathers-jewelry.fr\/en\/wp-json\/wp\/v2\/types\/product"}],"replies":[{"embeddable":true,"href":"https:\/\/bohemian-feathers-jewelry.fr\/en\/wp-json\/wp\/v2\/comments?post=48"}],"version-history":[{"count":1,"href":"https:\/\/bohemian-feathers-jewelry.fr\/en\/wp-json\/wp\/v2\/product\/48\/revisions"}],"predecessor-version":[{"id":695,"href":"https:\/\/bohemian-feathers-jewelry.fr\/en\/wp-json\/wp\/v2\/product\/48\/revisions\/695"}],"wp:featuredmedia":[{"embeddable":true,"href":"https:\/\/bohemian-feathers-jewelry.fr\/en\/wp-json\/wp\/v2\/media\/693"}],"wp:attachment":[{"href":"https:\/\/bohemian-feathers-jewelry.fr\/en\/wp-json\/wp\/v2\/media?parent=48"}],"wp:term":[{"taxonomy":"product_brand","embeddable":true,"href":"https:\/\/bohemian-feathers-jewelry.fr\/en\/wp-json\/wp\/v2\/product_brand?post=48"},{"taxonomy":"product_cat","embeddable":true,"href":"https:\/\/bohemian-feathers-jewelry.fr\/en\/wp-json\/wp\/v2\/product_cat?post=48"},{"taxonomy":"product_tag","embeddable":true,"href":"https:\/\/bohemian-feathers-jewelry.fr\/en\/wp-json\/wp\/v2\/product_tag?post=48"}],"curies":[{"name":"wp","href":"https:\/\/api.w.org\/{rel}","templated":true}]}}