{"id":45,"date":"2020-03-01T20:50:20","date_gmt":"2020-03-01T19:50:20","guid":{"rendered":"http:\/\/bohemian-feathers-jewelry.fr\/?product=collier-aventurine-wolfhead-tete-de-loup-en-aventurine-gypsy-hippie-nature-animal-totem-plume"},"modified":"2024-01-07T21:41:16","modified_gmt":"2024-01-07T20:41:16","slug":"collier-aventurine-wolfhead-tete-de-loup-en-aventurine-gypsy-hippie-nature-animal-totem-plume","status":"publish","type":"product","link":"https:\/\/bohemian-feathers-jewelry.fr\/en\/product\/collier-aventurine-wolfhead-tete-de-loup-en-aventurine-gypsy-hippie-nature-animal-totem-plume\/","title":{"rendered":"Collier Aventurine WolfHead"},"content":{"rendered":"<p>L\u2019aventurine est la pierre de la cr\u00e9ativit\u00e9 et la d\u00e9termination. Elle favorise le libre arbitre, la libert\u00e9 de penser, le bien-\u00eatre et la confiance en soi.<br \/>\nFace aux changements de la vie, elle aide \u00e0 prendre des d\u00e9cisions, \u00e0 faire face aux situations compliqu\u00e9es, \u00e0 surmonter les peines de c\u0153ur.<br \/>\n_____________________________________<\/p>\n<p>Collier boh\u00e8me compos\u00e9 d&rsquo;une tr\u00e8s belle t\u00eate de loup en aventurine sculpt\u00e9e \u00e0 la main, le tout mont\u00e9 sur une chaine en acier inoxydable et agr\u00e9ment\u00e9e de 6 perles en aventurine.<\/p>\n<p>Longueur de chaine : 40 cm<br \/>\nLongueur du pendentif : 8 cm<br \/>\nLargeur du pendentif : 3 cm<\/p>\n<p>La t\u00eate de loup mesure 2.5 cm sur 4 cm.<\/p>\n<p>____________________________<\/p>\n<p>Les colliers Wolfhead sont envoy\u00e9s dans de petites boites en carton et sur un lit de mousse naturelle.<br \/>\nLes frais de livraison correspondent \u00e0 un envoi en colissimo avec remise contre signature.<\/p>","protected":false},"excerpt":{"rendered":"<p>Collier boh\u00e8me compos\u00e9 d&rsquo;une tr\u00e8s belle t\u00eate de loup en aventurine sculpt\u00e9e \u00e0 la main, le tout mont\u00e9 sur une chaine en acier inoxydable et agr\u00e9ment\u00e9e de 6 perles en aventurine.<\/p>\n<p>Longueur de chaine : 40 cm<br \/>\nLongueur du pendentif : 8 cm<br \/>\nLargeur du pendentif : 3 cm<\/p>\n<p>La t\u00eate de loup mesure 2.5 cm sur 4 cm.<\/p>","protected":false},"featured_media":727,"comment_status":"open","ping_status":"closed","template":"","meta":{"_monsterinsights_skip_tracking":false,"_monsterinsights_sitenote_active":false,"_monsterinsights_sitenote_note":"","_monsterinsights_sitenote_category":0,"neve_meta_sidebar":"","neve_meta_container":"","neve_meta_enable_content_width":"off","neve_meta_content_width":0,"neve_meta_title_alignment":"","neve_meta_author_avatar":"","neve_post_elements_order":"","neve_meta_disable_header":"","neve_meta_disable_footer":"","neve_meta_disable_title":""},"product_brand":[],"product_cat":[487],"product_tag":[76,139,106,105,79,140,138,113,16,73,141,112,72],"class_list":{"0":"post-45","1":"product","2":"type-product","3":"status-publish","4":"has-post-thumbnail","6":"product_cat-collier-loups","7":"product_tag-animal_totem","8":"product_tag-collier_aventurine","9":"product_tag-collier_boheme","10":"product_tag-collier_lithotherapie","11":"product_tag-collier_loup","12":"product_tag-collier_loup_aventurine","13":"product_tag-collier_loup_labradorite","14":"product_tag-collier_loup_pierre","15":"product_tag-jewelry","16":"product_tag-loup","17":"product_tag-loup_aventurine","18":"product_tag-loup_pierre","19":"product_tag-necklace","20":"product_shipping_class-colissimo","22":"first","23":"outofstock","24":"shipping-taxable","25":"purchasable","26":"product-type-simple"},"jetpack_sharing_enabled":true,"_links":{"self":[{"href":"https:\/\/bohemian-feathers-jewelry.fr\/en\/wp-json\/wp\/v2\/product\/45","targetHints":{"allow":["GET"]}}],"collection":[{"href":"https:\/\/bohemian-feathers-jewelry.fr\/en\/wp-json\/wp\/v2\/product"}],"about":[{"href":"https:\/\/bohemian-feathers-jewelry.fr\/en\/wp-json\/wp\/v2\/types\/product"}],"replies":[{"embeddable":true,"href":"https:\/\/bohemian-feathers-jewelry.fr\/en\/wp-json\/wp\/v2\/comments?post=45"}],"version-history":[{"count":1,"href":"https:\/\/bohemian-feathers-jewelry.fr\/en\/wp-json\/wp\/v2\/product\/45\/revisions"}],"predecessor-version":[{"id":728,"href":"https:\/\/bohemian-feathers-jewelry.fr\/en\/wp-json\/wp\/v2\/product\/45\/revisions\/728"}],"wp:featuredmedia":[{"embeddable":true,"href":"https:\/\/bohemian-feathers-jewelry.fr\/en\/wp-json\/wp\/v2\/media\/727"}],"wp:attachment":[{"href":"https:\/\/bohemian-feathers-jewelry.fr\/en\/wp-json\/wp\/v2\/media?parent=45"}],"wp:term":[{"taxonomy":"product_brand","embeddable":true,"href":"https:\/\/bohemian-feathers-jewelry.fr\/en\/wp-json\/wp\/v2\/product_brand?post=45"},{"taxonomy":"product_cat","embeddable":true,"href":"https:\/\/bohemian-feathers-jewelry.fr\/en\/wp-json\/wp\/v2\/product_cat?post=45"},{"taxonomy":"product_tag","embeddable":true,"href":"https:\/\/bohemian-feathers-jewelry.fr\/en\/wp-json\/wp\/v2\/product_tag?post=45"}],"curies":[{"name":"wp","href":"https:\/\/api.w.org\/{rel}","templated":true}]}}