{"id":4264,"date":"2021-03-20T15:27:28","date_gmt":"2021-03-20T14:27:28","guid":{"rendered":"https:\/\/bohemian-feathers-jewelry.fr\/?post_type=product&#038;p=4264"},"modified":"2021-03-21T20:12:55","modified_gmt":"2021-03-21T19:12:55","slug":"boucles-doreilles-spring-drops","status":"publish","type":"product","link":"https:\/\/bohemian-feathers-jewelry.fr\/en\/product\/boucles-doreilles-spring-drops\/","title":{"rendered":"Boucles d&rsquo;oreilles Spring Drops"},"content":{"rendered":"<p>Boucles d&rsquo;oreilles r\u00e9alis\u00e9es enti\u00e8rement \u00e0 la main en fil et chaine de laiton. Les perles sont en verre tch\u00e8que. Les crochets sont en laiton. Attention boucles asym\u00e9triques : il y a une boucle simple et une boucle avec bague d&rsquo;oreille.<\/p>\n<p>Cr\u00e9ation 100% originale pens\u00e9e, dessin\u00e9e et fabriqu\u00e9e dans mon atelier.<\/p>\n<p>Dimensions des boucles d\u2019oreilles : 10 x 0,5 cm<\/p>\n<p>_______________________________________<\/p>\n<p>Ces boucles d\u2019oreilles seront envoy\u00e9es dans un petit paquet en kraft sur un lit de mousse naturelle.<\/p>","protected":false},"excerpt":{"rendered":"<p>Boucles d&rsquo;oreilles r\u00e9alis\u00e9es enti\u00e8rement \u00e0 la main en fil et chaine de laiton. Les perles sont en verre tch\u00e8que. Les crochets sont en laiton. Attention boucles asym\u00e9triques : il y a une boucle simple et une boucle avec bague d&rsquo;oreille.<\/p>\n<p>Cr\u00e9ation 100% originale pens\u00e9e, dessin\u00e9e et fabriqu\u00e9e dans mon atelier.<\/p>\n<p>Dimensions des boucles d\u2019oreilles : 10 x 0,5 cm<\/p>","protected":false},"featured_media":4182,"comment_status":"open","ping_status":"closed","template":"","meta":{"_monsterinsights_skip_tracking":false,"_monsterinsights_sitenote_active":false,"_monsterinsights_sitenote_note":"","_monsterinsights_sitenote_category":0,"neve_meta_sidebar":"","neve_meta_container":"","neve_meta_enable_content_width":"off","neve_meta_content_width":0,"neve_meta_title_alignment":"","neve_meta_author_avatar":"","neve_post_elements_order":"","neve_meta_disable_header":"","neve_meta_disable_footer":"","neve_meta_disable_title":""},"product_brand":[],"product_cat":[663,483,492],"product_tag":[668,647,667],"class_list":{"0":"post-4264","1":"product","2":"type-product","3":"status-publish","4":"has-post-thumbnail","6":"product_cat-collection-blossoming-spring","7":"product_cat-boucles-oreilles","8":"product_cat-boucles-oreilles-bohemes","9":"product_tag-bague-doreille","10":"product_tag-elf","11":"product_tag-printremps","12":"product_shipping_class-envoi-suivi","14":"first","15":"outofstock","16":"shipping-taxable","17":"purchasable","18":"product-type-simple"},"jetpack_sharing_enabled":true,"_links":{"self":[{"href":"https:\/\/bohemian-feathers-jewelry.fr\/en\/wp-json\/wp\/v2\/product\/4264","targetHints":{"allow":["GET"]}}],"collection":[{"href":"https:\/\/bohemian-feathers-jewelry.fr\/en\/wp-json\/wp\/v2\/product"}],"about":[{"href":"https:\/\/bohemian-feathers-jewelry.fr\/en\/wp-json\/wp\/v2\/types\/product"}],"replies":[{"embeddable":true,"href":"https:\/\/bohemian-feathers-jewelry.fr\/en\/wp-json\/wp\/v2\/comments?post=4264"}],"version-history":[{"count":1,"href":"https:\/\/bohemian-feathers-jewelry.fr\/en\/wp-json\/wp\/v2\/product\/4264\/revisions"}],"predecessor-version":[{"id":4265,"href":"https:\/\/bohemian-feathers-jewelry.fr\/en\/wp-json\/wp\/v2\/product\/4264\/revisions\/4265"}],"wp:featuredmedia":[{"embeddable":true,"href":"https:\/\/bohemian-feathers-jewelry.fr\/en\/wp-json\/wp\/v2\/media\/4182"}],"wp:attachment":[{"href":"https:\/\/bohemian-feathers-jewelry.fr\/en\/wp-json\/wp\/v2\/media?parent=4264"}],"wp:term":[{"taxonomy":"product_brand","embeddable":true,"href":"https:\/\/bohemian-feathers-jewelry.fr\/en\/wp-json\/wp\/v2\/product_brand?post=4264"},{"taxonomy":"product_cat","embeddable":true,"href":"https:\/\/bohemian-feathers-jewelry.fr\/en\/wp-json\/wp\/v2\/product_cat?post=4264"},{"taxonomy":"product_tag","embeddable":true,"href":"https:\/\/bohemian-feathers-jewelry.fr\/en\/wp-json\/wp\/v2\/product_tag?post=4264"}],"curies":[{"name":"wp","href":"https:\/\/api.w.org\/{rel}","templated":true}]}}