{"id":4101,"date":"2024-09-11T15:23:57","date_gmt":"2024-09-11T13:23:57","guid":{"rendered":"https:\/\/bohemian-feathers-jewelry.fr\/?post_type=product&#038;p=4101"},"modified":"2025-09-14T13:04:54","modified_gmt":"2025-09-14T11:04:54","slug":"illustration-pont-dans-la-foret","status":"publish","type":"product","link":"https:\/\/bohemian-feathers-jewelry.fr\/en\/product\/illustration-pont-dans-la-foret\/","title":{"rendered":"Illustration Pont dans la For\u00eat"},"content":{"rendered":"<p>Un petit pont en pierre crois\u00e9 au d\u00e9tour d&rsquo;un chemin lors du randonn\u00e9e dans les for\u00eats jurassiennes.<\/p>\n<p>Reproduction d&rsquo;un de mes dessins r\u00e9alis\u00e9 au feutre fin sur papier. Elle vous est ici propos\u00e9 en impression sur papier textur\u00e9 Canson 200gr.<\/p>\n<p>Vous avez le choix entre 3 tailles :<br \/>\n\u2013 10\u00d715 cm (format carte-postale)<br \/>\n\u2013 15\u00d721 cm (format A5)<br \/>\n\u2013 21\u00d729,7 cm (format A4)<\/p>\n<p>Les reproductions sont imprim\u00e9es \u00e0 la commande et d\u00e9coup\u00e9es \u00e0 la main pour les formats 10\u00d715 cm.<br \/>\nLes envois se font en enveloppes cartonn\u00e9es avec suivi.<\/p>","protected":false},"excerpt":{"rendered":"<p>Un petit pont en pierre crois\u00e9 au d\u00e9tour d&rsquo;un chemin lors du randonn\u00e9e dans les for\u00eats jurassiennes.<\/p>\n<p>Reproduction d&rsquo;un de mes dessins r\u00e9alis\u00e9 au feutre fin sur papier. Elle vous est ici propos\u00e9 en impression sur papier textur\u00e9 Canson 200gr.<\/p>\n<p>Vous avez le choix entre 3 tailles :<br \/>\n\u2013 10\u00d715 cm (format carte-postale)<br \/>\n\u2013 15\u00d721 cm (format A5)<br \/>\n\u2013 21\u00d729,7 cm (format A4)<\/p>\n<p>Les reproductions sont imprim\u00e9es \u00e0 la commande et d\u00e9coup\u00e9es \u00e0 la main pour les formats 10\u00d715 cm.<br \/>\nLes envois se font en enveloppes cartonn\u00e9es avec suivi.<\/p>","protected":false},"featured_media":4088,"comment_status":"open","ping_status":"closed","template":"","meta":{"_monsterinsights_skip_tracking":false,"_monsterinsights_sitenote_active":false,"_monsterinsights_sitenote_note":"","_monsterinsights_sitenote_category":0,"neve_meta_sidebar":"","neve_meta_container":"","neve_meta_enable_content_width":"off","neve_meta_content_width":70,"neve_meta_title_alignment":"","neve_meta_author_avatar":"","neve_post_elements_order":"","neve_meta_disable_header":"","neve_meta_disable_footer":"","neve_meta_disable_title":""},"product_brand":[],"product_cat":[511,927],"product_tag":[514,513,515,34,512,657,517,658],"class_list":{"0":"post-4101","1":"product","2":"type-product","3":"status-publish","4":"has-post-thumbnail","6":"product_cat-illustrations","7":"product_cat-paysages","8":"product_tag-art","9":"product_tag-dessin","10":"product_tag-dessin_noir","11":"product_tag-foret","12":"product_tag-illustration","13":"product_tag-jura","14":"product_tag-magink_forest","15":"product_tag-pont","16":"product_shipping_class-envoi-suivi","18":"first","19":"instock","20":"shipping-taxable","21":"purchasable","22":"product-type-variable"},"jetpack_sharing_enabled":true,"_links":{"self":[{"href":"https:\/\/bohemian-feathers-jewelry.fr\/en\/wp-json\/wp\/v2\/product\/4101","targetHints":{"allow":["GET"]}}],"collection":[{"href":"https:\/\/bohemian-feathers-jewelry.fr\/en\/wp-json\/wp\/v2\/product"}],"about":[{"href":"https:\/\/bohemian-feathers-jewelry.fr\/en\/wp-json\/wp\/v2\/types\/product"}],"replies":[{"embeddable":true,"href":"https:\/\/bohemian-feathers-jewelry.fr\/en\/wp-json\/wp\/v2\/comments?post=4101"}],"version-history":[{"count":3,"href":"https:\/\/bohemian-feathers-jewelry.fr\/en\/wp-json\/wp\/v2\/product\/4101\/revisions"}],"predecessor-version":[{"id":9329,"href":"https:\/\/bohemian-feathers-jewelry.fr\/en\/wp-json\/wp\/v2\/product\/4101\/revisions\/9329"}],"wp:featuredmedia":[{"embeddable":true,"href":"https:\/\/bohemian-feathers-jewelry.fr\/en\/wp-json\/wp\/v2\/media\/4088"}],"wp:attachment":[{"href":"https:\/\/bohemian-feathers-jewelry.fr\/en\/wp-json\/wp\/v2\/media?parent=4101"}],"wp:term":[{"taxonomy":"product_brand","embeddable":true,"href":"https:\/\/bohemian-feathers-jewelry.fr\/en\/wp-json\/wp\/v2\/product_brand?post=4101"},{"taxonomy":"product_cat","embeddable":true,"href":"https:\/\/bohemian-feathers-jewelry.fr\/en\/wp-json\/wp\/v2\/product_cat?post=4101"},{"taxonomy":"product_tag","embeddable":true,"href":"https:\/\/bohemian-feathers-jewelry.fr\/en\/wp-json\/wp\/v2\/product_tag?post=4101"}],"curies":[{"name":"wp","href":"https:\/\/api.w.org\/{rel}","templated":true}]}}