{"id":3850,"date":"2021-02-04T17:07:10","date_gmt":"2021-02-04T16:07:10","guid":{"rendered":"https:\/\/bohemian-feathers-jewelry.fr\/?post_type=product&#038;p=3850"},"modified":"2021-02-26T19:47:49","modified_gmt":"2021-02-26T18:47:49","slug":"loriens-leaf-peinture-originale","status":"publish","type":"product","link":"https:\/\/bohemian-feathers-jewelry.fr\/en\/product\/loriens-leaf-peinture-originale\/","title":{"rendered":"L\u00f3rien&rsquo;s Leaf &#8211; peinture originale"},"content":{"rendered":"<p class=\"p1\">\u00ab\u00a0Puissent ces capes vous prot\u00e9ger totalement des yeux hostiles.\u00a0\u00bb\u00a0\u00bb<\/p>\n<p class=\"p2\">Une illustration originale de la broche en forme de feuille de la L\u00f3rien offerte par Celeborn et Galadriel \u00e0 la communaut\u00e9 de l\u2019anneau. Peinte au brou de noix sur du papier dessin 200gr\/m2. Format 10 x 15 cm.<\/p>\n<p>Peinture originale r\u00e9alis\u00e9e \u00e0 la commande, elle pourra donc l\u00e9g\u00e8rement diff\u00e9rer de la photo ci-contre.<br \/>\nAttention elle est vendue sans cadre !<\/p>","protected":false},"excerpt":{"rendered":"<p class=\"p1\">\u00ab\u00a0Puissent ces capes vous prot\u00e9ger totalement des yeux hostiles.\u00a0\u00bb\u00a0\u00bb<\/p>\n<p class=\"p2\">Une illustration originale de la broche en forme de feuille de la L\u00f3rien offerte par Celeborn et Galadriel \u00e0 la communaut\u00e9 de l\u2019anneau. Peinte au brou de noix sur du papier dessin 200gr\/m2. Format 10 x 15 cm.<\/p>\n<p>Peinture originale r\u00e9alis\u00e9e \u00e0 la commande, elle pourra donc l\u00e9g\u00e8rement diff\u00e9rer de la photo ci-contre.<br \/>\nAttention elle est vendue sans cadre !<\/p>","protected":false},"featured_media":3810,"comment_status":"open","ping_status":"closed","template":"","meta":{"_monsterinsights_skip_tracking":false,"_monsterinsights_sitenote_active":false,"_monsterinsights_sitenote_note":"","_monsterinsights_sitenote_category":0,"neve_meta_sidebar":"","neve_meta_container":"","neve_meta_enable_content_width":"off","neve_meta_content_width":0,"neve_meta_title_alignment":"","neve_meta_author_avatar":"","neve_post_elements_order":"","neve_meta_disable_header":"","neve_meta_disable_footer":"","neve_meta_disable_title":""},"product_brand":[],"product_cat":[646,511],"product_tag":[],"class_list":{"0":"post-3850","1":"product","2":"type-product","3":"status-publish","4":"has-post-thumbnail","6":"product_cat-collection-elves-of-the-forest","7":"product_cat-illustrations","8":"product_shipping_class-envoi-suivi","10":"first","11":"outofstock","12":"shipping-taxable","13":"purchasable","14":"product-type-simple"},"jetpack_sharing_enabled":true,"_links":{"self":[{"href":"https:\/\/bohemian-feathers-jewelry.fr\/en\/wp-json\/wp\/v2\/product\/3850","targetHints":{"allow":["GET"]}}],"collection":[{"href":"https:\/\/bohemian-feathers-jewelry.fr\/en\/wp-json\/wp\/v2\/product"}],"about":[{"href":"https:\/\/bohemian-feathers-jewelry.fr\/en\/wp-json\/wp\/v2\/types\/product"}],"replies":[{"embeddable":true,"href":"https:\/\/bohemian-feathers-jewelry.fr\/en\/wp-json\/wp\/v2\/comments?post=3850"}],"version-history":[{"count":2,"href":"https:\/\/bohemian-feathers-jewelry.fr\/en\/wp-json\/wp\/v2\/product\/3850\/revisions"}],"predecessor-version":[{"id":14589,"href":"https:\/\/bohemian-feathers-jewelry.fr\/en\/wp-json\/wp\/v2\/product\/3850\/revisions\/14589"}],"wp:featuredmedia":[{"embeddable":true,"href":"https:\/\/bohemian-feathers-jewelry.fr\/en\/wp-json\/wp\/v2\/media\/3810"}],"wp:attachment":[{"href":"https:\/\/bohemian-feathers-jewelry.fr\/en\/wp-json\/wp\/v2\/media?parent=3850"}],"wp:term":[{"taxonomy":"product_brand","embeddable":true,"href":"https:\/\/bohemian-feathers-jewelry.fr\/en\/wp-json\/wp\/v2\/product_brand?post=3850"},{"taxonomy":"product_cat","embeddable":true,"href":"https:\/\/bohemian-feathers-jewelry.fr\/en\/wp-json\/wp\/v2\/product_cat?post=3850"},{"taxonomy":"product_tag","embeddable":true,"href":"https:\/\/bohemian-feathers-jewelry.fr\/en\/wp-json\/wp\/v2\/product_tag?post=3850"}],"curies":[{"name":"wp","href":"https:\/\/api.w.org\/{rel}","templated":true}]}}