{"id":38,"date":"2020-03-01T20:50:16","date_gmt":"2020-03-01T19:50:16","guid":{"rendered":"http:\/\/bohemian-feathers-jewelry.fr\/?product=collier-apatite-wolfhead-tete-de-loup-en-apatite-gypsy-hippie-nature-animal-totem-plume"},"modified":"2020-06-22T15:45:13","modified_gmt":"2020-06-22T13:45:13","slug":"collier-apatite-wolfhead-tete-de-loup-en-apatite-gypsy-hippie-nature-animal-totem-plume","status":"publish","type":"product","link":"https:\/\/bohemian-feathers-jewelry.fr\/en\/product\/collier-apatite-wolfhead-tete-de-loup-en-apatite-gypsy-hippie-nature-animal-totem-plume\/","title":{"rendered":"Collier Apatite WolfHead"},"content":{"rendered":"<p>L\u2019Apatite bleue favorise la communication, l\u2019expression personnelle et donne envie d&rsquo;\u00eatre solidaire. Absorbe la n\u00e9gativit\u00e9 envers soi m\u00eame et les autres.<br \/>\nPour les \u00e9tudiants, cette pierre est une aide pr\u00e9cieuse, donnant confiance en soi tout en apportant concentration et facilit\u00e9. L\u2019Apatite est excellente pour mettre en harmonie le yin et le yang. Elle d\u00e9veloppe l\u2019accord spirituel. Elle \u00e9vite l&rsquo;isolement, la s\u00e9paration, accro\u00eet la motivation, la cr\u00e9ativit\u00e9, d\u00e9veloppe l&rsquo;intellect.<br \/>\n__________________________________<\/p>\n<p>Collier boh\u00e8me compos\u00e9 d&rsquo;une tr\u00e8s belle t\u00eate de loup en apatite sculpt\u00e9e \u00e0 la main, le tout mont\u00e9 sur une chaine en acier inoxydable et agr\u00e9ment\u00e9e de 6 perles en apatite.<\/p>\n<p>Longueur de chaine : 40 cm<br \/>\nLongueur du pendentif : 8 cm<br \/>\nLargeur du pendentif : 3 cm<\/p>\n<p>La t\u00eate de loup mesure 2.5 cm sur 3.5 cm.<\/p>\n<p>____________________________<\/p>\n<p>Les colliers Wolfhead sont envoy\u00e9s dans de petites boites en carton et sur un lit de mousse naturelle.<br \/>\nLes frais de livraison correspondent \u00e0 un envoi en colissimo avec remise contre signature.<\/p>","protected":false},"excerpt":{"rendered":"<p>Collier boh\u00e8me compos\u00e9 d&rsquo;une tr\u00e8s belle t\u00eate de loup en apatite sculpt\u00e9e \u00e0 la main, le tout mont\u00e9 sur une chaine en acier inoxydable et agr\u00e9ment\u00e9e de 6 perles en apatite.<\/p>\n<p>Longueur de chaine : 40 cm<br \/>\nLongueur du pendentif : 8 cm<br \/>\nLargeur du pendentif : 3 cm<\/p>\n<p>La t\u00eate de loup mesure 2.5 cm sur 3.5 cm.<\/p>","protected":false},"featured_media":1141,"comment_status":"open","ping_status":"closed","template":"","meta":{"_monsterinsights_skip_tracking":false,"_monsterinsights_sitenote_active":false,"_monsterinsights_sitenote_note":"","_monsterinsights_sitenote_category":0,"neve_meta_sidebar":"","neve_meta_container":"","neve_meta_enable_content_width":"off","neve_meta_content_width":0,"neve_meta_title_alignment":"","neve_meta_author_avatar":"","neve_post_elements_order":"","neve_meta_disable_header":"","neve_meta_disable_footer":"","neve_meta_disable_title":""},"product_brand":[],"product_cat":[487],"product_tag":[76,119,120,106,105,79,16,73,121,118,112,117,72],"class_list":{"0":"post-38","1":"product","2":"type-product","3":"status-publish","4":"has-post-thumbnail","6":"product_cat-collier-loups","7":"product_tag-animal_totem","8":"product_tag-collier_apatite","9":"product_tag-collier_apatite_bleue","10":"product_tag-collier_boheme","11":"product_tag-collier_lithotherapie","12":"product_tag-collier_loup","13":"product_tag-jewelry","14":"product_tag-loup","15":"product_tag-loup_apatite","16":"product_tag-loup_nature","17":"product_tag-loup_pierre","18":"product_tag-loup_vert","19":"product_tag-necklace","20":"product_shipping_class-colissimo","22":"first","23":"outofstock","24":"shipping-taxable","25":"purchasable","26":"product-type-simple"},"jetpack_sharing_enabled":true,"_links":{"self":[{"href":"https:\/\/bohemian-feathers-jewelry.fr\/en\/wp-json\/wp\/v2\/product\/38","targetHints":{"allow":["GET"]}}],"collection":[{"href":"https:\/\/bohemian-feathers-jewelry.fr\/en\/wp-json\/wp\/v2\/product"}],"about":[{"href":"https:\/\/bohemian-feathers-jewelry.fr\/en\/wp-json\/wp\/v2\/types\/product"}],"replies":[{"embeddable":true,"href":"https:\/\/bohemian-feathers-jewelry.fr\/en\/wp-json\/wp\/v2\/comments?post=38"}],"version-history":[{"count":1,"href":"https:\/\/bohemian-feathers-jewelry.fr\/en\/wp-json\/wp\/v2\/product\/38\/revisions"}],"predecessor-version":[{"id":1145,"href":"https:\/\/bohemian-feathers-jewelry.fr\/en\/wp-json\/wp\/v2\/product\/38\/revisions\/1145"}],"wp:featuredmedia":[{"embeddable":true,"href":"https:\/\/bohemian-feathers-jewelry.fr\/en\/wp-json\/wp\/v2\/media\/1141"}],"wp:attachment":[{"href":"https:\/\/bohemian-feathers-jewelry.fr\/en\/wp-json\/wp\/v2\/media?parent=38"}],"wp:term":[{"taxonomy":"product_brand","embeddable":true,"href":"https:\/\/bohemian-feathers-jewelry.fr\/en\/wp-json\/wp\/v2\/product_brand?post=38"},{"taxonomy":"product_cat","embeddable":true,"href":"https:\/\/bohemian-feathers-jewelry.fr\/en\/wp-json\/wp\/v2\/product_cat?post=38"},{"taxonomy":"product_tag","embeddable":true,"href":"https:\/\/bohemian-feathers-jewelry.fr\/en\/wp-json\/wp\/v2\/product_tag?post=38"}],"curies":[{"name":"wp","href":"https:\/\/api.w.org\/{rel}","templated":true}]}}