{"id":3704,"date":"2021-02-04T17:06:31","date_gmt":"2021-02-04T16:06:31","guid":{"rendered":"https:\/\/bohemian-feathers-jewelry.fr\/?post_type=product&#038;p=3704"},"modified":"2024-03-18T13:56:17","modified_gmt":"2024-03-18T12:56:17","slug":"tolkiens-quote-tote-bag","status":"publish","type":"product","link":"https:\/\/bohemian-feathers-jewelry.fr\/en\/product\/tolkiens-quote-tote-bag\/","title":{"rendered":"Tolkien&rsquo;s Quote Tote Bag"},"content":{"rendered":"<p class=\"p1\"><span class=\"s1\">\u00ab\u00a0Not all those who wander are lost\u00a0\u00bb<br \/>\n<\/span>\u00ab\u00a0Tout ceux qui errent ne sont pas perdus\u00a0\u00bb<\/p>\n<p class=\"p2\">Retrouvez la c\u00e9l\u00e8bre phrase du po\u00e8me d\u2019Aragorn sur ce tote bag. Son tissu \u00e9pais, chin\u00e9 de 150 gr\/m2, est compos\u00e9 \u00e0 96 % de coton recycl\u00e9 et de 4 % de PET.<br \/>\nIllustration originale imagin\u00e9e et cr\u00e9\u00e9e par moi-m\u00eame.<br \/>\nImprim\u00e9 en France.<\/p>","protected":false},"excerpt":{"rendered":"<p class=\"p1\"><span class=\"s1\">\u00ab\u00a0Not all those who wander are lost\u00a0\u00bb<br \/>\n<\/span>\u00ab\u00a0Tout ceux qui errent ne sont pas perdus\u00a0\u00bb<\/p>\n<p class=\"p2\">Retrouvez la c\u00e9l\u00e8bre phrase du po\u00e8me d\u2019Aragorn sur ce tote bag. Son tissu \u00e9pais, chin\u00e9 de 150 gr\/m2, est compos\u00e9 \u00e0 96 % de coton recycl\u00e9 et de 4 % de PET.<br \/>\nIllustration originale imagin\u00e9e et cr\u00e9\u00e9e par moi-m\u00eame.<br \/>\nImprim\u00e9 en France.<\/p>","protected":false},"featured_media":3705,"comment_status":"open","ping_status":"closed","template":"","meta":{"_monsterinsights_skip_tracking":false,"_monsterinsights_sitenote_active":false,"_monsterinsights_sitenote_note":"","_monsterinsights_sitenote_category":0,"neve_meta_sidebar":"","neve_meta_container":"","neve_meta_enable_content_width":"off","neve_meta_content_width":0,"neve_meta_title_alignment":"","neve_meta_author_avatar":"","neve_post_elements_order":"","neve_meta_disable_header":"","neve_meta_disable_footer":"","neve_meta_disable_title":""},"product_brand":[],"product_cat":[646,498],"product_tag":[],"class_list":{"0":"post-3704","1":"product","2":"type-product","3":"status-publish","4":"has-post-thumbnail","6":"product_cat-collection-elves-of-the-forest","7":"product_cat-ustensiles","8":"product_shipping_class-envoi-suivi","10":"first","11":"outofstock","12":"shipping-taxable","13":"purchasable","14":"product-type-simple"},"jetpack_sharing_enabled":true,"_links":{"self":[{"href":"https:\/\/bohemian-feathers-jewelry.fr\/en\/wp-json\/wp\/v2\/product\/3704","targetHints":{"allow":["GET"]}}],"collection":[{"href":"https:\/\/bohemian-feathers-jewelry.fr\/en\/wp-json\/wp\/v2\/product"}],"about":[{"href":"https:\/\/bohemian-feathers-jewelry.fr\/en\/wp-json\/wp\/v2\/types\/product"}],"replies":[{"embeddable":true,"href":"https:\/\/bohemian-feathers-jewelry.fr\/en\/wp-json\/wp\/v2\/comments?post=3704"}],"version-history":[{"count":1,"href":"https:\/\/bohemian-feathers-jewelry.fr\/en\/wp-json\/wp\/v2\/product\/3704\/revisions"}],"predecessor-version":[{"id":3709,"href":"https:\/\/bohemian-feathers-jewelry.fr\/en\/wp-json\/wp\/v2\/product\/3704\/revisions\/3709"}],"wp:featuredmedia":[{"embeddable":true,"href":"https:\/\/bohemian-feathers-jewelry.fr\/en\/wp-json\/wp\/v2\/media\/3705"}],"wp:attachment":[{"href":"https:\/\/bohemian-feathers-jewelry.fr\/en\/wp-json\/wp\/v2\/media?parent=3704"}],"wp:term":[{"taxonomy":"product_brand","embeddable":true,"href":"https:\/\/bohemian-feathers-jewelry.fr\/en\/wp-json\/wp\/v2\/product_brand?post=3704"},{"taxonomy":"product_cat","embeddable":true,"href":"https:\/\/bohemian-feathers-jewelry.fr\/en\/wp-json\/wp\/v2\/product_cat?post=3704"},{"taxonomy":"product_tag","embeddable":true,"href":"https:\/\/bohemian-feathers-jewelry.fr\/en\/wp-json\/wp\/v2\/product_tag?post=3704"}],"curies":[{"name":"wp","href":"https:\/\/api.w.org\/{rel}","templated":true}]}}