{"id":3640,"date":"2022-11-23T11:00:55","date_gmt":"2022-11-23T10:00:55","guid":{"rendered":"https:\/\/bohemian-feathers-jewelry.fr\/?post_type=product&#038;p=3640"},"modified":"2024-12-28T14:03:28","modified_gmt":"2024-12-28T13:03:28","slug":"carte-cadeau-virtuelle-bohemian-feathers-jewelry","status":"publish","type":"product","link":"https:\/\/bohemian-feathers-jewelry.fr\/en\/product\/carte-cadeau-virtuelle-bohemian-feathers-jewelry\/","title":{"rendered":"Carte Cadeau Virtuelle &#8211; Bohemian Feathers Jewelry"},"content":{"rendered":"","protected":false},"excerpt":{"rendered":"<p>Bient\u00f4t No\u00ebl et il vous manque un cadeau ? Ou peut-\u00eatre ni y a t&rsquo;il plus la pierre que vous souhaitiez offrir ? Ou vous ne voulez pas vous tromper et vous pr\u00e9f\u00e9rez laisser le choix ?<\/p>\n<p><strong>La carte cadeau a \u00e9t\u00e9 faite sp\u00e9cialement pour vous !<\/strong><\/p>\n<p>Choisissez le montant, indiquez votre pr\u00e9nom et celui de la personne \u00e0 qui vous offrez cette carte et le tour est jou\u00e9 !<\/p>\n<p>Vous recevrez la carte cadeau \u00e0 imprimer par mail dans les heures qui suivent votre achat ! Parfait pour le cadeau de derni\u00e8re minute \ud83d\ude09<\/p>","protected":false},"featured_media":9738,"comment_status":"open","ping_status":"closed","template":"","meta":{"_monsterinsights_skip_tracking":false,"_monsterinsights_sitenote_active":false,"_monsterinsights_sitenote_note":"","_monsterinsights_sitenote_category":0,"neve_meta_sidebar":"","neve_meta_container":"","neve_meta_enable_content_width":"off","neve_meta_content_width":70,"neve_meta_title_alignment":"","neve_meta_author_avatar":"","neve_post_elements_order":"","neve_meta_disable_header":"","neve_meta_disable_footer":"","neve_meta_disable_title":""},"product_brand":[],"product_cat":[645],"product_tag":[],"class_list":{"0":"post-3640","1":"product","2":"type-product","3":"status-publish","4":"has-post-thumbnail","6":"product_cat-cartecadeau","7":"product_shipping_class-envoi-suivi","9":"first","10":"instock","11":"shipping-taxable","12":"purchasable","13":"product-type-variable"},"jetpack_sharing_enabled":true,"_links":{"self":[{"href":"https:\/\/bohemian-feathers-jewelry.fr\/en\/wp-json\/wp\/v2\/product\/3640","targetHints":{"allow":["GET"]}}],"collection":[{"href":"https:\/\/bohemian-feathers-jewelry.fr\/en\/wp-json\/wp\/v2\/product"}],"about":[{"href":"https:\/\/bohemian-feathers-jewelry.fr\/en\/wp-json\/wp\/v2\/types\/product"}],"replies":[{"embeddable":true,"href":"https:\/\/bohemian-feathers-jewelry.fr\/en\/wp-json\/wp\/v2\/comments?post=3640"}],"version-history":[{"count":2,"href":"https:\/\/bohemian-feathers-jewelry.fr\/en\/wp-json\/wp\/v2\/product\/3640\/revisions"}],"predecessor-version":[{"id":9742,"href":"https:\/\/bohemian-feathers-jewelry.fr\/en\/wp-json\/wp\/v2\/product\/3640\/revisions\/9742"}],"wp:featuredmedia":[{"embeddable":true,"href":"https:\/\/bohemian-feathers-jewelry.fr\/en\/wp-json\/wp\/v2\/media\/9738"}],"wp:attachment":[{"href":"https:\/\/bohemian-feathers-jewelry.fr\/en\/wp-json\/wp\/v2\/media?parent=3640"}],"wp:term":[{"taxonomy":"product_brand","embeddable":true,"href":"https:\/\/bohemian-feathers-jewelry.fr\/en\/wp-json\/wp\/v2\/product_brand?post=3640"},{"taxonomy":"product_cat","embeddable":true,"href":"https:\/\/bohemian-feathers-jewelry.fr\/en\/wp-json\/wp\/v2\/product_cat?post=3640"},{"taxonomy":"product_tag","embeddable":true,"href":"https:\/\/bohemian-feathers-jewelry.fr\/en\/wp-json\/wp\/v2\/product_tag?post=3640"}],"curies":[{"name":"wp","href":"https:\/\/api.w.org\/{rel}","templated":true}]}}