{"id":3603,"date":"2022-11-23T11:05:44","date_gmt":"2022-11-23T10:05:44","guid":{"rendered":"https:\/\/bohemian-feathers-jewelry.fr\/?post_type=product&#038;p=3603"},"modified":"2024-12-28T14:03:28","modified_gmt":"2024-12-28T13:03:28","slug":"carte-cadeau-bohemian-feathers-jewelry","status":"publish","type":"product","link":"https:\/\/bohemian-feathers-jewelry.fr\/en\/product\/carte-cadeau-bohemian-feathers-jewelry\/","title":{"rendered":"Carte Cadeau &#8211; Bohemian Feathers Jewelry"},"content":{"rendered":"","protected":false},"excerpt":{"rendered":"<p>Bient\u00f4t No\u00ebl et il vous manque un cadeau ? Ou peut-\u00eatre n&rsquo;y a t&rsquo;il plus la pierre que vous souhaitiez offrir ? Ou vous ne voulez pas vous tromper et vous pr\u00e9f\u00e9rez laisser le choix ?<\/p>\n<p><strong>La carte cadeau a \u00e9t\u00e9 faite sp\u00e9cialement pour vous !<\/strong><\/p>\n<p>Choisissez le montant, indiquez votre pr\u00e9nom et celui de la personne \u00e0 qui vous offrez cette carte et le tour est jou\u00e9 !<\/p>\n<p>Vous recevrez votre carte cadeau personnalis\u00e9e par la poste, imprim\u00e9e sur papier kraft \u00e9pais avec au dos une de mes illustrations le tout dans une enveloppe cachet\u00e9e de cire.<br \/>\nOu bien, vous pouvez indiquer l&rsquo;adresse de livraison du destinataire pour que cette carte arrive directement chez la personne \u00e0 qui elle est destin\u00e9e \ud83d\ude42<\/p>","protected":false},"featured_media":9738,"comment_status":"open","ping_status":"closed","template":"","meta":{"_monsterinsights_skip_tracking":false,"_monsterinsights_sitenote_active":false,"_monsterinsights_sitenote_note":"","_monsterinsights_sitenote_category":0,"neve_meta_sidebar":"","neve_meta_container":"","neve_meta_enable_content_width":"off","neve_meta_content_width":70,"neve_meta_title_alignment":"","neve_meta_author_avatar":"","neve_post_elements_order":"","neve_meta_disable_header":"","neve_meta_disable_footer":"","neve_meta_disable_title":""},"product_brand":[],"product_cat":[645],"product_tag":[],"class_list":{"0":"post-3603","1":"product","2":"type-product","3":"status-publish","4":"has-post-thumbnail","6":"product_cat-cartecadeau","7":"product_shipping_class-envoi-suivi","9":"first","10":"instock","11":"shipping-taxable","12":"purchasable","13":"product-type-variable"},"jetpack_sharing_enabled":true,"_links":{"self":[{"href":"https:\/\/bohemian-feathers-jewelry.fr\/en\/wp-json\/wp\/v2\/product\/3603","targetHints":{"allow":["GET"]}}],"collection":[{"href":"https:\/\/bohemian-feathers-jewelry.fr\/en\/wp-json\/wp\/v2\/product"}],"about":[{"href":"https:\/\/bohemian-feathers-jewelry.fr\/en\/wp-json\/wp\/v2\/types\/product"}],"replies":[{"embeddable":true,"href":"https:\/\/bohemian-feathers-jewelry.fr\/en\/wp-json\/wp\/v2\/comments?post=3603"}],"version-history":[{"count":7,"href":"https:\/\/bohemian-feathers-jewelry.fr\/en\/wp-json\/wp\/v2\/product\/3603\/revisions"}],"predecessor-version":[{"id":9741,"href":"https:\/\/bohemian-feathers-jewelry.fr\/en\/wp-json\/wp\/v2\/product\/3603\/revisions\/9741"}],"wp:featuredmedia":[{"embeddable":true,"href":"https:\/\/bohemian-feathers-jewelry.fr\/en\/wp-json\/wp\/v2\/media\/9738"}],"wp:attachment":[{"href":"https:\/\/bohemian-feathers-jewelry.fr\/en\/wp-json\/wp\/v2\/media?parent=3603"}],"wp:term":[{"taxonomy":"product_brand","embeddable":true,"href":"https:\/\/bohemian-feathers-jewelry.fr\/en\/wp-json\/wp\/v2\/product_brand?post=3603"},{"taxonomy":"product_cat","embeddable":true,"href":"https:\/\/bohemian-feathers-jewelry.fr\/en\/wp-json\/wp\/v2\/product_cat?post=3603"},{"taxonomy":"product_tag","embeddable":true,"href":"https:\/\/bohemian-feathers-jewelry.fr\/en\/wp-json\/wp\/v2\/product_tag?post=3603"}],"curies":[{"name":"wp","href":"https:\/\/api.w.org\/{rel}","templated":true}]}}