{"id":3475,"date":"2020-12-03T17:26:35","date_gmt":"2020-12-03T16:26:35","guid":{"rendered":"https:\/\/bohemian-feathers-jewelry.fr\/?post_type=product&#038;p=3475"},"modified":"2023-12-06T10:27:07","modified_gmt":"2023-12-06T09:27:07","slug":"collier-meteor-collection-stardust-fire","status":"publish","type":"product","link":"https:\/\/bohemian-feathers-jewelry.fr\/en\/product\/collier-meteor-collection-stardust-fire\/","title":{"rendered":"Collier Meteor &#8211; Collection Stardust &#038; Fire"},"content":{"rendered":"<p>Collier r\u00e9alis\u00e9 enti\u00e8rement \u00e0 la main en chaine et plaque de laiton. Les flammes ont \u00e9t\u00e9 d\u00e9coup\u00e9es, form\u00e9es martel\u00e9es et patin\u00e9es \u00e0 la main. Un magnifique cabochon en verre avec inclusions de verre teint\u00e9 y a \u00e9t\u00e9 serti. La chaine est en laiton et est agr\u00e9ment\u00e9e d&rsquo;une perle d&rsquo;agate indienne et de perles cisel\u00e9es en laiton.<\/p>\n<p>Cr\u00e9ation 100% originale pens\u00e9e, dessin\u00e9e et fabriqu\u00e9e dans mon atelier. Ceci est une pi\u00e8ce unique.<\/p>\n<p>Le laiton, comme tout m\u00e9tal, s&rsquo;oxyde ou se ternit avec le temps, c&rsquo;est un m\u00e9tal vivant. Il faut donc comme n&rsquo;importe quel bijou en prendre soin, \u00e9viter de le laisser dans un lieu humide ou de mettre du parfum dessus. Le cot\u00e9 vieilli peut vous plaire mais si vous pr\u00e9f\u00e9rez retrouver le cot\u00e9 dor\u00e9 il reste tr\u00e8s facile \u00e0 nettoyer ! Dans votre paquet vous trouverez un petit chiffon qui en quelques frottements apportera de l&rsquo;\u00e9clat \u00e0 votre bijou.<\/p>\n<p>Longueur de chaine : 42 cm<br \/>\nTaille du pendentif : 6 x 5.5 cm<\/p>\n<p>____________________________<\/p>\n<p>Ce collier sera envoy\u00e9 dans une petite boite en carton sur un lit de mousse naturelle.<br \/>\nLes frais de livraison correspondent \u00e0 un envoi en colissimo avec remise contre signature.<\/p>","protected":false},"excerpt":{"rendered":"<p>Collier r\u00e9alis\u00e9 enti\u00e8rement \u00e0 la main en chaine et plaque de laiton. Les flammes ont \u00e9t\u00e9 d\u00e9coup\u00e9es, form\u00e9es martel\u00e9es et patin\u00e9es \u00e0 la main. Un magnifique cabochon en verre avec inclusions de verre teint\u00e9 y a \u00e9t\u00e9 serti. La chaine est en laiton et est agr\u00e9ment\u00e9e d&rsquo;une perle d&rsquo;agate indienne et de perles cisel\u00e9es en laiton.<\/p>\n<p>Cr\u00e9ation 100% originale pens\u00e9e, dessin\u00e9e et fabriqu\u00e9e dans mon atelier. Ceci est une pi\u00e8ce unique.<\/p>\n<p>Le laiton, comme tout m\u00e9tal, s&rsquo;oxyde ou se ternit avec le temps, c&rsquo;est un m\u00e9tal vivant. Il faut donc comme n&rsquo;importe quel bijou en prendre soin, \u00e9viter de le laisser dans un lieu humide ou de mettre du parfum dessus. Le cot\u00e9 vieilli peut vous plaire mais si vous pr\u00e9f\u00e9rez retrouver le cot\u00e9 dor\u00e9 il reste tr\u00e8s facile \u00e0 nettoyer ! Dans votre paquet vous trouverez un petit chiffon qui en quelques frottements apportera de l&rsquo;\u00e9clat \u00e0 votre bijou.<\/p>\n<p>Longueur de chaine : 42 cm<br \/>\nTaille du pendentif : 6 x 5.5 cm<\/p>","protected":false},"featured_media":3415,"comment_status":"open","ping_status":"closed","template":"","meta":{"_monsterinsights_skip_tracking":false,"_monsterinsights_sitenote_active":false,"_monsterinsights_sitenote_note":"","_monsterinsights_sitenote_category":0,"neve_meta_sidebar":"","neve_meta_container":"","neve_meta_enable_content_width":"off","neve_meta_content_width":0,"neve_meta_title_alignment":"","neve_meta_author_avatar":"","neve_post_elements_order":"","neve_meta_disable_header":"","neve_meta_disable_footer":"","neve_meta_disable_title":""},"product_brand":[],"product_cat":[536,633,482,486],"product_tag":[106,90,636,16,72],"class_list":{"0":"post-3475","1":"product","2":"type-product","3":"status-publish","4":"has-post-thumbnail","6":"product_cat-promo","7":"product_cat-collection-stardust-fire","8":"product_cat-colliers","9":"product_cat-colliers-gothiques-esotheriques","10":"product_tag-collier_boheme","11":"product_tag-collier_nature","12":"product_tag-flamme","13":"product_tag-jewelry","14":"product_tag-necklace","15":"product_shipping_class-envoi-suivi","17":"first","18":"outofstock","19":"sale","20":"shipping-taxable","21":"purchasable","22":"product-type-simple"},"jetpack_sharing_enabled":true,"_links":{"self":[{"href":"https:\/\/bohemian-feathers-jewelry.fr\/en\/wp-json\/wp\/v2\/product\/3475","targetHints":{"allow":["GET"]}}],"collection":[{"href":"https:\/\/bohemian-feathers-jewelry.fr\/en\/wp-json\/wp\/v2\/product"}],"about":[{"href":"https:\/\/bohemian-feathers-jewelry.fr\/en\/wp-json\/wp\/v2\/types\/product"}],"replies":[{"embeddable":true,"href":"https:\/\/bohemian-feathers-jewelry.fr\/en\/wp-json\/wp\/v2\/comments?post=3475"}],"version-history":[{"count":1,"href":"https:\/\/bohemian-feathers-jewelry.fr\/en\/wp-json\/wp\/v2\/product\/3475\/revisions"}],"predecessor-version":[{"id":3476,"href":"https:\/\/bohemian-feathers-jewelry.fr\/en\/wp-json\/wp\/v2\/product\/3475\/revisions\/3476"}],"wp:featuredmedia":[{"embeddable":true,"href":"https:\/\/bohemian-feathers-jewelry.fr\/en\/wp-json\/wp\/v2\/media\/3415"}],"wp:attachment":[{"href":"https:\/\/bohemian-feathers-jewelry.fr\/en\/wp-json\/wp\/v2\/media?parent=3475"}],"wp:term":[{"taxonomy":"product_brand","embeddable":true,"href":"https:\/\/bohemian-feathers-jewelry.fr\/en\/wp-json\/wp\/v2\/product_brand?post=3475"},{"taxonomy":"product_cat","embeddable":true,"href":"https:\/\/bohemian-feathers-jewelry.fr\/en\/wp-json\/wp\/v2\/product_cat?post=3475"},{"taxonomy":"product_tag","embeddable":true,"href":"https:\/\/bohemian-feathers-jewelry.fr\/en\/wp-json\/wp\/v2\/product_tag?post=3475"}],"curies":[{"name":"wp","href":"https:\/\/api.w.org\/{rel}","templated":true}]}}