{"id":2845,"date":"2020-09-25T12:49:20","date_gmt":"2020-09-25T10:49:20","guid":{"rendered":"https:\/\/bohemian-feathers-jewelry.fr\/?post_type=product&#038;p=2845"},"modified":"2020-10-01T23:25:11","modified_gmt":"2020-10-01T21:25:11","slug":"reserve-pour-kanezy-yzena-collier-lapis-lazuli-wolfhead","status":"publish","type":"product","link":"https:\/\/bohemian-feathers-jewelry.fr\/en\/product\/reserve-pour-kanezy-yzena-collier-lapis-lazuli-wolfhead\/","title":{"rendered":"R\u00e9serv\u00e9 pour Kanezy Yzena &#8211; Collier Lapis Lazuli WolfHead"},"content":{"rendered":"<p><span style=\"font-weight: 400;\">Sur le plan psychologique et spirituel, le lapis lazuli \u00e9l\u00e8ve l\u2019\u00e2me et stabilise l\u2019esprit. C\u2019est une pierre qui apporte la sagesse, la confiance en soi, l\u2019intuition et l\u2019expression cr\u00e9atrice. Elle aide \u00e0 l\u2019introspection, \u00e0 la discipline int\u00e9rieure et permet d\u2019\u00eatre \u00e0 la fois plus vigoureux, plus concentr\u00e9 et plus serein.<\/span><\/p>\n<p><span style=\"font-weight: 400;\">Symbole de la protection, le lapis lazuli aide \u00e0 traverser les moments et les situations difficiles. Il est capable de ranimer le courage de son possesseur, de le lib\u00e9rer de ses angoisses et de soulager son stress. Le lapis lazuli \u00e9teint la col\u00e8re, apporte la paix et la s\u00e9r\u00e9nit\u00e9, et permet d\u2019affronter la v\u00e9rit\u00e9 avec objectivit\u00e9 et clart\u00e9.<\/span><\/p>\n<p>____________________________<\/p>\n<p>Collier boh\u00e8me compos\u00e9 d&rsquo;une tr\u00e8s belle t\u00eate de loup en lapis lazuli mont\u00e9e sur un cordon en cuir naturel.<\/p>\n<p>Longueur de cordon : 70 cm<br \/>\nLongueur du pendentif : 3.5 cm<br \/>\nLargeur du pendentif : 2.5 cm<\/p>\n<p>____________________________<\/p>\n<p>Les colliers Wolfhead sont envoy\u00e9s dans de petites boites en carton et mousse naturelle.<br \/>\nLes frais de livraison correspondent \u00e0 un envoi en colissimo avec remise contre signature.<\/p>","protected":false},"excerpt":{"rendered":"<p>Collier boh\u00e8me compos\u00e9 d&rsquo;une tr\u00e8s belle t\u00eate de loup en lapis lazuli mont\u00e9e sur un cordon en cuir naturel.<\/p>\n<p>Longueur de cordon : 70 cm<br \/>\nLongueur du pendentif : 3.5 cm<br \/>\nLargeur du pendentif : 2.5 cm<\/p>\n<p>&nbsp;<\/p>","protected":false},"featured_media":2784,"comment_status":"open","ping_status":"closed","template":"","meta":{"_monsterinsights_skip_tracking":false,"_monsterinsights_sitenote_active":false,"_monsterinsights_sitenote_note":"","_monsterinsights_sitenote_category":0,"neve_meta_sidebar":"","neve_meta_container":"","neve_meta_enable_content_width":"off","neve_meta_content_width":0,"neve_meta_title_alignment":"","neve_meta_author_avatar":"","neve_post_elements_order":"","neve_meta_disable_header":"","neve_meta_disable_footer":"","neve_meta_disable_title":""},"product_brand":[],"product_cat":[487],"product_tag":[76,80,79,81,78,34,16,73,192,30,72,75,77,74],"class_list":{"0":"post-2845","1":"product","2":"type-product","3":"status-publish","4":"has-post-thumbnail","6":"product_cat-collier-loups","7":"product_tag-animal_totem","8":"product_tag-collier_cuir","9":"product_tag-collier_loup","10":"product_tag-collier_tete_de_loup","11":"product_tag-esprit_sauvage","12":"product_tag-foret","13":"product_tag-jewelry","14":"product_tag-loup","15":"product_tag-loup_lapis_lazuli","16":"product_tag-nature","17":"product_tag-necklace","18":"product_tag-pierre_de_gemmes","19":"product_tag-sioux_navajo","20":"product_tag-tete_de_loup","21":"product_shipping_class-colissimo","23":"first","24":"outofstock","25":"shipping-taxable","26":"purchasable","27":"product-type-simple"},"jetpack_sharing_enabled":true,"_links":{"self":[{"href":"https:\/\/bohemian-feathers-jewelry.fr\/en\/wp-json\/wp\/v2\/product\/2845","targetHints":{"allow":["GET"]}}],"collection":[{"href":"https:\/\/bohemian-feathers-jewelry.fr\/en\/wp-json\/wp\/v2\/product"}],"about":[{"href":"https:\/\/bohemian-feathers-jewelry.fr\/en\/wp-json\/wp\/v2\/types\/product"}],"replies":[{"embeddable":true,"href":"https:\/\/bohemian-feathers-jewelry.fr\/en\/wp-json\/wp\/v2\/comments?post=2845"}],"version-history":[{"count":1,"href":"https:\/\/bohemian-feathers-jewelry.fr\/en\/wp-json\/wp\/v2\/product\/2845\/revisions"}],"predecessor-version":[{"id":2846,"href":"https:\/\/bohemian-feathers-jewelry.fr\/en\/wp-json\/wp\/v2\/product\/2845\/revisions\/2846"}],"wp:featuredmedia":[{"embeddable":true,"href":"https:\/\/bohemian-feathers-jewelry.fr\/en\/wp-json\/wp\/v2\/media\/2784"}],"wp:attachment":[{"href":"https:\/\/bohemian-feathers-jewelry.fr\/en\/wp-json\/wp\/v2\/media?parent=2845"}],"wp:term":[{"taxonomy":"product_brand","embeddable":true,"href":"https:\/\/bohemian-feathers-jewelry.fr\/en\/wp-json\/wp\/v2\/product_brand?post=2845"},{"taxonomy":"product_cat","embeddable":true,"href":"https:\/\/bohemian-feathers-jewelry.fr\/en\/wp-json\/wp\/v2\/product_cat?post=2845"},{"taxonomy":"product_tag","embeddable":true,"href":"https:\/\/bohemian-feathers-jewelry.fr\/en\/wp-json\/wp\/v2\/product_tag?post=2845"}],"curies":[{"name":"wp","href":"https:\/\/api.w.org\/{rel}","templated":true}]}}