{"id":26,"date":"2020-03-03T20:50:11","date_gmt":"2020-03-03T19:50:11","guid":{"rendered":"http:\/\/bohemian-feathers-jewelry.fr\/?product=boucles-doreilles-bohemes-amazonite-feathers-amerindien-bijou-elfique-tolkien-nature-wicca-feuille-arbre-navajo"},"modified":"2020-05-12T18:34:41","modified_gmt":"2020-05-12T16:34:41","slug":"boucles-doreilles-bohemes-amazonite-feathers-amerindien-bijou-elfique-tolkien-nature-wicca-feuille-arbre-navajo","status":"publish","type":"product","link":"https:\/\/bohemian-feathers-jewelry.fr\/en\/product\/boucles-doreilles-bohemes-amazonite-feathers-amerindien-bijou-elfique-tolkien-nature-wicca-feuille-arbre-navajo\/","title":{"rendered":"Boucles d&rsquo;oreilles boh\u00e8mes Amazonite Feathers"},"content":{"rendered":"<p>L&rsquo;amazonite est une pierre joyeuse, id\u00e9ale pour retrouver son \u00e2me d\u2019enfant, elle \u00e9veille la joie de vivre, elle aide \u00e0 prendre les situations moins au s\u00e9rieux, elle aide \u00e0 relativiser et surtout \u00e0 vivre l\u2019instant pr\u00e9sent spontan\u00e9ment. En lithoth\u00e9rapie on l\u2019utilise le plus souvent pour ses propri\u00e9t\u00e9s l\u00e0, qui vont \u00eatre tr\u00e8s favorables pour une personnes d\u00e9pressives ou une personne qui voient le monde de mani\u00e8re n\u00e9gative. Cette pierre lutte contre les frustrations, elle augmente la communication verbale et non verbale, elle favorise la spontan\u00e9it\u00e9 et encourage le contact humain.<br \/>\n__________________<\/p>\n<p>Boucles d&rsquo;oreilles compos\u00e9es de 2 magnifiques amazonites sculpt\u00e9es en forme de plumes, de 4 perles en amazonite et de perles et s\u00e9parateurs en laiton.<br \/>\nPierre naturelle.<\/p>\n<p>Toutes les boucles sont livr\u00e9es avec des embouts en silicone dans un joli sachet en kraft.<\/p>\n<p>Dimensions : 7.5 cm x 1.5 cm<\/p>","protected":false},"excerpt":{"rendered":"<p>Boucles d&rsquo;oreilles compos\u00e9es de 2 magnifiques amazonites sculpt\u00e9es en forme de plumes, de 4 perles en amazonite et de perles et s\u00e9parateurs en laiton.<br \/>\nPierre naturelle.<\/p>\n<p>Toutes les boucles sont livr\u00e9es avec des embouts en silicone dans un joli sachet en kraft.<\/p>\n<p>Dimensions : 7.5 cm x 1.5 cm<\/p>","protected":false},"featured_media":653,"comment_status":"open","ping_status":"closed","template":"","meta":{"_monsterinsights_skip_tracking":false,"_monsterinsights_sitenote_active":false,"_monsterinsights_sitenote_note":"","_monsterinsights_sitenote_category":0,"neve_meta_sidebar":"","neve_meta_container":"","neve_meta_enable_content_width":"off","neve_meta_content_width":0,"neve_meta_title_alignment":"","neve_meta_author_avatar":"","neve_post_elements_order":"","neve_meta_disable_header":"","neve_meta_disable_footer":"","neve_meta_disable_title":""},"product_brand":[],"product_cat":[492],"product_tag":[43,68,53,17,35,51,16,30,52,69,36],"class_list":{"0":"post-26","1":"product","2":"type-product","3":"status-publish","4":"has-post-thumbnail","6":"product_cat-boucles-oreilles-bohemes","7":"product_tag-arbre","8":"product_tag-boucles_doreilles_amazonite","9":"product_tag-boucles_doreilles_navajo","10":"product_tag-earrings","11":"product_tag-elfe","12":"product_tag-elfique","13":"product_tag-jewelry","14":"product_tag-nature","15":"product_tag-plume_navajo","16":"product_tag-plumes_amazonite","17":"product_tag-tolkien","18":"product_shipping_class-envoi-suivi","20":"first","21":"outofstock","22":"shipping-taxable","23":"purchasable","24":"product-type-simple"},"jetpack_sharing_enabled":true,"_links":{"self":[{"href":"https:\/\/bohemian-feathers-jewelry.fr\/en\/wp-json\/wp\/v2\/product\/26","targetHints":{"allow":["GET"]}}],"collection":[{"href":"https:\/\/bohemian-feathers-jewelry.fr\/en\/wp-json\/wp\/v2\/product"}],"about":[{"href":"https:\/\/bohemian-feathers-jewelry.fr\/en\/wp-json\/wp\/v2\/types\/product"}],"replies":[{"embeddable":true,"href":"https:\/\/bohemian-feathers-jewelry.fr\/en\/wp-json\/wp\/v2\/comments?post=26"}],"version-history":[{"count":1,"href":"https:\/\/bohemian-feathers-jewelry.fr\/en\/wp-json\/wp\/v2\/product\/26\/revisions"}],"predecessor-version":[{"id":656,"href":"https:\/\/bohemian-feathers-jewelry.fr\/en\/wp-json\/wp\/v2\/product\/26\/revisions\/656"}],"wp:featuredmedia":[{"embeddable":true,"href":"https:\/\/bohemian-feathers-jewelry.fr\/en\/wp-json\/wp\/v2\/media\/653"}],"wp:attachment":[{"href":"https:\/\/bohemian-feathers-jewelry.fr\/en\/wp-json\/wp\/v2\/media?parent=26"}],"wp:term":[{"taxonomy":"product_brand","embeddable":true,"href":"https:\/\/bohemian-feathers-jewelry.fr\/en\/wp-json\/wp\/v2\/product_brand?post=26"},{"taxonomy":"product_cat","embeddable":true,"href":"https:\/\/bohemian-feathers-jewelry.fr\/en\/wp-json\/wp\/v2\/product_cat?post=26"},{"taxonomy":"product_tag","embeddable":true,"href":"https:\/\/bohemian-feathers-jewelry.fr\/en\/wp-json\/wp\/v2\/product_tag?post=26"}],"curies":[{"name":"wp","href":"https:\/\/api.w.org\/{rel}","templated":true}]}}