{"id":2493,"date":"2020-08-07T14:55:43","date_gmt":"2020-08-07T12:55:43","guid":{"rendered":"https:\/\/bohemian-feathers-jewelry.fr\/?post_type=product&#038;p=2493"},"modified":"2021-02-22T14:31:56","modified_gmt":"2021-02-22T13:31:56","slug":"collier-labradorite-wolfhead-xxl","status":"publish","type":"product","link":"https:\/\/bohemian-feathers-jewelry.fr\/en\/product\/collier-labradorite-wolfhead-xxl\/","title":{"rendered":"Collier Labradorite WolfHead &#8211; XXL"},"content":{"rendered":"<p><span style=\"font-weight: 400;\">La labradorite est une puissante pierre de protection incontournable faisant office de bouclier. Reflet des couleurs c\u00e9lestes, la gemme vous prot\u00e8ge des mauvaises influences d\u2019autrui et vous n\u2019avez plus \u00e0 craindre que l\u2019on vous fasse souffrir. La labradorite joue \u00e9galement un r\u00f4le d\u2019\u00e9ponge puisqu\u2019elle absorbe toutes les \u00e9nergies n\u00e9gatives et les chagrins des autres pour finalement les dissoudre toutes les pollutions mentales, aussi bien celles que vous \u00e9mettez que celles qui sont dirig\u00e9es vers vous.<\/span><\/p>\n<p>____________________________<\/p>\n<p>Collier boh\u00e8me compos\u00e9 d&rsquo;une tr\u00e8s belle t\u00eate de loup en labradorite mont\u00e9e sur un cordon en cuir naturel noir.<\/p>\n<p>Longueur de cordon : 45 cm<br \/>\nLongueur du pendentif : 6 cm<br \/>\nLargeur du pendentif : 4 cm<br \/>\nChainette d&rsquo;extension de 5 cm<\/p>\n<p>____________________________<\/p>\n<p>Les colliers Wolfhead sont envoy\u00e9s dans de petites boites en carton et mousse naturelle.<br \/>\nLes frais de livraison correspondent \u00e0 un envoi en colissimo avec remise contre signature.<\/p>","protected":false},"excerpt":{"rendered":"<p>Collier boh\u00e8me compos\u00e9 d&rsquo;une tr\u00e8s belle t\u00eate de loup en labradorite mont\u00e9e sur un cordon en cuir naturel noir.<\/p>\n<p>Longueur de cordon : 45 cm<br \/>\nLongueur du pendentif : 6 cm<br \/>\nLargeur du pendentif : 4 cm<br \/>\nChainette d&rsquo;extension de 5 cm<\/p>","protected":false},"featured_media":2496,"comment_status":"open","ping_status":"closed","template":"","meta":{"_monsterinsights_skip_tracking":false,"_monsterinsights_sitenote_active":false,"_monsterinsights_sitenote_note":"","_monsterinsights_sitenote_category":0,"neve_meta_sidebar":"","neve_meta_container":"","neve_meta_enable_content_width":"off","neve_meta_content_width":0,"neve_meta_title_alignment":"","neve_meta_author_avatar":"","neve_post_elements_order":"","neve_meta_disable_header":"","neve_meta_disable_footer":"","neve_meta_disable_title":""},"product_brand":[],"product_cat":[487],"product_tag":[76,80,79,81,78,34,16,73,83,30,72,75,77,74],"class_list":{"0":"post-2493","1":"product","2":"type-product","3":"status-publish","4":"has-post-thumbnail","6":"product_cat-collier-loups","7":"product_tag-animal_totem","8":"product_tag-collier_cuir","9":"product_tag-collier_loup","10":"product_tag-collier_tete_de_loup","11":"product_tag-esprit_sauvage","12":"product_tag-foret","13":"product_tag-jewelry","14":"product_tag-loup","15":"product_tag-loup_labradorite","16":"product_tag-nature","17":"product_tag-necklace","18":"product_tag-pierre_de_gemmes","19":"product_tag-sioux_navajo","20":"product_tag-tete_de_loup","21":"product_shipping_class-colissimo","23":"first","24":"outofstock","25":"shipping-taxable","26":"purchasable","27":"product-type-simple"},"jetpack_sharing_enabled":true,"_links":{"self":[{"href":"https:\/\/bohemian-feathers-jewelry.fr\/en\/wp-json\/wp\/v2\/product\/2493","targetHints":{"allow":["GET"]}}],"collection":[{"href":"https:\/\/bohemian-feathers-jewelry.fr\/en\/wp-json\/wp\/v2\/product"}],"about":[{"href":"https:\/\/bohemian-feathers-jewelry.fr\/en\/wp-json\/wp\/v2\/types\/product"}],"replies":[{"embeddable":true,"href":"https:\/\/bohemian-feathers-jewelry.fr\/en\/wp-json\/wp\/v2\/comments?post=2493"}],"version-history":[{"count":4,"href":"https:\/\/bohemian-feathers-jewelry.fr\/en\/wp-json\/wp\/v2\/product\/2493\/revisions"}],"predecessor-version":[{"id":2572,"href":"https:\/\/bohemian-feathers-jewelry.fr\/en\/wp-json\/wp\/v2\/product\/2493\/revisions\/2572"}],"wp:featuredmedia":[{"embeddable":true,"href":"https:\/\/bohemian-feathers-jewelry.fr\/en\/wp-json\/wp\/v2\/media\/2496"}],"wp:attachment":[{"href":"https:\/\/bohemian-feathers-jewelry.fr\/en\/wp-json\/wp\/v2\/media?parent=2493"}],"wp:term":[{"taxonomy":"product_brand","embeddable":true,"href":"https:\/\/bohemian-feathers-jewelry.fr\/en\/wp-json\/wp\/v2\/product_brand?post=2493"},{"taxonomy":"product_cat","embeddable":true,"href":"https:\/\/bohemian-feathers-jewelry.fr\/en\/wp-json\/wp\/v2\/product_cat?post=2493"},{"taxonomy":"product_tag","embeddable":true,"href":"https:\/\/bohemian-feathers-jewelry.fr\/en\/wp-json\/wp\/v2\/product_tag?post=2493"}],"curies":[{"name":"wp","href":"https:\/\/api.w.org\/{rel}","templated":true}]}}