{"id":2191,"date":"2024-09-11T15:23:18","date_gmt":"2024-09-11T13:23:18","guid":{"rendered":"https:\/\/bohemian-feathers-jewelry.fr\/?post_type=product&#038;p=2191"},"modified":"2025-09-14T13:03:01","modified_gmt":"2025-09-14T11:03:01","slug":"illustration-chauve-souris","status":"publish","type":"product","link":"https:\/\/bohemian-feathers-jewelry.fr\/en\/product\/illustration-chauve-souris\/","title":{"rendered":"Illustration Chauve-Souris"},"content":{"rendered":"<p>Mignonne petite chauve-souris pr\u00eate \u00e0 venir se poser dans un coin de votre maison !<\/p>\n<p class=\"p1\">Reproduction d&rsquo;un de mes dessins r\u00e9alis\u00e9 au feutre fin sur papier. Elle vous est ici propos\u00e9 en impression sur papier textur\u00e9 Canson 200gr.<\/p>\n<p>Vous avez le choix entre 3 tailles :<br \/>\n\u2013 10\u00d715 cm (format carte-postale)<br \/>\n\u2013 15\u00d721 cm (format A5)<br \/>\n\u2013 21\u00d729,7 cm (format A4)<\/p>\n<p>Les reproductions sont imprim\u00e9es \u00e0 la commande et d\u00e9coup\u00e9es \u00e0 la main pour les formats 10\u00d715 cm.<br \/>\nLes envois se font en enveloppes cartonn\u00e9es avec suivi.<\/p>","protected":false},"excerpt":{"rendered":"<p>Mignonne petite chauve-souris pr\u00eate \u00e0 venir se poser dans un coin de votre maison !<\/p>\n<p class=\"p1\">Reproduction d&rsquo;un de mes dessins r\u00e9alis\u00e9 au feutre fin sur papier. Elle vous est ici propos\u00e9 en impression sur papier textur\u00e9 Canson 200gr.<\/p>\n<p>Vous avez le choix entre 3 tailles :<br \/>\n\u2013 10\u00d715 cm (format carte-postale)<br \/>\n\u2013 15\u00d721 cm (format A5)<br \/>\n\u2013 21\u00d729,7 cm (format A4)<\/p>\n<p>Les reproductions sont imprim\u00e9es \u00e0 la commande et d\u00e9coup\u00e9es \u00e0 la main pour les formats 10\u00d715 cm.<br \/>\nLes envois se font en enveloppes cartonn\u00e9es avec suivi.<\/p>","protected":false},"featured_media":2126,"comment_status":"open","ping_status":"closed","template":"","meta":{"_monsterinsights_skip_tracking":false,"_monsterinsights_sitenote_active":false,"_monsterinsights_sitenote_note":"","_monsterinsights_sitenote_category":0,"neve_meta_sidebar":"","neve_meta_container":"","neve_meta_enable_content_width":"off","neve_meta_content_width":70,"neve_meta_title_alignment":"","neve_meta_author_avatar":"","neve_post_elements_order":"","neve_meta_disable_header":"","neve_meta_disable_footer":"","neve_meta_disable_title":""},"product_brand":[],"product_cat":[511,926],"product_tag":[514,551,513,552,515,34,512,517],"class_list":{"0":"post-2191","1":"product","2":"type-product","3":"status-publish","4":"has-post-thumbnail","6":"product_cat-illustrations","7":"product_cat-animaux","8":"product_tag-art","9":"product_tag-chauve-souris","10":"product_tag-dessin","11":"product_tag-dessin_chauve-souris","12":"product_tag-dessin_noir","13":"product_tag-foret","14":"product_tag-illustration","15":"product_tag-magink_forest","16":"product_shipping_class-envoi-suivi","18":"first","19":"instock","20":"shipping-taxable","21":"purchasable","22":"product-type-variable"},"jetpack_sharing_enabled":true,"_links":{"self":[{"href":"https:\/\/bohemian-feathers-jewelry.fr\/en\/wp-json\/wp\/v2\/product\/2191","targetHints":{"allow":["GET"]}}],"collection":[{"href":"https:\/\/bohemian-feathers-jewelry.fr\/en\/wp-json\/wp\/v2\/product"}],"about":[{"href":"https:\/\/bohemian-feathers-jewelry.fr\/en\/wp-json\/wp\/v2\/types\/product"}],"replies":[{"embeddable":true,"href":"https:\/\/bohemian-feathers-jewelry.fr\/en\/wp-json\/wp\/v2\/comments?post=2191"}],"version-history":[{"count":4,"href":"https:\/\/bohemian-feathers-jewelry.fr\/en\/wp-json\/wp\/v2\/product\/2191\/revisions"}],"predecessor-version":[{"id":9376,"href":"https:\/\/bohemian-feathers-jewelry.fr\/en\/wp-json\/wp\/v2\/product\/2191\/revisions\/9376"}],"wp:featuredmedia":[{"embeddable":true,"href":"https:\/\/bohemian-feathers-jewelry.fr\/en\/wp-json\/wp\/v2\/media\/2126"}],"wp:attachment":[{"href":"https:\/\/bohemian-feathers-jewelry.fr\/en\/wp-json\/wp\/v2\/media?parent=2191"}],"wp:term":[{"taxonomy":"product_brand","embeddable":true,"href":"https:\/\/bohemian-feathers-jewelry.fr\/en\/wp-json\/wp\/v2\/product_brand?post=2191"},{"taxonomy":"product_cat","embeddable":true,"href":"https:\/\/bohemian-feathers-jewelry.fr\/en\/wp-json\/wp\/v2\/product_cat?post=2191"},{"taxonomy":"product_tag","embeddable":true,"href":"https:\/\/bohemian-feathers-jewelry.fr\/en\/wp-json\/wp\/v2\/product_tag?post=2191"}],"curies":[{"name":"wp","href":"https:\/\/api.w.org\/{rel}","templated":true}]}}