{"id":2067,"date":"2020-05-19T16:01:30","date_gmt":"2020-05-19T14:01:30","guid":{"rendered":"https:\/\/bohemian-feathers-jewelry.fr\/?post_type=product&#038;p=2067"},"modified":"2021-05-20T12:33:14","modified_gmt":"2021-05-20T10:33:14","slug":"boucles-doreilles-bohemes-amazonite-feathers-2","status":"publish","type":"product","link":"https:\/\/bohemian-feathers-jewelry.fr\/en\/product\/boucles-doreilles-bohemes-amazonite-feathers-2\/","title":{"rendered":"Boucles d&rsquo;oreilles boh\u00e8mes Amazonite Feathers"},"content":{"rendered":"<p><span style=\"font-weight: 400;\">L&rsquo;amazonite est une pierre joyeuse, id\u00e9ale pour retrouver son \u00e2me d\u2019enfant, elle \u00e9veille la joie de vivre, elle aide \u00e0 prendre les situations moins au s\u00e9rieux, elle aide \u00e0 relativiser et surtout \u00e0 vivre l\u2019instant pr\u00e9sent spontan\u00e9ment. En lithoth\u00e9rapie on l\u2019utilise le plus souvent pour ses propri\u00e9t\u00e9s l\u00e0, qui vont \u00eatre tr\u00e8s favorables pour une personnes d\u00e9pressives ou une personne qui voient le monde de mani\u00e8re n\u00e9gative. Cette pierre lutte contre les frustrations, elle augmente la communication verbale et non verbale, elle favorise la spontan\u00e9it\u00e9 et encourage le contact humain.<\/span><\/p>\n<p>__________________<\/p>\n<p>Boucles d&rsquo;oreilles compos\u00e9es de 2 magnifiques amazonite sculpt\u00e9es en forme de plumes, de 4 perles en amazonite et de perles et s\u00e9parateurs en laiton.<br \/>\nPierre naturelle.<\/p>\n<p>Toutes les boucles sont livr\u00e9es avec des embouts en silicone dans un joli sachet en kraft.<\/p>\n<p>Dimensions : 7 cm x 2 cm<\/p>\n<p>_______________________________<\/p>\n<p>Les crochets des boucles peuvent \u00eatre chang\u00e9s sur demande. Ici ce sont des crochets simples qui peuvent \u00eatre remplac\u00e9s par des clips pour oreilles non perc\u00e9es ou de grands crochets pour les oreilles stretch\u00e9es. N&rsquo;h\u00e9sitez pas \u00e0 m&rsquo;envoyer un message avant votre commande si vous avez la moindre question.<\/p>","protected":false},"excerpt":{"rendered":"<p>Boucles d&rsquo;oreilles compos\u00e9es de 2 magnifiques amazonite sculpt\u00e9es en forme de plumes, de 4 perles en amazonite et de perles et s\u00e9parateurs en laiton.<br \/>\nPierre naturelle.<\/p>\n<p>Toutes les boucles sont livr\u00e9es avec des embouts en silicone dans un joli sachet en kraft.<\/p>\n<p>Dimensions : 7 cm x 2 cm<\/p>\n<p>_______________________________<\/p>\n<p>Les crochets des boucles peuvent \u00eatre chang\u00e9s sur demande. Ici ce sont des crochets simples qui peuvent \u00eatre remplac\u00e9s par des clips pour oreilles non perc\u00e9es ou de grands crochets pour les oreilles stretch\u00e9es. N&rsquo;h\u00e9sitez pas \u00e0 m&rsquo;envoyer un message avant votre commande si vous avez la moindre question.<\/p>","protected":false},"featured_media":2045,"comment_status":"open","ping_status":"closed","template":"","meta":{"_monsterinsights_skip_tracking":false,"_monsterinsights_sitenote_active":false,"_monsterinsights_sitenote_note":"","_monsterinsights_sitenote_category":0,"neve_meta_sidebar":"","neve_meta_container":"","neve_meta_enable_content_width":"off","neve_meta_content_width":0,"neve_meta_title_alignment":"","neve_meta_author_avatar":"","neve_post_elements_order":"","neve_meta_disable_header":"","neve_meta_disable_footer":"","neve_meta_disable_title":""},"product_brand":[],"product_cat":[483,684],"product_tag":[533,43,70,53,17,35,51,532,16,30,52,534,36],"class_list":{"0":"post-2067","1":"product","2":"type-product","3":"status-publish","4":"has-post-thumbnail","6":"product_cat-boucles-oreilles","7":"product_cat-boucles-doreilles-bohemian-feathers","8":"product_tag-aigle","9":"product_tag-arbre","10":"product_tag-boucles_doreilles_jaspe","11":"product_tag-boucles_doreilles_navajo","12":"product_tag-earrings","13":"product_tag-elfe","14":"product_tag-elfique","15":"product_tag-faucon","16":"product_tag-jewelry","17":"product_tag-nature","18":"product_tag-plume_navajo","19":"product_tag-plume_serpentine","20":"product_tag-tolkien","21":"product_shipping_class-envoi-suivi","23":"first","24":"outofstock","25":"shipping-taxable","26":"purchasable","27":"product-type-simple"},"jetpack_sharing_enabled":true,"_links":{"self":[{"href":"https:\/\/bohemian-feathers-jewelry.fr\/en\/wp-json\/wp\/v2\/product\/2067","targetHints":{"allow":["GET"]}}],"collection":[{"href":"https:\/\/bohemian-feathers-jewelry.fr\/en\/wp-json\/wp\/v2\/product"}],"about":[{"href":"https:\/\/bohemian-feathers-jewelry.fr\/en\/wp-json\/wp\/v2\/types\/product"}],"replies":[{"embeddable":true,"href":"https:\/\/bohemian-feathers-jewelry.fr\/en\/wp-json\/wp\/v2\/comments?post=2067"}],"version-history":[{"count":2,"href":"https:\/\/bohemian-feathers-jewelry.fr\/en\/wp-json\/wp\/v2\/product\/2067\/revisions"}],"predecessor-version":[{"id":4333,"href":"https:\/\/bohemian-feathers-jewelry.fr\/en\/wp-json\/wp\/v2\/product\/2067\/revisions\/4333"}],"wp:featuredmedia":[{"embeddable":true,"href":"https:\/\/bohemian-feathers-jewelry.fr\/en\/wp-json\/wp\/v2\/media\/2045"}],"wp:attachment":[{"href":"https:\/\/bohemian-feathers-jewelry.fr\/en\/wp-json\/wp\/v2\/media?parent=2067"}],"wp:term":[{"taxonomy":"product_brand","embeddable":true,"href":"https:\/\/bohemian-feathers-jewelry.fr\/en\/wp-json\/wp\/v2\/product_brand?post=2067"},{"taxonomy":"product_cat","embeddable":true,"href":"https:\/\/bohemian-feathers-jewelry.fr\/en\/wp-json\/wp\/v2\/product_cat?post=2067"},{"taxonomy":"product_tag","embeddable":true,"href":"https:\/\/bohemian-feathers-jewelry.fr\/en\/wp-json\/wp\/v2\/product_tag?post=2067"}],"curies":[{"name":"wp","href":"https:\/\/api.w.org\/{rel}","templated":true}]}}