{"id":2058,"date":"2020-05-19T15:49:50","date_gmt":"2020-05-19T13:49:50","guid":{"rendered":"https:\/\/bohemian-feathers-jewelry.fr\/?post_type=product&#038;p=2058"},"modified":"2023-02-11T11:41:12","modified_gmt":"2023-02-11T10:41:12","slug":"boucles-doreilles-bohemes-hawkeye-feathers","status":"publish","type":"product","link":"https:\/\/bohemian-feathers-jewelry.fr\/en\/product\/boucles-doreilles-bohemes-hawkeye-feathers\/","title":{"rendered":"Boucles d&rsquo;oreilles boh\u00e8mes Hawkeye Feathers"},"content":{"rendered":"<p><span style=\"font-weight: 400;\">L\u2019oeil de faucon ouvre l\u2019esprit aux id\u00e9es neuves, stimule l\u2019\u00e9coute des autres. Cette pierre est recommand\u00e9e aux personnes tr\u00e8s conservatrices, \u00e9troites d\u2019esprit, psychorigides, repli\u00e9es sur leurs certitudes afin de les aider \u00e0 mieux accepter la nouveaut\u00e9, d\u2019autres modes de pens\u00e9e et un peu de fantaisie.<\/span><\/p>\n<p>__________________<\/p>\n<p>Boucles d&rsquo;oreilles compos\u00e9es de 2 magnifiques oeil de faucon sculpt\u00e9es en forme de plumes, de 2 perles en oeil de faucon et 2 perles en oeil de tigre, de perles et s\u00e9parateurs en laiton.<br \/>\nPierre naturelle.<\/p>\n<p>Toutes les boucles sont livr\u00e9es avec des embouts en silicone dans un joli sachet en kraft.<\/p>\n<p>Dimensions : 8.5 cm x 1.5 cm<\/p>\n<p>_______________________________<\/p>\n<p>Les crochets des boucles peuvent \u00eatre chang\u00e9s sur demande. Ici ce sont des crochets simples qui peuvent \u00eatre remplac\u00e9s par des clips pour oreilles non perc\u00e9es ou de grands crochets pour les oreilles stretch\u00e9es. N&rsquo;h\u00e9sitez pas \u00e0 m&rsquo;envoyer un message avant votre commande si vous avez la moindre question.<\/p>","protected":false},"excerpt":{"rendered":"<p>Boucles d&rsquo;oreilles compos\u00e9es de 2 magnifiques oeil de faucon sculpt\u00e9es en forme de plumes, de 2 perles en oeil de faucon et 2 perles en oeil de tigre, de perles et s\u00e9parateurs en laiton.<br \/>\nPierre naturelle.<\/p>\n<p>Toutes les boucles sont livr\u00e9es avec des embouts en silicone dans un joli sachet en kraft.<\/p>\n<p>Dimensions : 8.5 cm x 1.5 cm<\/p>\n<p>_______________________________<\/p>\n<p>Les crochets des boucles peuvent \u00eatre chang\u00e9s sur demande. Ici ce sont des crochets simples qui peuvent \u00eatre remplac\u00e9s par des clips pour oreilles non perc\u00e9es ou de grands crochets pour les oreilles stretch\u00e9es. N&rsquo;h\u00e9sitez pas \u00e0 m&rsquo;envoyer un message avant votre commande si vous avez la moindre question.<\/p>","protected":false},"featured_media":2025,"comment_status":"open","ping_status":"closed","template":"","meta":{"_monsterinsights_skip_tracking":false,"_monsterinsights_sitenote_active":false,"_monsterinsights_sitenote_note":"","_monsterinsights_sitenote_category":0,"neve_meta_sidebar":"","neve_meta_container":"","neve_meta_enable_content_width":"off","neve_meta_content_width":0,"neve_meta_title_alignment":"","neve_meta_author_avatar":"","neve_post_elements_order":"","neve_meta_disable_header":"","neve_meta_disable_footer":"","neve_meta_disable_title":""},"product_brand":[],"product_cat":[483,684],"product_tag":[533,43,70,53,17,35,51,532,16,30,52,531,36],"class_list":{"0":"post-2058","1":"product","2":"type-product","3":"status-publish","4":"has-post-thumbnail","6":"product_cat-boucles-oreilles","7":"product_cat-boucles-doreilles-bohemian-feathers","8":"product_tag-aigle","9":"product_tag-arbre","10":"product_tag-boucles_doreilles_jaspe","11":"product_tag-boucles_doreilles_navajo","12":"product_tag-earrings","13":"product_tag-elfe","14":"product_tag-elfique","15":"product_tag-faucon","16":"product_tag-jewelry","17":"product_tag-nature","18":"product_tag-plume_navajo","19":"product_tag-plume_oeil_de_faucon","20":"product_tag-tolkien","21":"product_shipping_class-envoi-suivi","23":"first","24":"outofstock","25":"shipping-taxable","26":"purchasable","27":"product-type-simple"},"jetpack_sharing_enabled":true,"_links":{"self":[{"href":"https:\/\/bohemian-feathers-jewelry.fr\/en\/wp-json\/wp\/v2\/product\/2058","targetHints":{"allow":["GET"]}}],"collection":[{"href":"https:\/\/bohemian-feathers-jewelry.fr\/en\/wp-json\/wp\/v2\/product"}],"about":[{"href":"https:\/\/bohemian-feathers-jewelry.fr\/en\/wp-json\/wp\/v2\/types\/product"}],"replies":[{"embeddable":true,"href":"https:\/\/bohemian-feathers-jewelry.fr\/en\/wp-json\/wp\/v2\/comments?post=2058"}],"version-history":[{"count":2,"href":"https:\/\/bohemian-feathers-jewelry.fr\/en\/wp-json\/wp\/v2\/product\/2058\/revisions"}],"predecessor-version":[{"id":4336,"href":"https:\/\/bohemian-feathers-jewelry.fr\/en\/wp-json\/wp\/v2\/product\/2058\/revisions\/4336"}],"wp:featuredmedia":[{"embeddable":true,"href":"https:\/\/bohemian-feathers-jewelry.fr\/en\/wp-json\/wp\/v2\/media\/2025"}],"wp:attachment":[{"href":"https:\/\/bohemian-feathers-jewelry.fr\/en\/wp-json\/wp\/v2\/media?parent=2058"}],"wp:term":[{"taxonomy":"product_brand","embeddable":true,"href":"https:\/\/bohemian-feathers-jewelry.fr\/en\/wp-json\/wp\/v2\/product_brand?post=2058"},{"taxonomy":"product_cat","embeddable":true,"href":"https:\/\/bohemian-feathers-jewelry.fr\/en\/wp-json\/wp\/v2\/product_cat?post=2058"},{"taxonomy":"product_tag","embeddable":true,"href":"https:\/\/bohemian-feathers-jewelry.fr\/en\/wp-json\/wp\/v2\/product_tag?post=2058"}],"curies":[{"name":"wp","href":"https:\/\/api.w.org\/{rel}","templated":true}]}}