{"id":1997,"date":"2020-05-17T17:14:45","date_gmt":"2020-05-17T15:14:45","guid":{"rendered":"https:\/\/bohemian-feathers-jewelry.fr\/?post_type=product&#038;p=1997"},"modified":"2020-10-30T18:23:46","modified_gmt":"2020-10-30T17:23:46","slug":"bague-elfic-pink-quartz","status":"publish","type":"product","link":"https:\/\/bohemian-feathers-jewelry.fr\/en\/product\/bague-elfic-pink-quartz\/","title":{"rendered":"Bague Elfic Pink Quartz"},"content":{"rendered":"<p><span style=\"font-weight: 400;\">Le quartz rose se d\u00e9finit depuis toujours comme la pierre du c\u0153ur, de l\u2019amour et de la paix. Il a le privil\u00e8ge de soulager les maux physiques de notre organe moteur et les troubles de notre centrale \u00e9motionnelle. Par ses vertus d\u00e9toxifiantes et calmantes, le quartz rose diffuse sa douceur sur notre organisme et dans nos relations avec autrui.<\/span><\/p>\n<p>___________________________________<\/p>\n<p>Bague en laiton couleur bronze avec d\u00e9cors de feuilles surmont\u00e9e d&rsquo;un cabochon en quartz rose de 10mm.<\/p>\n<p>Taille 52 FR. Non r\u00e9glable.<\/p>","protected":false},"excerpt":{"rendered":"<p>Bague en laiton couleur bronze avec d\u00e9cors de feuilles surmont\u00e9e d&rsquo;un cabochon en quartz rose de 10mm.<\/p>\n<p>Taille 52 FR. Non r\u00e9glable.<\/p>","protected":false},"featured_media":1985,"comment_status":"open","ping_status":"closed","template":"","meta":{"_monsterinsights_skip_tracking":false,"_monsterinsights_sitenote_active":false,"_monsterinsights_sitenote_note":"","_monsterinsights_sitenote_category":0,"neve_meta_sidebar":"","neve_meta_container":"","neve_meta_enable_content_width":"off","neve_meta_content_width":0,"neve_meta_title_alignment":"","neve_meta_author_avatar":"","neve_post_elements_order":"","neve_meta_disable_header":"","neve_meta_disable_footer":"","neve_meta_disable_title":""},"product_brand":[],"product_cat":[493],"product_tag":[457,524,461,290,78,34,16,30,75,280],"class_list":{"0":"post-1997","1":"product","2":"type-product","3":"status-publish","4":"has-post-thumbnail","6":"product_cat-bagues","7":"product_tag-bague_chevaliere","8":"product_tag-bague_elfique","9":"product_tag-bague_pierre","10":"product_tag-bague_quartz_rose","11":"product_tag-esprit_sauvage","12":"product_tag-foret","13":"product_tag-jewelry","14":"product_tag-nature","15":"product_tag-pierre_de_gemmes","16":"product_tag-ring","17":"product_shipping_class-envoi-suivi","19":"first","20":"outofstock","21":"shipping-taxable","22":"purchasable","23":"product-type-simple"},"jetpack_sharing_enabled":true,"_links":{"self":[{"href":"https:\/\/bohemian-feathers-jewelry.fr\/en\/wp-json\/wp\/v2\/product\/1997","targetHints":{"allow":["GET"]}}],"collection":[{"href":"https:\/\/bohemian-feathers-jewelry.fr\/en\/wp-json\/wp\/v2\/product"}],"about":[{"href":"https:\/\/bohemian-feathers-jewelry.fr\/en\/wp-json\/wp\/v2\/types\/product"}],"replies":[{"embeddable":true,"href":"https:\/\/bohemian-feathers-jewelry.fr\/en\/wp-json\/wp\/v2\/comments?post=1997"}],"version-history":[{"count":1,"href":"https:\/\/bohemian-feathers-jewelry.fr\/en\/wp-json\/wp\/v2\/product\/1997\/revisions"}],"predecessor-version":[{"id":1998,"href":"https:\/\/bohemian-feathers-jewelry.fr\/en\/wp-json\/wp\/v2\/product\/1997\/revisions\/1998"}],"wp:featuredmedia":[{"embeddable":true,"href":"https:\/\/bohemian-feathers-jewelry.fr\/en\/wp-json\/wp\/v2\/media\/1985"}],"wp:attachment":[{"href":"https:\/\/bohemian-feathers-jewelry.fr\/en\/wp-json\/wp\/v2\/media?parent=1997"}],"wp:term":[{"taxonomy":"product_brand","embeddable":true,"href":"https:\/\/bohemian-feathers-jewelry.fr\/en\/wp-json\/wp\/v2\/product_brand?post=1997"},{"taxonomy":"product_cat","embeddable":true,"href":"https:\/\/bohemian-feathers-jewelry.fr\/en\/wp-json\/wp\/v2\/product_cat?post=1997"},{"taxonomy":"product_tag","embeddable":true,"href":"https:\/\/bohemian-feathers-jewelry.fr\/en\/wp-json\/wp\/v2\/product_tag?post=1997"}],"curies":[{"name":"wp","href":"https:\/\/api.w.org\/{rel}","templated":true}]}}