{"id":1896,"date":"2020-05-11T16:42:15","date_gmt":"2020-05-11T14:42:15","guid":{"rendered":"https:\/\/bohemian-feathers-jewelry.fr\/?post_type=product&#038;p=1896"},"modified":"2020-08-11T22:03:13","modified_gmt":"2020-08-11T20:03:13","slug":"boucles-doreilles-bohemes-chrysocolla-leafs-2","status":"publish","type":"product","link":"https:\/\/bohemian-feathers-jewelry.fr\/en\/product\/boucles-doreilles-bohemes-chrysocolla-leafs-2\/","title":{"rendered":"Boucles d&rsquo;oreilles boh\u00e8mes Chrysocolla Leafs"},"content":{"rendered":"<p><span style=\"font-weight: 400;\">La chrysocolle est une pierre calme et utile. C&rsquo;est une pierre tr\u00e8s positive, qui renforce l\u2019amiti\u00e9 en d\u00e9tournant les influences n\u00e9gatives. Elle facilite la m\u00e9ditation et la communication. Aide \u00e0 accepter les situations compliqu\u00e9es, en faisant appel \u00e0 sa force int\u00e9rieure. La chrysocolle est une pierre qui redonne confiance en soi. Elle apporte la joie gr\u00e2ce \u00e0 son pouvoir d\u2019absorber les \u00e9motions n\u00e9gatives. La chrysocolle \u00e9limine nos peurs et la n\u00e9gativit\u00e9. Elle redonne confiance \u00e0 ceux qui en manque. Elle diminue les tensions.<\/span><br \/>\n__________________<\/p>\n<p>Boucles d&rsquo;oreilles compos\u00e9es de 2 magnifiques chrysocolles sculpt\u00e9es en forme de feuilles.<br \/>\nPierre naturelle. Laiton.<\/p>\n<p>Toutes les boucles sont livr\u00e9es avec des embouts en silicone dans un joli sachet en kraft.<\/p>\n<p>Dimensions : 6 cm x 1.5 cm<\/p>","protected":false},"excerpt":{"rendered":"<p>Boucles d&rsquo;oreilles compos\u00e9es de 2 magnifiques chrysocolles sculpt\u00e9es en forme de feuilles.<br \/>\nPierre naturelle. Laiton.<\/p>\n<p>Toutes les boucles sont livr\u00e9es avec des embouts en silicone dans un joli sachet en kraft.<\/p>\n<p>Dimensions : 6 cm x 1.5 cm<\/p>","protected":false},"featured_media":1872,"comment_status":"open","ping_status":"closed","template":"","meta":{"_monsterinsights_skip_tracking":false,"_monsterinsights_sitenote_active":false,"_monsterinsights_sitenote_note":"","_monsterinsights_sitenote_category":0,"neve_meta_sidebar":"","neve_meta_container":"","neve_meta_enable_content_width":"off","neve_meta_content_width":0,"neve_meta_title_alignment":"","neve_meta_author_avatar":"","neve_post_elements_order":"","neve_meta_disable_header":"","neve_meta_disable_footer":"","neve_meta_disable_title":""},"product_brand":[],"product_cat":[491],"product_tag":[43,154,44,17,35,51,40,37,16,38,30,155,36],"class_list":{"0":"post-1896","1":"product","2":"type-product","3":"status-publish","4":"has-post-thumbnail","6":"product_cat-boucles-oreilles-leaves","7":"product_tag-arbre","8":"product_tag-arwen","9":"product_tag-boucles_doreilles_feuille","10":"product_tag-earrings","11":"product_tag-elfe","12":"product_tag-elfique","13":"product_tag-feuille","14":"product_tag-hobbit","15":"product_tag-jewelry","16":"product_tag-lord_of_the_rings","17":"product_tag-nature","18":"product_tag-tauriel","19":"product_tag-tolkien","20":"product_shipping_class-envoi-suivi","22":"first","23":"outofstock","24":"shipping-taxable","25":"purchasable","26":"product-type-simple"},"jetpack_sharing_enabled":true,"_links":{"self":[{"href":"https:\/\/bohemian-feathers-jewelry.fr\/en\/wp-json\/wp\/v2\/product\/1896","targetHints":{"allow":["GET"]}}],"collection":[{"href":"https:\/\/bohemian-feathers-jewelry.fr\/en\/wp-json\/wp\/v2\/product"}],"about":[{"href":"https:\/\/bohemian-feathers-jewelry.fr\/en\/wp-json\/wp\/v2\/types\/product"}],"replies":[{"embeddable":true,"href":"https:\/\/bohemian-feathers-jewelry.fr\/en\/wp-json\/wp\/v2\/comments?post=1896"}],"version-history":[{"count":2,"href":"https:\/\/bohemian-feathers-jewelry.fr\/en\/wp-json\/wp\/v2\/product\/1896\/revisions"}],"predecessor-version":[{"id":1903,"href":"https:\/\/bohemian-feathers-jewelry.fr\/en\/wp-json\/wp\/v2\/product\/1896\/revisions\/1903"}],"wp:featuredmedia":[{"embeddable":true,"href":"https:\/\/bohemian-feathers-jewelry.fr\/en\/wp-json\/wp\/v2\/media\/1872"}],"wp:attachment":[{"href":"https:\/\/bohemian-feathers-jewelry.fr\/en\/wp-json\/wp\/v2\/media?parent=1896"}],"wp:term":[{"taxonomy":"product_brand","embeddable":true,"href":"https:\/\/bohemian-feathers-jewelry.fr\/en\/wp-json\/wp\/v2\/product_brand?post=1896"},{"taxonomy":"product_cat","embeddable":true,"href":"https:\/\/bohemian-feathers-jewelry.fr\/en\/wp-json\/wp\/v2\/product_cat?post=1896"},{"taxonomy":"product_tag","embeddable":true,"href":"https:\/\/bohemian-feathers-jewelry.fr\/en\/wp-json\/wp\/v2\/product_tag?post=1896"}],"curies":[{"name":"wp","href":"https:\/\/api.w.org\/{rel}","templated":true}]}}