{"id":17911,"date":"2026-05-01T15:24:28","date_gmt":"2026-05-01T13:24:28","guid":{"rendered":"https:\/\/bohemian-feathers-jewelry.fr\/?post_type=product&#038;p=17911"},"modified":"2026-05-01T15:35:19","modified_gmt":"2026-05-01T13:35:19","slug":"bague-tree-spirit-60fr-reglable-en-ou","status":"publish","type":"product","link":"https:\/\/bohemian-feathers-jewelry.fr\/en\/product\/bague-tree-spirit-60fr-reglable-en-ou\/","title":{"rendered":"Bague Tree Spirit &#8211; 60FR &#8211; r\u00e9glable en + ou &#8211;"},"content":{"rendered":"<p>La chrysoprase stimule la cr\u00e9ativit\u00e9. C\u2019est la pierre du renouveau, du changement pour rena\u00eetre \u00e0 la vie. Elle donne confiance en soi, rassure et permet de ne pas \u00eatre influenc\u00e9 par les autres. Les espoirs, les esp\u00e9rances sont pr\u00e9sentes avec la chrysoprase qui apporte fertilit\u00e9 et r\u00e9confort. La chrysoprase encourage, fait progresser dans les affaires et permet d\u2019avoir de bonnes relations.<\/p>\n<p>_____________________________________<\/p>\n<p>Bague r\u00e9alis\u00e9e enti\u00e8rement \u00e0 la main gr\u00e2ce \u00e0 la technique de la cire perdue.<br \/>\nJ&rsquo;ai sculpt\u00e9 cette bague dans la cire, elle a ensuite \u00e9t\u00e9 fondue en laiton, nettoy\u00e9e et polie pour lui apporter son aspect final. Comme son nom l&rsquo;indique, cire \u00ab\u00a0perdue\u00a0\u00bb signifie qu&rsquo;un seul mod\u00e8le de cette bague a \u00e9t\u00e9 r\u00e9alis\u00e9. C&rsquo;est donc une pi\u00e8ce unique. J&rsquo;ai sculpt\u00e9 un motif \u00e9corce d&rsquo;arbre sur l&rsquo;anneau et j&rsquo;y ai serti un cabochon de chrysoprase.<\/p>\n<p>Taille de la bague : elle fait actuellement un 60FR mais son anneau ouvert permet de la r\u00e9gler \u00e0 la taille souhait\u00e9e.<\/p>\n<p>Cr\u00e9ation 100% originale pens\u00e9e, dessin\u00e9e et fabriqu\u00e9e dans mon atelier.<\/p>\n<p>Le laiton, comme tout m\u00e9tal, s\u2019oxyde ou se ternit avec le temps, c\u2019est un m\u00e9tal vivant. Il faut donc comme n\u2019importe quel bijou en prendre soin, \u00e9viter de le laisser dans un lieu humide ou de mettre du parfum dessus. Le cot\u00e9 vieilli peut vous plaire mais si vous pr\u00e9f\u00e9rez retrouver le cot\u00e9 dor\u00e9 il reste tr\u00e8s facile \u00e0 nettoyer ! Dans votre paquet vous trouverez un petit chiffon qui en quelques frottements apportera de l\u2019\u00e9clat \u00e0 votre bijou. A ne pas appliquer sur le cot\u00e9 noirci de la cr\u00e9ation. Ce sont des pi\u00e8ces enti\u00e8rement fait-main artisanalement, de ce fait de l\u00e9g\u00e8res marques peuvent \u00eatre visibles, ce qui ne changent en rien leur aspect une fois port\u00e9s. Chaque pi\u00e8ce est unique.<\/p>\n<p><em>\u201cPasse quelques d\u00e9fauts aux autres, rien n\u2019est parfait dans la nature ; le diamant qui a un d\u00e9faut vaut encore mieux que la pierre brute qui n\u2019en a pas.\u201d Proverbe oriental.<\/em><\/p>\n<p>_______________________________________<\/p>\n<div class=\"woocommerce-tabs wc-tabs-wrapper\">\n<div id=\"tab-description\" class=\"woocommerce-Tabs-panel woocommerce-Tabs-panel--description panel entry-content wc-tab\" role=\"tabpanel\" aria-labelledby=\"tab-title-description\">\n<p>Cette bague sera envoy\u00e9e dans une petite boite en carton sur lit de mousse naturelle.<\/p>\n<\/div>\n<\/div>\n<section class=\"related products\"><\/section>","protected":false},"excerpt":{"rendered":"<p>Bague r\u00e9alis\u00e9e enti\u00e8rement \u00e0 la main gr\u00e2ce \u00e0 la technique de la cire perdue.<br \/>\nJ&rsquo;ai sculpt\u00e9 cette bague dans la cire, elle a ensuite \u00e9t\u00e9 fondue en laiton, nettoy\u00e9e et polie pour lui apporter son aspect final. Comme son nom l&rsquo;indique, cire \u00ab\u00a0perdue\u00a0\u00bb signifie qu&rsquo;un seul mod\u00e8le de cette bague a \u00e9t\u00e9 r\u00e9alis\u00e9. C&rsquo;est donc une pi\u00e8ce unique. J&rsquo;ai sculpt\u00e9 un motif \u00e9corce d&rsquo;arbre sur l&rsquo;anneau et j&rsquo;y ai serti un cabochon de chrysoprase.<\/p>\n<p>Taille de la bague : elle fait actuellement un 60FR mais son anneau ouvert permet de la r\u00e9gler \u00e0 la taille souhait\u00e9e.<\/p>\n<p>Cr\u00e9ation 100% originale pens\u00e9e, dessin\u00e9e et fabriqu\u00e9e dans mon atelier.<\/p>\n<section class=\"related products\"><\/section>","protected":false},"featured_media":17899,"comment_status":"open","ping_status":"closed","template":"","meta":{"_monsterinsights_skip_tracking":false,"_monsterinsights_sitenote_active":false,"_monsterinsights_sitenote_note":"","_monsterinsights_sitenote_category":0,"neve_meta_sidebar":"","neve_meta_container":"","neve_meta_enable_content_width":"off","neve_meta_content_width":70,"neve_meta_title_alignment":"","neve_meta_author_avatar":"","neve_post_elements_order":"","neve_meta_disable_header":"","neve_meta_disable_footer":"","neve_meta_disable_title":""},"product_brand":[],"product_cat":[493],"product_tag":[623,789,963],"class_list":{"0":"post-17911","1":"product","2":"type-product","3":"status-publish","4":"has-post-thumbnail","6":"product_cat-bagues","7":"product_tag-bague","8":"product_tag-ecorce","9":"product_tag-texture","10":"product_shipping_class-colissimo","12":"first","13":"instock","14":"shipping-taxable","15":"purchasable","16":"product-type-simple"},"jetpack_sharing_enabled":true,"_links":{"self":[{"href":"https:\/\/bohemian-feathers-jewelry.fr\/en\/wp-json\/wp\/v2\/product\/17911","targetHints":{"allow":["GET"]}}],"collection":[{"href":"https:\/\/bohemian-feathers-jewelry.fr\/en\/wp-json\/wp\/v2\/product"}],"about":[{"href":"https:\/\/bohemian-feathers-jewelry.fr\/en\/wp-json\/wp\/v2\/types\/product"}],"replies":[{"embeddable":true,"href":"https:\/\/bohemian-feathers-jewelry.fr\/en\/wp-json\/wp\/v2\/comments?post=17911"}],"version-history":[{"count":1,"href":"https:\/\/bohemian-feathers-jewelry.fr\/en\/wp-json\/wp\/v2\/product\/17911\/revisions"}],"predecessor-version":[{"id":17912,"href":"https:\/\/bohemian-feathers-jewelry.fr\/en\/wp-json\/wp\/v2\/product\/17911\/revisions\/17912"}],"wp:featuredmedia":[{"embeddable":true,"href":"https:\/\/bohemian-feathers-jewelry.fr\/en\/wp-json\/wp\/v2\/media\/17899"}],"wp:attachment":[{"href":"https:\/\/bohemian-feathers-jewelry.fr\/en\/wp-json\/wp\/v2\/media?parent=17911"}],"wp:term":[{"taxonomy":"product_brand","embeddable":true,"href":"https:\/\/bohemian-feathers-jewelry.fr\/en\/wp-json\/wp\/v2\/product_brand?post=17911"},{"taxonomy":"product_cat","embeddable":true,"href":"https:\/\/bohemian-feathers-jewelry.fr\/en\/wp-json\/wp\/v2\/product_cat?post=17911"},{"taxonomy":"product_tag","embeddable":true,"href":"https:\/\/bohemian-feathers-jewelry.fr\/en\/wp-json\/wp\/v2\/product_tag?post=17911"}],"curies":[{"name":"wp","href":"https:\/\/api.w.org\/{rel}","templated":true}]}}