{"id":17889,"date":"2026-05-01T10:30:14","date_gmt":"2026-05-01T08:30:14","guid":{"rendered":"https:\/\/bohemian-feathers-jewelry.fr\/?post_type=product&#038;p=17889"},"modified":"2026-05-01T10:32:50","modified_gmt":"2026-05-01T08:32:50","slug":"collier-wolf-2","status":"publish","type":"product","link":"https:\/\/bohemian-feathers-jewelry.fr\/en\/product\/collier-wolf-2\/","title":{"rendered":"Collier Wolf"},"content":{"rendered":"<p>Pendentif r\u00e9alis\u00e9 enti\u00e8rement \u00e0 la main gr\u00e2ce \u00e0 la technique de la cire perdue.<br \/>\nJ&rsquo;ai sculpt\u00e9 ce pendentif dans la cire, cr\u00e9\u00e9 un moule pour pouvoir le dupliquer, il a ensuite \u00e9t\u00e9 fondu en laiton, nettoy\u00e9 et poli pour lui apporter son aspect final.\u00a0 Je me suis inspir\u00e9e des colliers loups en pierre naturelle, d\u00e9j\u00e0 pr\u00e9sents sur la boutique. Chaine fine en acier inoxydable dor\u00e9.<\/p>\n<p>Dimensions pendentif : 1.5 x 2 cm<br \/>\nLongueur chaine : 45 cm<\/p>\n<p>Cr\u00e9ation 100% originale pens\u00e9e, dessin\u00e9e et fabriqu\u00e9e dans mon atelier.<\/p>\n<p>Le laiton, comme tout m\u00e9tal, s\u2019oxyde ou se ternit avec le temps, c\u2019est un m\u00e9tal vivant. Il faut donc comme n\u2019importe quel bijou en prendre soin, \u00e9viter de le laisser dans un lieu humide ou de mettre du parfum dessus. Le cot\u00e9 vieilli peut vous plaire mais si vous pr\u00e9f\u00e9rez retrouver le cot\u00e9 dor\u00e9 il reste tr\u00e8s facile \u00e0 nettoyer ! Dans votre paquet vous trouverez un petit chiffon qui en quelques frottements apportera de l\u2019\u00e9clat \u00e0 votre bijou. A ne pas appliquer sur le cot\u00e9 noirci de la cr\u00e9ation. Ce sont des pi\u00e8ces enti\u00e8rement fait-main artisanalement, de ce fait de l\u00e9g\u00e8res marques peuvent \u00eatre visibles, ce qui ne changent en rien leur aspect une fois port\u00e9s. Chaque pi\u00e8ce est unique.<\/p>\n<p><em>\u201cPasse quelques d\u00e9fauts aux autres, rien n\u2019est parfait dans la nature ; le diamant qui a un d\u00e9faut vaut encore mieux que la pierre brute qui n\u2019en a pas.\u201d Proverbe oriental.<\/em><\/p>\n<p>_______________________________________<\/p>\n<div class=\"woocommerce-tabs wc-tabs-wrapper\">\n<div id=\"tab-description\" class=\"woocommerce-Tabs-panel woocommerce-Tabs-panel--description panel entry-content wc-tab\" role=\"tabpanel\" aria-labelledby=\"tab-title-description\">\n<p>Ce collier sera envoy\u00e9e dans une petite boite en carton sur lit de mousse naturelle.<\/p>\n<\/div>\n<\/div>\n<section class=\"related products\"><\/section>","protected":false},"excerpt":{"rendered":"<p>Pendentif r\u00e9alis\u00e9 enti\u00e8rement \u00e0 la main gr\u00e2ce \u00e0 la technique de la cire perdue.<br \/>\nJ&rsquo;ai sculpt\u00e9 ce pendentif dans la cire, cr\u00e9\u00e9 un moule pour pouvoir le dupliquer, il a ensuite \u00e9t\u00e9 fondu en laiton, nettoy\u00e9 et poli pour lui apporter son aspect final.\u00a0 Je me suis inspir\u00e9e des colliers loups en pierre naturelle, d\u00e9j\u00e0 pr\u00e9sents sur la boutique. Chaine fine en acier inoxydable dor\u00e9.<\/p>\n<p>Dimensions pendentif : 1.5 x 2 cm<br \/>\nLongueur chaine : 45 cm<\/p>\n<p>Cr\u00e9ation 100% originale pens\u00e9e, dessin\u00e9e et fabriqu\u00e9e dans mon atelier.<\/p>\n<section class=\"related products\"><\/section>\n<section class=\"related products\"><\/section>\n<section class=\"related products\"><\/section>","protected":false},"featured_media":17891,"comment_status":"open","ping_status":"closed","template":"","meta":{"_monsterinsights_skip_tracking":false,"_monsterinsights_sitenote_active":false,"_monsterinsights_sitenote_note":"","_monsterinsights_sitenote_category":0,"neve_meta_sidebar":"","neve_meta_container":"","neve_meta_enable_content_width":"off","neve_meta_content_width":70,"neve_meta_title_alignment":"","neve_meta_author_avatar":"","neve_post_elements_order":"","neve_meta_disable_header":"","neve_meta_disable_footer":"","neve_meta_disable_title":""},"product_brand":[],"product_cat":[482,981],"product_tag":[73,963],"class_list":{"0":"post-17889","1":"product","2":"type-product","3":"status-publish","4":"has-post-thumbnail","6":"product_cat-colliers","7":"product_cat-colliers-nature","8":"product_tag-loup","9":"product_tag-texture","10":"product_shipping_class-colissimo","12":"first","13":"instock","14":"shipping-taxable","15":"purchasable","16":"product-type-simple"},"jetpack_sharing_enabled":true,"_links":{"self":[{"href":"https:\/\/bohemian-feathers-jewelry.fr\/en\/wp-json\/wp\/v2\/product\/17889","targetHints":{"allow":["GET"]}}],"collection":[{"href":"https:\/\/bohemian-feathers-jewelry.fr\/en\/wp-json\/wp\/v2\/product"}],"about":[{"href":"https:\/\/bohemian-feathers-jewelry.fr\/en\/wp-json\/wp\/v2\/types\/product"}],"replies":[{"embeddable":true,"href":"https:\/\/bohemian-feathers-jewelry.fr\/en\/wp-json\/wp\/v2\/comments?post=17889"}],"version-history":[{"count":2,"href":"https:\/\/bohemian-feathers-jewelry.fr\/en\/wp-json\/wp\/v2\/product\/17889\/revisions"}],"predecessor-version":[{"id":17895,"href":"https:\/\/bohemian-feathers-jewelry.fr\/en\/wp-json\/wp\/v2\/product\/17889\/revisions\/17895"}],"wp:featuredmedia":[{"embeddable":true,"href":"https:\/\/bohemian-feathers-jewelry.fr\/en\/wp-json\/wp\/v2\/media\/17891"}],"wp:attachment":[{"href":"https:\/\/bohemian-feathers-jewelry.fr\/en\/wp-json\/wp\/v2\/media?parent=17889"}],"wp:term":[{"taxonomy":"product_brand","embeddable":true,"href":"https:\/\/bohemian-feathers-jewelry.fr\/en\/wp-json\/wp\/v2\/product_brand?post=17889"},{"taxonomy":"product_cat","embeddable":true,"href":"https:\/\/bohemian-feathers-jewelry.fr\/en\/wp-json\/wp\/v2\/product_cat?post=17889"},{"taxonomy":"product_tag","embeddable":true,"href":"https:\/\/bohemian-feathers-jewelry.fr\/en\/wp-json\/wp\/v2\/product_tag?post=17889"}],"curies":[{"name":"wp","href":"https:\/\/api.w.org\/{rel}","templated":true}]}}