{"id":17671,"date":"2026-03-10T17:36:53","date_gmt":"2026-03-10T16:36:53","guid":{"rendered":"https:\/\/bohemian-feathers-jewelry.fr\/?post_type=product&#038;p=17671"},"modified":"2026-03-10T17:38:08","modified_gmt":"2026-03-10T16:38:08","slug":"collier-wolfhead-amazonite","status":"publish","type":"product","link":"https:\/\/bohemian-feathers-jewelry.fr\/en\/product\/collier-wolfhead-amazonite\/","title":{"rendered":"Collier WolfHead &#8211; Amazonite"},"content":{"rendered":"<p><span style=\"font-weight: 400;\">L&rsquo;amazonite est une pierre joyeuse, id\u00e9ale pour retrouver son \u00e2me d\u2019enfant, elle \u00e9veille la joie de vivre, elle aide \u00e0 prendre les situations moins au s\u00e9rieux, elle aide \u00e0 relativiser et surtout \u00e0 vivre l\u2019instant pr\u00e9sent spontan\u00e9ment. En lithoth\u00e9rapie on l\u2019utilise le plus souvent pour ses propri\u00e9t\u00e9s l\u00e0, qui vont \u00eatre tr\u00e8s favorables pour une personnes d\u00e9pressives ou une personne qui voient le monde de mani\u00e8re n\u00e9gative. Cette pierre lutte contre les frustrations, elle augmente la communication verbale et non verbale, elle favorise la spontan\u00e9it\u00e9 et encourage le contact humain.<\/span><\/p>\n<p>_____________________________________<\/p>\n<p>Collier boh\u00e8me compos\u00e9 d&rsquo;une t\u00eate de loup en amazonite mont\u00e9e sur une chaine en acier inoxydable et agr\u00e9ment\u00e9e de 6 perles en amazonite et de 2 breloques plume.<\/p>\n<p>Longueur de chaine : 42 cm<br \/>\nLongueur du pendentif : 8 cm<br \/>\nLargeur du pendentif : 3 cm<\/p>\n<p>La t\u00eate de loup mesure 2 cm sur 3 cm.<\/p>\n<p>_______________________________________<\/p>\n<p>Les chaines des colliers peuvent \u00eatre adapt\u00e9es sur demande, plus courtes ou plus longues. Indiquez-moi la longueur souhait\u00e9e lors de la commande !<\/p>\n<p>____________________________<\/p>\n<p>Les colliers Wolfhead sont envoy\u00e9s dans de petites boites en carton et sur un lit de mousse naturelle.<br \/>\nLes frais de livraison correspondent \u00e0 un envoi en colissimo avec remise contre signature.<\/p>","protected":false},"excerpt":{"rendered":"<p>Collier boh\u00e8me compos\u00e9 d&rsquo;une t\u00eate de loup en amazonite mont\u00e9e sur une chaine en acier inoxydable et agr\u00e9ment\u00e9e de 6 perles en amazonite et de 2 breloques plume.<\/p>\n<p>Longueur de chaine : 42 cm<br \/>\nLongueur du pendentif : 8 cm<br \/>\nLargeur du pendentif : 3 cm<\/p>\n<p>La t\u00eate de loup mesure 2 cm sur 3 cm.<\/p>","protected":false},"featured_media":17674,"comment_status":"open","ping_status":"closed","template":"","meta":{"_monsterinsights_skip_tracking":false,"_monsterinsights_sitenote_active":false,"_monsterinsights_sitenote_note":"","_monsterinsights_sitenote_category":0,"neve_meta_sidebar":"","neve_meta_container":"","neve_meta_enable_content_width":"off","neve_meta_content_width":70,"neve_meta_title_alignment":"","neve_meta_author_avatar":"","neve_post_elements_order":"","neve_meta_disable_header":"","neve_meta_disable_footer":"","neve_meta_disable_title":""},"product_brand":[],"product_cat":[487,893],"product_tag":[76,105,79,73,112],"class_list":{"0":"post-17671","1":"product","2":"type-product","3":"status-publish","4":"has-post-thumbnail","6":"product_cat-collier-loups","7":"product_cat-wolfhead-chaine","8":"product_tag-animal_totem","9":"product_tag-collier_lithotherapie","10":"product_tag-collier_loup","11":"product_tag-loup","12":"product_tag-loup_pierre","13":"product_shipping_class-colissimo","15":"first","16":"instock","17":"shipping-taxable","18":"purchasable","19":"product-type-simple"},"jetpack_sharing_enabled":true,"_links":{"self":[{"href":"https:\/\/bohemian-feathers-jewelry.fr\/en\/wp-json\/wp\/v2\/product\/17671","targetHints":{"allow":["GET"]}}],"collection":[{"href":"https:\/\/bohemian-feathers-jewelry.fr\/en\/wp-json\/wp\/v2\/product"}],"about":[{"href":"https:\/\/bohemian-feathers-jewelry.fr\/en\/wp-json\/wp\/v2\/types\/product"}],"replies":[{"embeddable":true,"href":"https:\/\/bohemian-feathers-jewelry.fr\/en\/wp-json\/wp\/v2\/comments?post=17671"}],"version-history":[{"count":1,"href":"https:\/\/bohemian-feathers-jewelry.fr\/en\/wp-json\/wp\/v2\/product\/17671\/revisions"}],"predecessor-version":[{"id":17676,"href":"https:\/\/bohemian-feathers-jewelry.fr\/en\/wp-json\/wp\/v2\/product\/17671\/revisions\/17676"}],"wp:featuredmedia":[{"embeddable":true,"href":"https:\/\/bohemian-feathers-jewelry.fr\/en\/wp-json\/wp\/v2\/media\/17674"}],"wp:attachment":[{"href":"https:\/\/bohemian-feathers-jewelry.fr\/en\/wp-json\/wp\/v2\/media?parent=17671"}],"wp:term":[{"taxonomy":"product_brand","embeddable":true,"href":"https:\/\/bohemian-feathers-jewelry.fr\/en\/wp-json\/wp\/v2\/product_brand?post=17671"},{"taxonomy":"product_cat","embeddable":true,"href":"https:\/\/bohemian-feathers-jewelry.fr\/en\/wp-json\/wp\/v2\/product_cat?post=17671"},{"taxonomy":"product_tag","embeddable":true,"href":"https:\/\/bohemian-feathers-jewelry.fr\/en\/wp-json\/wp\/v2\/product_tag?post=17671"}],"curies":[{"name":"wp","href":"https:\/\/api.w.org\/{rel}","templated":true}]}}