{"id":17665,"date":"2026-03-10T17:35:12","date_gmt":"2026-03-10T16:35:12","guid":{"rendered":"https:\/\/bohemian-feathers-jewelry.fr\/?post_type=product&#038;p=17665"},"modified":"2026-03-10T17:36:40","modified_gmt":"2026-03-10T16:36:40","slug":"collier-wolfhead-aventurine","status":"publish","type":"product","link":"https:\/\/bohemian-feathers-jewelry.fr\/en\/product\/collier-wolfhead-aventurine\/","title":{"rendered":"Collier WolfHead &#8211; Aventurine"},"content":{"rendered":"<p><span style=\"font-weight: 400;\">L\u2019aventurine est la pierre de la cr\u00e9ativit\u00e9 et la d\u00e9termination. Elle favorise le libre arbitre, la libert\u00e9 de penser, le bien-\u00eatre et la confiance en soi. Face aux changements de la vie, elle aide \u00e0 prendre des d\u00e9cisions, \u00e0 faire face aux situations compliqu\u00e9es, \u00e0 surmonter les peines de c\u0153ur.<\/span><\/p>\n<p>_____________________________________<\/p>\n<p>Collier boh\u00e8me compos\u00e9 d&rsquo;une t\u00eate de loup en aventurine mont\u00e9e sur une chaine en acier inoxydable et agr\u00e9ment\u00e9e de 6 perles en aventurine et de 2 breloques plume.<\/p>\n<p>Longueur de chaine : 42 cm<br \/>\nLongueur du pendentif : 8 cm<br \/>\nLargeur du pendentif : 3 cm<\/p>\n<p>La t\u00eate de loup mesure 2 cm sur 3 cm.<\/p>\n<p>_______________________________________<\/p>\n<p>Les chaines des colliers peuvent \u00eatre adapt\u00e9es sur demande, plus courtes ou plus longues. Indiquez-moi la longueur souhait\u00e9e lors de la commande !<\/p>\n<p>____________________________<\/p>\n<p>Les colliers Wolfhead sont envoy\u00e9s dans de petites boites en carton et sur un lit de mousse naturelle.<br \/>\nLes frais de livraison correspondent \u00e0 un envoi en colissimo avec remise contre signature.<\/p>","protected":false},"excerpt":{"rendered":"<p>Collier boh\u00e8me compos\u00e9 d&rsquo;une t\u00eate de loup en aventurine mont\u00e9e sur une chaine en acier inoxydable et agr\u00e9ment\u00e9e de 6 perles en aventurine et de 2 breloques plume.<\/p>\n<p>Longueur de chaine : 42 cm<br \/>\nLongueur du pendentif : 8 cm<br \/>\nLargeur du pendentif : 3 cm<\/p>\n<p>La t\u00eate de loup mesure 2 cm sur 3 cm.<\/p>","protected":false},"featured_media":17669,"comment_status":"open","ping_status":"closed","template":"","meta":{"_monsterinsights_skip_tracking":false,"_monsterinsights_sitenote_active":false,"_monsterinsights_sitenote_note":"","_monsterinsights_sitenote_category":0,"neve_meta_sidebar":"","neve_meta_container":"","neve_meta_enable_content_width":"off","neve_meta_content_width":70,"neve_meta_title_alignment":"","neve_meta_author_avatar":"","neve_post_elements_order":"","neve_meta_disable_header":"","neve_meta_disable_footer":"","neve_meta_disable_title":""},"product_brand":[],"product_cat":[487,893],"product_tag":[76,105,79,73,112],"class_list":{"0":"post-17665","1":"product","2":"type-product","3":"status-publish","4":"has-post-thumbnail","6":"product_cat-collier-loups","7":"product_cat-wolfhead-chaine","8":"product_tag-animal_totem","9":"product_tag-collier_lithotherapie","10":"product_tag-collier_loup","11":"product_tag-loup","12":"product_tag-loup_pierre","13":"product_shipping_class-colissimo","15":"first","16":"instock","17":"shipping-taxable","18":"purchasable","19":"product-type-simple"},"jetpack_sharing_enabled":true,"_links":{"self":[{"href":"https:\/\/bohemian-feathers-jewelry.fr\/en\/wp-json\/wp\/v2\/product\/17665","targetHints":{"allow":["GET"]}}],"collection":[{"href":"https:\/\/bohemian-feathers-jewelry.fr\/en\/wp-json\/wp\/v2\/product"}],"about":[{"href":"https:\/\/bohemian-feathers-jewelry.fr\/en\/wp-json\/wp\/v2\/types\/product"}],"replies":[{"embeddable":true,"href":"https:\/\/bohemian-feathers-jewelry.fr\/en\/wp-json\/wp\/v2\/comments?post=17665"}],"version-history":[{"count":1,"href":"https:\/\/bohemian-feathers-jewelry.fr\/en\/wp-json\/wp\/v2\/product\/17665\/revisions"}],"predecessor-version":[{"id":17670,"href":"https:\/\/bohemian-feathers-jewelry.fr\/en\/wp-json\/wp\/v2\/product\/17665\/revisions\/17670"}],"wp:featuredmedia":[{"embeddable":true,"href":"https:\/\/bohemian-feathers-jewelry.fr\/en\/wp-json\/wp\/v2\/media\/17669"}],"wp:attachment":[{"href":"https:\/\/bohemian-feathers-jewelry.fr\/en\/wp-json\/wp\/v2\/media?parent=17665"}],"wp:term":[{"taxonomy":"product_brand","embeddable":true,"href":"https:\/\/bohemian-feathers-jewelry.fr\/en\/wp-json\/wp\/v2\/product_brand?post=17665"},{"taxonomy":"product_cat","embeddable":true,"href":"https:\/\/bohemian-feathers-jewelry.fr\/en\/wp-json\/wp\/v2\/product_cat?post=17665"},{"taxonomy":"product_tag","embeddable":true,"href":"https:\/\/bohemian-feathers-jewelry.fr\/en\/wp-json\/wp\/v2\/product_tag?post=17665"}],"curies":[{"name":"wp","href":"https:\/\/api.w.org\/{rel}","templated":true}]}}