{"id":17659,"date":"2026-03-10T17:32:53","date_gmt":"2026-03-10T16:32:53","guid":{"rendered":"https:\/\/bohemian-feathers-jewelry.fr\/?post_type=product&#038;p=17659"},"modified":"2026-03-10T17:34:09","modified_gmt":"2026-03-10T16:34:09","slug":"collier-wolfhead-lapis-lazuli","status":"publish","type":"product","link":"https:\/\/bohemian-feathers-jewelry.fr\/en\/product\/collier-wolfhead-lapis-lazuli\/","title":{"rendered":"Collier WolfHead &#8211; lapis lazuli"},"content":{"rendered":"<p><span style=\"font-weight: 400;\">Sur le plan psychologique et spirituel, le lapis lazuli \u00e9l\u00e8ve l\u2019\u00e2me et stabilise l\u2019esprit. C\u2019est une pierre qui apporte la sagesse, la confiance en soi, l\u2019intuition et l\u2019expression cr\u00e9atrice. Elle aide \u00e0 l\u2019introspection, \u00e0 la discipline int\u00e9rieure et permet d\u2019\u00eatre \u00e0 la fois plus vigoureux, plus concentr\u00e9 et plus serein. Symbole de la protection, le lapis lazuli aide \u00e0 traverser les moments et les situations difficiles. Il est capable de ranimer le courage de son possesseur, de le lib\u00e9rer de ses angoisses et de soulager son stress. Le lapis lazuli \u00e9teint la col\u00e8re, apporte la paix et la s\u00e9r\u00e9nit\u00e9, et permet d\u2019affronter la v\u00e9rit\u00e9 avec objectivit\u00e9 et clart\u00e9.<\/span><\/p>\n<p>_____________________________________<\/p>\n<p>Collier compos\u00e9 d&rsquo;une tr\u00e8s belle t\u00eate de loup en lapis lazuli le tout mont\u00e9 sur une chaine en bronze et agr\u00e9ment\u00e9e de 6 perles en lapis lazuli et de 2 breloques plume.<\/p>\n<p>Longueur de chaine : 42 cm<br \/>\nLongueur du pendentif : 8 cm<br \/>\nLargeur du pendentif : 3 cm<\/p>\n<p>La t\u00eate de loup mesure 2 cm sur 3 cm.<\/p>\n<p>_______________________________________<\/p>\n<p>Les chaines des colliers peuvent \u00eatre adapt\u00e9es sur demande, plus courtes ou plus longues. Indiquez-moi la longueur souhait\u00e9e lors de la commande !<\/p>\n<p>____________________________<\/p>\n<p>Les colliers Wolfhead sont envoy\u00e9s dans de petites boites en carton et sur un lit de mousse naturelle.<br \/>\nLes frais de livraison correspondent \u00e0 un envoi en colissimo avec remise contre signature.<\/p>","protected":false},"excerpt":{"rendered":"<p>Collier compos\u00e9 d&rsquo;une tr\u00e8s belle t\u00eate de loup en lapis lazuli le tout mont\u00e9 sur une chaine en bronze et agr\u00e9ment\u00e9e de 6 perles en lapis lazuli et de 2 breloques plume.<\/p>\n<p>Longueur de chaine : 42 cm<br \/>\nLongueur du pendentif : 8 cm<br \/>\nLargeur du pendentif : 3 cm<\/p>\n<p>La t\u00eate de loup mesure 2 cm sur 3 cm.<\/p>","protected":false},"featured_media":17660,"comment_status":"open","ping_status":"closed","template":"","meta":{"_monsterinsights_skip_tracking":false,"_monsterinsights_sitenote_active":false,"_monsterinsights_sitenote_note":"","_monsterinsights_sitenote_category":0,"neve_meta_sidebar":"","neve_meta_container":"","neve_meta_enable_content_width":"off","neve_meta_content_width":70,"neve_meta_title_alignment":"","neve_meta_author_avatar":"","neve_post_elements_order":"","neve_meta_disable_header":"","neve_meta_disable_footer":"","neve_meta_disable_title":""},"product_brand":[],"product_cat":[487,893],"product_tag":[76,106,79,73,112],"class_list":{"0":"post-17659","1":"product","2":"type-product","3":"status-publish","4":"has-post-thumbnail","6":"product_cat-collier-loups","7":"product_cat-wolfhead-chaine","8":"product_tag-animal_totem","9":"product_tag-collier_boheme","10":"product_tag-collier_loup","11":"product_tag-loup","12":"product_tag-loup_pierre","13":"product_shipping_class-colissimo","15":"first","16":"instock","17":"shipping-taxable","18":"purchasable","19":"product-type-simple"},"jetpack_sharing_enabled":true,"_links":{"self":[{"href":"https:\/\/bohemian-feathers-jewelry.fr\/en\/wp-json\/wp\/v2\/product\/17659","targetHints":{"allow":["GET"]}}],"collection":[{"href":"https:\/\/bohemian-feathers-jewelry.fr\/en\/wp-json\/wp\/v2\/product"}],"about":[{"href":"https:\/\/bohemian-feathers-jewelry.fr\/en\/wp-json\/wp\/v2\/types\/product"}],"replies":[{"embeddable":true,"href":"https:\/\/bohemian-feathers-jewelry.fr\/en\/wp-json\/wp\/v2\/comments?post=17659"}],"version-history":[{"count":1,"href":"https:\/\/bohemian-feathers-jewelry.fr\/en\/wp-json\/wp\/v2\/product\/17659\/revisions"}],"predecessor-version":[{"id":17664,"href":"https:\/\/bohemian-feathers-jewelry.fr\/en\/wp-json\/wp\/v2\/product\/17659\/revisions\/17664"}],"wp:featuredmedia":[{"embeddable":true,"href":"https:\/\/bohemian-feathers-jewelry.fr\/en\/wp-json\/wp\/v2\/media\/17660"}],"wp:attachment":[{"href":"https:\/\/bohemian-feathers-jewelry.fr\/en\/wp-json\/wp\/v2\/media?parent=17659"}],"wp:term":[{"taxonomy":"product_brand","embeddable":true,"href":"https:\/\/bohemian-feathers-jewelry.fr\/en\/wp-json\/wp\/v2\/product_brand?post=17659"},{"taxonomy":"product_cat","embeddable":true,"href":"https:\/\/bohemian-feathers-jewelry.fr\/en\/wp-json\/wp\/v2\/product_cat?post=17659"},{"taxonomy":"product_tag","embeddable":true,"href":"https:\/\/bohemian-feathers-jewelry.fr\/en\/wp-json\/wp\/v2\/product_tag?post=17659"}],"curies":[{"name":"wp","href":"https:\/\/api.w.org\/{rel}","templated":true}]}}