{"id":17653,"date":"2026-03-10T17:29:40","date_gmt":"2026-03-10T16:29:40","guid":{"rendered":"https:\/\/bohemian-feathers-jewelry.fr\/?post_type=product&#038;p=17653"},"modified":"2026-03-10T17:32:32","modified_gmt":"2026-03-10T16:32:32","slug":"collier-wolfhead-jaspe-rouge","status":"publish","type":"product","link":"https:\/\/bohemian-feathers-jewelry.fr\/en\/product\/collier-wolfhead-jaspe-rouge\/","title":{"rendered":"Collier WolfHead &#8211; jaspe rouge"},"content":{"rendered":"<p><span style=\"font-weight: 400;\">Symbole de la renaissance, id\u00e9ale pour ceux qui concr\u00e9tisent un projet. La Jaspe rouge r\u00e9conforte dans les situations difficiles, elle aide pendant les p\u00e9riodes de stress et apporte s\u00e9r\u00e9nit\u00e9 et calme. Elle temp\u00e8re l\u2019\u00e9motivit\u00e9 et redonne confiance en soi. Cette pierre aide \u00e0 mettre les probl\u00e8mes en \u00e9vidences avant qu\u2019ils ne deviennent trop importants et insurmontables. Ses propri\u00e9t\u00e9s agissent lentement et en douceur.<\/span><\/p>\n<p>_____________________________________<\/p>\n<p>Collier compos\u00e9 d&rsquo;une tr\u00e8s belle t\u00eate de loup en jaspe rouge le tout mont\u00e9 sur une chaine en bronze et agr\u00e9ment\u00e9e de 6 perles en jaspe mokaite et de 2 breloques plume.<\/p>\n<p>Longueur de chaine : 42 cm<br \/>\nLongueur du pendentif : 8 cm<br \/>\nLargeur du pendentif : 3 cm<\/p>\n<p>La t\u00eate de loup mesure 2 cm sur 3 cm.<\/p>\n<p>_______________________________________<\/p>\n<p>Les chaines des colliers peuvent \u00eatre adapt\u00e9es sur demande, plus courtes ou plus longues. Indiquez-moi la longueur souhait\u00e9e lors de la commande !<\/p>\n<p>____________________________<\/p>\n<p>Les colliers Wolfhead sont envoy\u00e9s dans de petites boites en carton et sur un lit de mousse naturelle.<br \/>\nLes frais de livraison correspondent \u00e0 un envoi en colissimo avec remise contre signature.<\/p>","protected":false},"excerpt":{"rendered":"<p>Collier compos\u00e9 d&rsquo;une tr\u00e8s belle t\u00eate de loup en jaspe rouge le tout mont\u00e9 sur une chaine en bronze et agr\u00e9ment\u00e9e de 6 perles en jaspe mokaite et de 2 breloques plume.<\/p>\n<p>Longueur de chaine : 42 cm<br \/>\nLongueur du pendentif : 8 cm<br \/>\nLargeur du pendentif : 3 cm<\/p>\n<p>La t\u00eate de loup mesure 2 cm sur 3 cm.<\/p>","protected":false},"featured_media":17657,"comment_status":"open","ping_status":"closed","template":"","meta":{"_monsterinsights_skip_tracking":false,"_monsterinsights_sitenote_active":false,"_monsterinsights_sitenote_note":"","_monsterinsights_sitenote_category":0,"neve_meta_sidebar":"","neve_meta_container":"","neve_meta_enable_content_width":"off","neve_meta_content_width":70,"neve_meta_title_alignment":"","neve_meta_author_avatar":"","neve_post_elements_order":"","neve_meta_disable_header":"","neve_meta_disable_footer":"","neve_meta_disable_title":""},"product_brand":[],"product_cat":[487,893],"product_tag":[76,106,79,73,112],"class_list":{"0":"post-17653","1":"product","2":"type-product","3":"status-publish","4":"has-post-thumbnail","6":"product_cat-collier-loups","7":"product_cat-wolfhead-chaine","8":"product_tag-animal_totem","9":"product_tag-collier_boheme","10":"product_tag-collier_loup","11":"product_tag-loup","12":"product_tag-loup_pierre","13":"product_shipping_class-colissimo","15":"first","16":"instock","17":"shipping-taxable","18":"purchasable","19":"product-type-simple"},"jetpack_sharing_enabled":true,"_links":{"self":[{"href":"https:\/\/bohemian-feathers-jewelry.fr\/en\/wp-json\/wp\/v2\/product\/17653","targetHints":{"allow":["GET"]}}],"collection":[{"href":"https:\/\/bohemian-feathers-jewelry.fr\/en\/wp-json\/wp\/v2\/product"}],"about":[{"href":"https:\/\/bohemian-feathers-jewelry.fr\/en\/wp-json\/wp\/v2\/types\/product"}],"replies":[{"embeddable":true,"href":"https:\/\/bohemian-feathers-jewelry.fr\/en\/wp-json\/wp\/v2\/comments?post=17653"}],"version-history":[{"count":1,"href":"https:\/\/bohemian-feathers-jewelry.fr\/en\/wp-json\/wp\/v2\/product\/17653\/revisions"}],"predecessor-version":[{"id":17658,"href":"https:\/\/bohemian-feathers-jewelry.fr\/en\/wp-json\/wp\/v2\/product\/17653\/revisions\/17658"}],"wp:featuredmedia":[{"embeddable":true,"href":"https:\/\/bohemian-feathers-jewelry.fr\/en\/wp-json\/wp\/v2\/media\/17657"}],"wp:attachment":[{"href":"https:\/\/bohemian-feathers-jewelry.fr\/en\/wp-json\/wp\/v2\/media?parent=17653"}],"wp:term":[{"taxonomy":"product_brand","embeddable":true,"href":"https:\/\/bohemian-feathers-jewelry.fr\/en\/wp-json\/wp\/v2\/product_brand?post=17653"},{"taxonomy":"product_cat","embeddable":true,"href":"https:\/\/bohemian-feathers-jewelry.fr\/en\/wp-json\/wp\/v2\/product_cat?post=17653"},{"taxonomy":"product_tag","embeddable":true,"href":"https:\/\/bohemian-feathers-jewelry.fr\/en\/wp-json\/wp\/v2\/product_tag?post=17653"}],"curies":[{"name":"wp","href":"https:\/\/api.w.org\/{rel}","templated":true}]}}