{"id":17625,"date":"2026-03-10T10:41:26","date_gmt":"2026-03-10T09:41:26","guid":{"rendered":"https:\/\/bohemian-feathers-jewelry.fr\/?post_type=product&#038;p=17625"},"modified":"2026-03-10T10:43:22","modified_gmt":"2026-03-10T09:43:22","slug":"bague-little-star","status":"publish","type":"product","link":"https:\/\/bohemian-feathers-jewelry.fr\/en\/product\/bague-little-star\/","title":{"rendered":"Bague Little Star"},"content":{"rendered":"<p>Bague r\u00e9alis\u00e9e enti\u00e8rement \u00e0 la main en laiton. Une \u00e9toile a \u00e9t\u00e9 soud\u00e9e \u00e0 une bande de laiton martel\u00e9. L&rsquo;anneau est ouvert pour vous permettre de r\u00e9gler la bague \u00e0 la taille de votre doigt.<\/p>\n<p>Bague r\u00e9glable. Taille minimale de la bague : 52FR<\/p>\n<p>Cr\u00e9ation 100% originale pens\u00e9e, dessin\u00e9e et fabriqu\u00e9e dans mon atelier.<\/p>\n<p>Le laiton, comme tout m\u00e9tal, s\u2019oxyde ou se ternit avec le temps, c\u2019est un m\u00e9tal vivant. Il faut donc comme n\u2019importe quel bijou en prendre soin, \u00e9viter de le laisser dans un lieu humide ou de mettre du parfum dessus. Le cot\u00e9 vieilli peut vous plaire mais si vous pr\u00e9f\u00e9rez retrouver le cot\u00e9 dor\u00e9 il reste tr\u00e8s facile \u00e0 nettoyer ! Dans votre paquet vous trouverez un petit chiffon qui en quelques frottements apportera de l\u2019\u00e9clat \u00e0 votre bijou. A ne pas appliquer sur le cot\u00e9 noirci de la cr\u00e9ation. Ce sont des pi\u00e8ces enti\u00e8rement fait-main artisanalement, de ce fait de l\u00e9g\u00e8res marques peuvent \u00eatre visibles, ce qui ne changent en rien leur aspect une fois port\u00e9s. Chaque pi\u00e8ce est unique.<\/p>\n<p><em>\u201cPasse quelques d\u00e9fauts aux autres, rien n\u2019est parfait dans la nature ; le diamant qui a un d\u00e9faut vaut encore mieux que la pierre brute qui n\u2019en a pas.\u201d Proverbe oriental.<\/em><\/p>\n<p>_______________________________________<\/p>\n<p>Cette bague sera envoy\u00e9e dans un petit sachet en kraft.<\/p>","protected":false},"excerpt":{"rendered":"<p>Bague r\u00e9alis\u00e9e enti\u00e8rement \u00e0 la main en laiton. Une \u00e9toile a \u00e9t\u00e9 soud\u00e9e \u00e0 une bande de laiton martel\u00e9. L&rsquo;anneau est ouvert pour vous permettre de r\u00e9gler la bague \u00e0 la taille de votre doigt.<\/p>\n<p>Bague r\u00e9glable. Taille minimale de la bague : 52FR<\/p>\n<p>Cr\u00e9ation 100% originale pens\u00e9e, dessin\u00e9e et fabriqu\u00e9e dans mon atelier.<\/p>","protected":false},"featured_media":17628,"comment_status":"open","ping_status":"closed","template":"","meta":{"_monsterinsights_skip_tracking":false,"_monsterinsights_sitenote_active":false,"_monsterinsights_sitenote_note":"","_monsterinsights_sitenote_category":0,"neve_meta_sidebar":"","neve_meta_container":"","neve_meta_enable_content_width":"off","neve_meta_content_width":70,"neve_meta_title_alignment":"","neve_meta_author_avatar":"","neve_post_elements_order":"","neve_meta_disable_header":"","neve_meta_disable_footer":"","neve_meta_disable_title":""},"product_brand":[],"product_cat":[493],"product_tag":[623,641,776],"class_list":{"0":"post-17625","1":"product","2":"type-product","3":"status-publish","4":"has-post-thumbnail","6":"product_cat-bagues","7":"product_tag-bague","8":"product_tag-etoiles","9":"product_tag-moonchild","10":"product_shipping_class-envoi-suivi","12":"first","13":"instock","14":"shipping-taxable","15":"purchasable","16":"product-type-simple"},"jetpack_sharing_enabled":true,"_links":{"self":[{"href":"https:\/\/bohemian-feathers-jewelry.fr\/en\/wp-json\/wp\/v2\/product\/17625","targetHints":{"allow":["GET"]}}],"collection":[{"href":"https:\/\/bohemian-feathers-jewelry.fr\/en\/wp-json\/wp\/v2\/product"}],"about":[{"href":"https:\/\/bohemian-feathers-jewelry.fr\/en\/wp-json\/wp\/v2\/types\/product"}],"replies":[{"embeddable":true,"href":"https:\/\/bohemian-feathers-jewelry.fr\/en\/wp-json\/wp\/v2\/comments?post=17625"}],"version-history":[{"count":1,"href":"https:\/\/bohemian-feathers-jewelry.fr\/en\/wp-json\/wp\/v2\/product\/17625\/revisions"}],"predecessor-version":[{"id":17633,"href":"https:\/\/bohemian-feathers-jewelry.fr\/en\/wp-json\/wp\/v2\/product\/17625\/revisions\/17633"}],"wp:featuredmedia":[{"embeddable":true,"href":"https:\/\/bohemian-feathers-jewelry.fr\/en\/wp-json\/wp\/v2\/media\/17628"}],"wp:attachment":[{"href":"https:\/\/bohemian-feathers-jewelry.fr\/en\/wp-json\/wp\/v2\/media?parent=17625"}],"wp:term":[{"taxonomy":"product_brand","embeddable":true,"href":"https:\/\/bohemian-feathers-jewelry.fr\/en\/wp-json\/wp\/v2\/product_brand?post=17625"},{"taxonomy":"product_cat","embeddable":true,"href":"https:\/\/bohemian-feathers-jewelry.fr\/en\/wp-json\/wp\/v2\/product_cat?post=17625"},{"taxonomy":"product_tag","embeddable":true,"href":"https:\/\/bohemian-feathers-jewelry.fr\/en\/wp-json\/wp\/v2\/product_tag?post=17625"}],"curies":[{"name":"wp","href":"https:\/\/api.w.org\/{rel}","templated":true}]}}