{"id":17494,"date":"2026-02-23T13:08:50","date_gmt":"2026-02-23T12:08:50","guid":{"rendered":"https:\/\/bohemian-feathers-jewelry.fr\/?post_type=product&#038;p=17494"},"modified":"2026-02-23T13:10:30","modified_gmt":"2026-02-23T12:10:30","slug":"collier-mini-labradorite-wolfhead","status":"publish","type":"product","link":"https:\/\/bohemian-feathers-jewelry.fr\/en\/product\/collier-mini-labradorite-wolfhead\/","title":{"rendered":"Collier Mini Labradorite WolfHead"},"content":{"rendered":"<p><span style=\"font-weight: 400;\">La labradorite est une puissante pierre de protection incontournable faisant office de bouclier. Reflet des couleurs c\u00e9lestes, la gemme vous prot\u00e8ge des mauvaises influences d\u2019autrui et vous n\u2019avez plus \u00e0 craindre que l\u2019on vous fasse souffrir. La labradorite joue \u00e9galement un r\u00f4le d\u2019\u00e9ponge puisqu\u2019elle absorbe toutes les \u00e9nergies n\u00e9gatives et les chagrins des autres pour finalement les dissoudre toutes les pollutions mentales, aussi bien celles que vous \u00e9mettez que celles qui sont dirig\u00e9es vers vous.<\/span><\/p>\n<p>_____________________________________<\/p>\n<p>Collier compos\u00e9 d&rsquo;une petite t\u00eate de loup en labradorite mont\u00e9e sur une chaine en acier inoxydable argent\u00e9e.<\/p>\n<p>Longueur de chaine : 42 cm<\/p>\n<p>La t\u00eate de loup mesure 2 cm sur 2,5 cm.<\/p>\n<p>_______________________________________<\/p>\n<p>Les chaines des colliers peuvent \u00eatre adapt\u00e9es sur demande, plus courtes ou plus longues. Indiquez-moi la longueur souhait\u00e9e lors de la commande !<\/p>\n<p>____________________________<\/p>\n<p>Les colliers Wolfhead sont envoy\u00e9s dans de petites boites en carton et sur un lit de mousse naturelle.<br \/>\nLes frais de livraison correspondent \u00e0 un envoi en colissimo avec remise contre signature.<\/p>","protected":false},"excerpt":{"rendered":"<p>Collier compos\u00e9 d&rsquo;une petite t\u00eate de loup en labradorite mont\u00e9e sur une chaine en acier inoxydable argent\u00e9e.<\/p>\n<p>Longueur de chaine : 42 cm<\/p>\n<p>La t\u00eate de loup mesure 2 cm sur 2,5 cm.<\/p>\n<p>_______________________________________<\/p>\n<p>Les chaines des colliers peuvent \u00eatre adapt\u00e9es sur demande, plus courtes ou plus longues. Indiquez-moi la longueur souhait\u00e9e lors de la commande !<\/p>","protected":false},"featured_media":17473,"comment_status":"open","ping_status":"closed","template":"","meta":{"_monsterinsights_skip_tracking":false,"_monsterinsights_sitenote_active":false,"_monsterinsights_sitenote_note":"","_monsterinsights_sitenote_category":0,"neve_meta_sidebar":"","neve_meta_container":"","neve_meta_enable_content_width":"off","neve_meta_content_width":70,"neve_meta_title_alignment":"","neve_meta_author_avatar":"","neve_post_elements_order":"","neve_meta_disable_header":"","neve_meta_disable_footer":"","neve_meta_disable_title":""},"product_brand":[],"product_cat":[487,893],"product_tag":[76,105,79,73,112],"class_list":{"0":"post-17494","1":"product","2":"type-product","3":"status-publish","4":"has-post-thumbnail","6":"product_cat-collier-loups","7":"product_cat-wolfhead-chaine","8":"product_tag-animal_totem","9":"product_tag-collier_lithotherapie","10":"product_tag-collier_loup","11":"product_tag-loup","12":"product_tag-loup_pierre","13":"product_shipping_class-colissimo","15":"first","16":"instock","17":"shipping-taxable","18":"purchasable","19":"product-type-simple"},"jetpack_sharing_enabled":true,"_links":{"self":[{"href":"https:\/\/bohemian-feathers-jewelry.fr\/en\/wp-json\/wp\/v2\/product\/17494","targetHints":{"allow":["GET"]}}],"collection":[{"href":"https:\/\/bohemian-feathers-jewelry.fr\/en\/wp-json\/wp\/v2\/product"}],"about":[{"href":"https:\/\/bohemian-feathers-jewelry.fr\/en\/wp-json\/wp\/v2\/types\/product"}],"replies":[{"embeddable":true,"href":"https:\/\/bohemian-feathers-jewelry.fr\/en\/wp-json\/wp\/v2\/comments?post=17494"}],"version-history":[{"count":1,"href":"https:\/\/bohemian-feathers-jewelry.fr\/en\/wp-json\/wp\/v2\/product\/17494\/revisions"}],"predecessor-version":[{"id":17495,"href":"https:\/\/bohemian-feathers-jewelry.fr\/en\/wp-json\/wp\/v2\/product\/17494\/revisions\/17495"}],"wp:featuredmedia":[{"embeddable":true,"href":"https:\/\/bohemian-feathers-jewelry.fr\/en\/wp-json\/wp\/v2\/media\/17473"}],"wp:attachment":[{"href":"https:\/\/bohemian-feathers-jewelry.fr\/en\/wp-json\/wp\/v2\/media?parent=17494"}],"wp:term":[{"taxonomy":"product_brand","embeddable":true,"href":"https:\/\/bohemian-feathers-jewelry.fr\/en\/wp-json\/wp\/v2\/product_brand?post=17494"},{"taxonomy":"product_cat","embeddable":true,"href":"https:\/\/bohemian-feathers-jewelry.fr\/en\/wp-json\/wp\/v2\/product_cat?post=17494"},{"taxonomy":"product_tag","embeddable":true,"href":"https:\/\/bohemian-feathers-jewelry.fr\/en\/wp-json\/wp\/v2\/product_tag?post=17494"}],"curies":[{"name":"wp","href":"https:\/\/api.w.org\/{rel}","templated":true}]}}