{"id":17386,"date":"2025-12-05T17:12:37","date_gmt":"2025-12-05T16:12:37","guid":{"rendered":"https:\/\/bohemian-feathers-jewelry.fr\/?post_type=product&#038;p=17386"},"modified":"2025-12-05T17:17:47","modified_gmt":"2025-12-05T16:17:47","slug":"boucles-doreilles-little-feathers-vert-pale","status":"publish","type":"product","link":"https:\/\/bohemian-feathers-jewelry.fr\/en\/product\/boucles-doreilles-little-feathers-vert-pale\/","title":{"rendered":"Boucles d&rsquo;oreilles Little Feathers &#8211; vert pale"},"content":{"rendered":"<p>Boucles d&rsquo;oreilles compos\u00e9es de breloques, connecteurs et perles en m\u00e9tal argent\u00e9 et de 2 perles en verre. Crochets en acier inoxydable.<\/p>\n<p>Toutes les boucles sont livr\u00e9es avec des embouts en silicone dans un joli sachet en kraft.<\/p>\n<p>Dimensions : 5 cm x 1 cm<\/p>\n<p>_______________________________<\/p>\n<p>Les crochets des boucles peuvent \u00eatre chang\u00e9s sur demande. Ici ce sont des crochets simples qui peuvent \u00eatre remplac\u00e9s par des clips pour oreilles non perc\u00e9es ou de grands crochets pour les oreilles stretch\u00e9es. N&rsquo;h\u00e9sitez pas \u00e0 m&rsquo;envoyer un message avant votre commande si vous avez la moindre question.<\/p>","protected":false},"excerpt":{"rendered":"<p>Boucles d&rsquo;oreilles compos\u00e9es de breloques, connecteurs et perles en m\u00e9tal argent\u00e9 et de 2 perles en verre. Crochets en acier inoxydable.<\/p>\n<p>Toutes les boucles sont livr\u00e9es avec des embouts en silicone dans un joli sachet en kraft.<\/p>\n<p>Dimensions : 5 cm x 1 cm<\/p>\n<p>_______________________________<\/p>\n<p>Les crochets des boucles peuvent \u00eatre chang\u00e9s sur demande. Ici ce sont des crochets simples qui peuvent \u00eatre remplac\u00e9s par des clips pour oreilles non perc\u00e9es ou de grands crochets pour les oreilles stretch\u00e9es. N&rsquo;h\u00e9sitez pas \u00e0 m&rsquo;envoyer un message avant votre commande si vous avez la moindre question.<\/p>","protected":false},"featured_media":17389,"comment_status":"open","ping_status":"closed","template":"","meta":{"_monsterinsights_skip_tracking":false,"_monsterinsights_sitenote_active":false,"_monsterinsights_sitenote_note":"","_monsterinsights_sitenote_category":0,"neve_meta_sidebar":"","neve_meta_container":"","neve_meta_enable_content_width":"off","neve_meta_content_width":70,"neve_meta_title_alignment":"","neve_meta_author_avatar":"","neve_post_elements_order":"","neve_meta_disable_header":"","neve_meta_disable_footer":"","neve_meta_disable_title":""},"product_brand":[],"product_cat":[483,492],"product_tag":[],"class_list":{"0":"post-17386","1":"product","2":"type-product","3":"status-publish","4":"has-post-thumbnail","6":"product_cat-boucles-oreilles","7":"product_cat-boucles-oreilles-bohemes","8":"product_shipping_class-envoi-suivi","10":"first","11":"instock","12":"shipping-taxable","13":"purchasable","14":"product-type-simple"},"jetpack_sharing_enabled":true,"_links":{"self":[{"href":"https:\/\/bohemian-feathers-jewelry.fr\/en\/wp-json\/wp\/v2\/product\/17386","targetHints":{"allow":["GET"]}}],"collection":[{"href":"https:\/\/bohemian-feathers-jewelry.fr\/en\/wp-json\/wp\/v2\/product"}],"about":[{"href":"https:\/\/bohemian-feathers-jewelry.fr\/en\/wp-json\/wp\/v2\/types\/product"}],"replies":[{"embeddable":true,"href":"https:\/\/bohemian-feathers-jewelry.fr\/en\/wp-json\/wp\/v2\/comments?post=17386"}],"version-history":[{"count":1,"href":"https:\/\/bohemian-feathers-jewelry.fr\/en\/wp-json\/wp\/v2\/product\/17386\/revisions"}],"predecessor-version":[{"id":17408,"href":"https:\/\/bohemian-feathers-jewelry.fr\/en\/wp-json\/wp\/v2\/product\/17386\/revisions\/17408"}],"wp:featuredmedia":[{"embeddable":true,"href":"https:\/\/bohemian-feathers-jewelry.fr\/en\/wp-json\/wp\/v2\/media\/17389"}],"wp:attachment":[{"href":"https:\/\/bohemian-feathers-jewelry.fr\/en\/wp-json\/wp\/v2\/media?parent=17386"}],"wp:term":[{"taxonomy":"product_brand","embeddable":true,"href":"https:\/\/bohemian-feathers-jewelry.fr\/en\/wp-json\/wp\/v2\/product_brand?post=17386"},{"taxonomy":"product_cat","embeddable":true,"href":"https:\/\/bohemian-feathers-jewelry.fr\/en\/wp-json\/wp\/v2\/product_cat?post=17386"},{"taxonomy":"product_tag","embeddable":true,"href":"https:\/\/bohemian-feathers-jewelry.fr\/en\/wp-json\/wp\/v2\/product_tag?post=17386"}],"curies":[{"name":"wp","href":"https:\/\/api.w.org\/{rel}","templated":true}]}}