{"id":17146,"date":"2025-12-01T15:56:34","date_gmt":"2025-12-01T14:56:34","guid":{"rendered":"https:\/\/bohemian-feathers-jewelry.fr\/?post_type=product&#038;p=17146"},"modified":"2025-12-01T15:57:29","modified_gmt":"2025-12-01T14:57:29","slug":"collier-yellow-jade-bearhead-2","status":"publish","type":"product","link":"https:\/\/bohemian-feathers-jewelry.fr\/en\/product\/collier-yellow-jade-bearhead-2\/","title":{"rendered":"Collier Yellow Jade BearHead"},"content":{"rendered":"<section>\n<div>\n<p>Pierre de prosp\u00e9rit\u00e9, le jade jaune encourage l\u2019empathie\u00a0et l\u2019humilit\u00e9 tout en favorisant la curiosit\u00e9. Le jade aide sur le plan psychologique. Il permet d\u2019aller de l\u2019avant en d\u00e9bloquant certains troubles psychologiques, il soulage les \u00e9motions comme les\u00a0angoisses, ou l\u2019anxi\u00e9t\u00e9, puis il aide \u00e0 retrouver la\u00a0paix, l\u2019\u00e9quilibre\u00a0et la\u00a0sagesse int\u00e9rieure.<\/p>\n<\/div>\n<\/section>\n<p>_______________________________________<\/p>\n<p>Collier boh\u00e8me compos\u00e9 d&rsquo;une tr\u00e8s belle t\u00eate d&rsquo;ours en jade jaune le tout mont\u00e9 sur un cordon en cuir marron avec 2 noeuds coulissants. Le collier peut se porter ras du cou comme en sautoir.<\/p>\n<p>Longueur de cordon : 40 72 cm<br \/>\nLongueur du pendentif : 3 cm<br \/>\nLargeur du pendentif : 3 cm<\/p>\n<p>____________________________<\/p>\n<p>Les colliers BearHead sont envoy\u00e9s dans de petites boites en carton et mousse naturelle.<br \/>\nLes frais de livraison correspondent \u00e0 un envoi en colissimo avec remise contre signature.<\/p>","protected":false},"excerpt":{"rendered":"<p>Collier boh\u00e8me compos\u00e9 d&rsquo;une tr\u00e8s belle t\u00eate d&rsquo;ours en jade jaune le tout mont\u00e9 sur un cordon en cuir marron avec 2 noeuds coulissants. Le collier peut se porter ras du cou comme en sautoir.<\/p>\n<p>Longueur de cordon : 40 72 cm<br \/>\nLongueur du pendentif : 3 cm<br \/>\nLargeur du pendentif : 3 cm<\/p>","protected":false},"featured_media":17149,"comment_status":"open","ping_status":"closed","template":"","meta":{"_monsterinsights_skip_tracking":false,"_monsterinsights_sitenote_active":false,"_monsterinsights_sitenote_note":"","_monsterinsights_sitenote_category":0,"neve_meta_sidebar":"","neve_meta_container":"","neve_meta_enable_content_width":"off","neve_meta_content_width":70,"neve_meta_title_alignment":"","neve_meta_author_avatar":"","neve_post_elements_order":"","neve_meta_disable_header":"","neve_meta_disable_footer":"","neve_meta_disable_title":""},"product_brand":[],"product_cat":[489],"product_tag":[76,92,90,89,93,94,96,95],"class_list":{"0":"post-17146","1":"product","2":"type-product","3":"status-publish","4":"has-post-thumbnail","6":"product_cat-colliers-ours-bearhead","7":"product_tag-animal_totem","8":"product_tag-collier_animal","9":"product_tag-collier_nature","10":"product_tag-collier_ours","11":"product_tag-ours","12":"product_tag-pendentif_ours","13":"product_tag-pendentif_ours_pierre","14":"product_tag-pendentif_pierre","15":"product_shipping_class-colissimo","17":"first","18":"instock","19":"shipping-taxable","20":"purchasable","21":"product-type-simple"},"jetpack_sharing_enabled":true,"_links":{"self":[{"href":"https:\/\/bohemian-feathers-jewelry.fr\/en\/wp-json\/wp\/v2\/product\/17146","targetHints":{"allow":["GET"]}}],"collection":[{"href":"https:\/\/bohemian-feathers-jewelry.fr\/en\/wp-json\/wp\/v2\/product"}],"about":[{"href":"https:\/\/bohemian-feathers-jewelry.fr\/en\/wp-json\/wp\/v2\/types\/product"}],"replies":[{"embeddable":true,"href":"https:\/\/bohemian-feathers-jewelry.fr\/en\/wp-json\/wp\/v2\/comments?post=17146"}],"version-history":[{"count":1,"href":"https:\/\/bohemian-feathers-jewelry.fr\/en\/wp-json\/wp\/v2\/product\/17146\/revisions"}],"predecessor-version":[{"id":17151,"href":"https:\/\/bohemian-feathers-jewelry.fr\/en\/wp-json\/wp\/v2\/product\/17146\/revisions\/17151"}],"wp:featuredmedia":[{"embeddable":true,"href":"https:\/\/bohemian-feathers-jewelry.fr\/en\/wp-json\/wp\/v2\/media\/17149"}],"wp:attachment":[{"href":"https:\/\/bohemian-feathers-jewelry.fr\/en\/wp-json\/wp\/v2\/media?parent=17146"}],"wp:term":[{"taxonomy":"product_brand","embeddable":true,"href":"https:\/\/bohemian-feathers-jewelry.fr\/en\/wp-json\/wp\/v2\/product_brand?post=17146"},{"taxonomy":"product_cat","embeddable":true,"href":"https:\/\/bohemian-feathers-jewelry.fr\/en\/wp-json\/wp\/v2\/product_cat?post=17146"},{"taxonomy":"product_tag","embeddable":true,"href":"https:\/\/bohemian-feathers-jewelry.fr\/en\/wp-json\/wp\/v2\/product_tag?post=17146"}],"curies":[{"name":"wp","href":"https:\/\/api.w.org\/{rel}","templated":true}]}}