{"id":17096,"date":"2025-11-30T17:09:32","date_gmt":"2025-11-30T16:09:32","guid":{"rendered":"https:\/\/bohemian-feathers-jewelry.fr\/?post_type=product&#038;p=17096"},"modified":"2025-11-30T17:10:35","modified_gmt":"2025-11-30T16:10:35","slug":"collier-aventurine-foxhead-7","status":"publish","type":"product","link":"https:\/\/bohemian-feathers-jewelry.fr\/en\/product\/collier-aventurine-foxhead-7\/","title":{"rendered":"Collier Aventurine FoxHead"},"content":{"rendered":"<p><span style=\"font-weight: 400;\">L\u2019aventurine est la pierre de la cr\u00e9ativit\u00e9 et la d\u00e9termination. Elle favorise le libre arbitre, la libert\u00e9 de penser, le bien-\u00eatre et la confiance en soi. Face aux changements de la vie, elle aide \u00e0 prendre des d\u00e9cisions, \u00e0 faire face aux situations compliqu\u00e9es, \u00e0 surmonter les peines de c\u0153ur.<\/span><\/p>\n<p>____________________________<\/p>\n<p>Collier boh\u00e8me compos\u00e9 d&rsquo;une tr\u00e8s belle t\u00eate de renard en aventurine mont\u00e9e sur un cordon en cuir beige avec 2 noeuds coulissants. Le collier peut se porter ras du cou comme en sautoir.<\/p>\n<p>Longueur de cordon : 36 \u2013 62 cm<br \/>\nLongueur du pendentif : 3.5 cm<br \/>\nLargeur du pendentif : 2 cm<\/p>\n<p>____________________________<\/p>\n<p>Les colliers Foxhead sont envoy\u00e9s dans de petites boites en carton et mousse naturelle.<br \/>\nLes frais de livraison correspondent \u00e0 un envoi en colissimo avec remise contre signature.<\/p>","protected":false},"excerpt":{"rendered":"<p>Collier boh\u00e8me compos\u00e9 d&rsquo;une tr\u00e8s belle t\u00eate de renard en aventurine mont\u00e9e sur un cordon en cuir beige avec 2 noeuds coulissants. Le collier peut se porter ras du cou comme en sautoir.<\/p>\n<p>Longueur de cordon : 36 \u2013 62 cm<br \/>\nLongueur du pendentif : 3.5 cm<br \/>\nLargeur du pendentif : 2 cm<\/p>","protected":false},"featured_media":17097,"comment_status":"open","ping_status":"closed","template":"","meta":{"_monsterinsights_skip_tracking":false,"_monsterinsights_sitenote_active":false,"_monsterinsights_sitenote_note":"","_monsterinsights_sitenote_category":0,"neve_meta_sidebar":"","neve_meta_container":"","neve_meta_enable_content_width":"off","neve_meta_content_width":70,"neve_meta_title_alignment":"","neve_meta_author_avatar":"","neve_post_elements_order":"","neve_meta_disable_header":"","neve_meta_disable_footer":"","neve_meta_disable_title":""},"product_brand":[],"product_cat":[488,896],"product_tag":[76,80,78,34,16,30,72,75,557],"class_list":{"0":"post-17096","1":"product","2":"type-product","3":"status-publish","4":"has-post-thumbnail","6":"product_cat-colliers-renards-foxhead","7":"product_cat-foxhead-cordon","8":"product_tag-animal_totem","9":"product_tag-collier_cuir","10":"product_tag-esprit_sauvage","11":"product_tag-foret","12":"product_tag-jewelry","13":"product_tag-nature","14":"product_tag-necklace","15":"product_tag-pierre_de_gemmes","16":"product_tag-renard","17":"product_shipping_class-colissimo","19":"first","20":"instock","21":"shipping-taxable","22":"purchasable","23":"product-type-simple"},"jetpack_sharing_enabled":true,"_links":{"self":[{"href":"https:\/\/bohemian-feathers-jewelry.fr\/en\/wp-json\/wp\/v2\/product\/17096","targetHints":{"allow":["GET"]}}],"collection":[{"href":"https:\/\/bohemian-feathers-jewelry.fr\/en\/wp-json\/wp\/v2\/product"}],"about":[{"href":"https:\/\/bohemian-feathers-jewelry.fr\/en\/wp-json\/wp\/v2\/types\/product"}],"replies":[{"embeddable":true,"href":"https:\/\/bohemian-feathers-jewelry.fr\/en\/wp-json\/wp\/v2\/comments?post=17096"}],"version-history":[{"count":1,"href":"https:\/\/bohemian-feathers-jewelry.fr\/en\/wp-json\/wp\/v2\/product\/17096\/revisions"}],"predecessor-version":[{"id":17100,"href":"https:\/\/bohemian-feathers-jewelry.fr\/en\/wp-json\/wp\/v2\/product\/17096\/revisions\/17100"}],"wp:featuredmedia":[{"embeddable":true,"href":"https:\/\/bohemian-feathers-jewelry.fr\/en\/wp-json\/wp\/v2\/media\/17097"}],"wp:attachment":[{"href":"https:\/\/bohemian-feathers-jewelry.fr\/en\/wp-json\/wp\/v2\/media?parent=17096"}],"wp:term":[{"taxonomy":"product_brand","embeddable":true,"href":"https:\/\/bohemian-feathers-jewelry.fr\/en\/wp-json\/wp\/v2\/product_brand?post=17096"},{"taxonomy":"product_cat","embeddable":true,"href":"https:\/\/bohemian-feathers-jewelry.fr\/en\/wp-json\/wp\/v2\/product_cat?post=17096"},{"taxonomy":"product_tag","embeddable":true,"href":"https:\/\/bohemian-feathers-jewelry.fr\/en\/wp-json\/wp\/v2\/product_tag?post=17096"}],"curies":[{"name":"wp","href":"https:\/\/api.w.org\/{rel}","templated":true}]}}