{"id":17018,"date":"2025-10-11T15:19:28","date_gmt":"2025-10-11T13:19:28","guid":{"rendered":"https:\/\/bohemian-feathers-jewelry.fr\/?post_type=product&#038;p=17018"},"modified":"2025-10-11T15:21:58","modified_gmt":"2025-10-11T13:21:58","slug":"boucles-doreilles-little-loriens-leaves-aventurine","status":"publish","type":"product","link":"https:\/\/bohemian-feathers-jewelry.fr\/en\/product\/boucles-doreilles-little-loriens-leaves-aventurine\/","title":{"rendered":"Boucles d&rsquo;oreilles Little L\u00f3rien&rsquo;s Leaves &#8211; aventurine"},"content":{"rendered":"<p>L\u2019aventurine est la pierre de la cr\u00e9ativit\u00e9 et la d\u00e9termination. Elle favorise le libre arbitre, la libert\u00e9 de penser, le bien-\u00eatre et la confiance en soi. Face aux changements de la vie, elle aide \u00e0 prendre des d\u00e9cisions, \u00e0 faire face aux situations compliqu\u00e9es, \u00e0 surmonter les peines de c\u0153ur.<\/p>\n<p>_______________________________________<\/p>\n<p>Boucles d&rsquo;oreilles r\u00e9alis\u00e9es enti\u00e8rement \u00e0 la main en laiton. Les feuilles ont \u00e9t\u00e9 d\u00e9coup\u00e9es, form\u00e9es et grav\u00e9es \u00e0 la main. Mont\u00e9es sur des crochets en laiton elles sont accompagn\u00e9es de tr\u00e8s belles perles en aventurine.<\/p>\n<p>Dimensions des boucles d\u2019oreilles : 5,5 x 1,5 cm<\/p>\n<p>Cr\u00e9ation 100% originale pens\u00e9e, dessin\u00e9e et fabriqu\u00e9e dans mon atelier.<\/p>\n<p>Le laiton, comme tout m\u00e9tal, s\u2019oxyde ou se ternit avec le temps, c\u2019est un m\u00e9tal vivant. Il faut donc comme n\u2019importe quel bijou en prendre soin, \u00e9viter de le laisser dans un lieu humide ou de mettre du parfum dessus. Le cot\u00e9 vieilli peut vous plaire mais si vous pr\u00e9f\u00e9rez retrouver le cot\u00e9 dor\u00e9 il reste tr\u00e8s facile \u00e0 nettoyer ! Dans votre paquet vous trouverez un petit chiffon qui en quelques frottements apportera de l\u2019\u00e9clat \u00e0 votre bijou. A ne pas appliquer sur le cot\u00e9 noirci de la cr\u00e9ation. Ce sont des pi\u00e8ces enti\u00e8rement fait-main artisanalement, de ce fait de l\u00e9g\u00e8res marques peuvent \u00eatre visibles sur l&rsquo;arri\u00e8re des pendentifs, ce qui ne changent en rien leur aspect une fois port\u00e9s. Chaque pi\u00e8ce est unique.<\/p>\n<p><em>\u00ab\u00a0Passe quelques d\u00e9fauts aux autres, rien n&rsquo;est parfait dans la nature ; le diamant qui a un d\u00e9faut vaut encore mieux que la pierre brute qui n&rsquo;en a pas.\u00a0\u00bb Proverbe oriental.<\/em><\/p>\n<p>_______________________________________<\/p>\n<p>Les crochets des boucles peuvent \u00eatre chang\u00e9s sur demande. Ici ce sont des crochets simples qui peuvent \u00eatre remplac\u00e9s par des clips pour oreilles non perc\u00e9es ou de grands crochets pour les oreilles stretch\u00e9es. N\u2019h\u00e9sitez pas \u00e0 m\u2019envoyer un message avant votre commande si vous avez la moindre question.<\/p>\n<p>_______________________________________<\/p>\n<p>Ces boucles d\u2019oreilles seront envoy\u00e9es dans un petit paquet en kraft.<\/p>","protected":false},"excerpt":{"rendered":"<p>Boucles d&rsquo;oreilles r\u00e9alis\u00e9es enti\u00e8rement \u00e0 la main en laiton. Les feuilles ont \u00e9t\u00e9 d\u00e9coup\u00e9es, form\u00e9es et grav\u00e9es \u00e0 la main. Mont\u00e9es sur des crochets en laiton elles sont accompagn\u00e9es de tr\u00e8s belles perles en aventurine.<\/p>\n<p>Dimensions des boucles d\u2019oreilles : 5,5 x 1,5 cm<\/p>\n<p>Cr\u00e9ation 100% originale pens\u00e9e, dessin\u00e9e et fabriqu\u00e9e dans mon atelier.<\/p>\n<p>Le laiton, comme tout m\u00e9tal, s\u2019oxyde ou se ternit avec le temps, c\u2019est un m\u00e9tal vivant. Il faut donc comme n\u2019importe quel bijou en prendre soin, \u00e9viter de le laisser dans un lieu humide ou de mettre du parfum dessus. Le cot\u00e9 vieilli peut vous plaire mais si vous pr\u00e9f\u00e9rez retrouver le cot\u00e9 dor\u00e9 il reste tr\u00e8s facile \u00e0 nettoyer ! Dans votre paquet vous trouverez un petit chiffon qui en quelques frottements apportera de l\u2019\u00e9clat \u00e0 votre bijou. A ne pas appliquer sur le cot\u00e9 noirci de la cr\u00e9ation. Ce sont des pi\u00e8ces enti\u00e8rement fait-main artisanalement, de ce fait de l\u00e9g\u00e8res marques peuvent \u00eatre visibles sur l&rsquo;arri\u00e8re des pendentifs, ce qui ne changent en rien leur aspect une fois port\u00e9s. Chaque pi\u00e8ce est unique.<\/p>\n<p><em>\u00ab\u00a0Passe quelques d\u00e9fauts aux autres, rien n&rsquo;est parfait dans la nature ; le diamant qui a un d\u00e9faut vaut encore mieux que la pierre brute qui n&rsquo;en a pas.\u00a0\u00bb Proverbe oriental.<\/em><\/p>\n<p>_______________________________________<\/p>\n<p>Les crochets des boucles peuvent \u00eatre chang\u00e9s sur demande. Ici ce sont des crochets simples qui peuvent \u00eatre remplac\u00e9s par des clips pour oreilles non perc\u00e9es ou de grands crochets pour les oreilles stretch\u00e9es. N\u2019h\u00e9sitez pas \u00e0 m\u2019envoyer un message avant votre commande si vous avez la moindre question.<\/p>\n<p>_______________________________________<\/p>\n<p>Ces boucles d\u2019oreilles seront envoy\u00e9es dans un petit paquet en kraft.<\/p>","protected":false},"featured_media":17020,"comment_status":"open","ping_status":"closed","template":"","meta":{"_monsterinsights_skip_tracking":false,"_monsterinsights_sitenote_active":false,"_monsterinsights_sitenote_note":"","_monsterinsights_sitenote_category":0,"neve_meta_sidebar":"","neve_meta_container":"","neve_meta_enable_content_width":"off","neve_meta_content_width":70,"neve_meta_title_alignment":"","neve_meta_author_avatar":"","neve_post_elements_order":"","neve_meta_disable_header":"","neve_meta_disable_footer":"","neve_meta_disable_title":""},"product_brand":[],"product_cat":[976,483,491],"product_tag":[647,648,650,36],"class_list":{"0":"post-17018","1":"product","2":"type-product","3":"status-publish","4":"has-post-thumbnail","6":"product_cat-collection-leaves-of-lorien","7":"product_cat-boucles-oreilles","8":"product_cat-boucles-oreilles-leaves","9":"product_tag-elf","10":"product_tag-elves","11":"product_tag-feuille-de-lierre","12":"product_tag-tolkien","13":"product_shipping_class-colissimo-simple","15":"first","16":"instock","17":"shipping-taxable","18":"purchasable","19":"product-type-simple"},"jetpack_sharing_enabled":true,"_links":{"self":[{"href":"https:\/\/bohemian-feathers-jewelry.fr\/en\/wp-json\/wp\/v2\/product\/17018","targetHints":{"allow":["GET"]}}],"collection":[{"href":"https:\/\/bohemian-feathers-jewelry.fr\/en\/wp-json\/wp\/v2\/product"}],"about":[{"href":"https:\/\/bohemian-feathers-jewelry.fr\/en\/wp-json\/wp\/v2\/types\/product"}],"replies":[{"embeddable":true,"href":"https:\/\/bohemian-feathers-jewelry.fr\/en\/wp-json\/wp\/v2\/comments?post=17018"}],"version-history":[{"count":1,"href":"https:\/\/bohemian-feathers-jewelry.fr\/en\/wp-json\/wp\/v2\/product\/17018\/revisions"}],"predecessor-version":[{"id":17024,"href":"https:\/\/bohemian-feathers-jewelry.fr\/en\/wp-json\/wp\/v2\/product\/17018\/revisions\/17024"}],"wp:featuredmedia":[{"embeddable":true,"href":"https:\/\/bohemian-feathers-jewelry.fr\/en\/wp-json\/wp\/v2\/media\/17020"}],"wp:attachment":[{"href":"https:\/\/bohemian-feathers-jewelry.fr\/en\/wp-json\/wp\/v2\/media?parent=17018"}],"wp:term":[{"taxonomy":"product_brand","embeddable":true,"href":"https:\/\/bohemian-feathers-jewelry.fr\/en\/wp-json\/wp\/v2\/product_brand?post=17018"},{"taxonomy":"product_cat","embeddable":true,"href":"https:\/\/bohemian-feathers-jewelry.fr\/en\/wp-json\/wp\/v2\/product_cat?post=17018"},{"taxonomy":"product_tag","embeddable":true,"href":"https:\/\/bohemian-feathers-jewelry.fr\/en\/wp-json\/wp\/v2\/product_tag?post=17018"}],"curies":[{"name":"wp","href":"https:\/\/api.w.org\/{rel}","templated":true}]}}