{"id":16971,"date":"2025-09-30T14:39:08","date_gmt":"2025-09-30T12:39:08","guid":{"rendered":"https:\/\/bohemian-feathers-jewelry.fr\/?post_type=product&#038;p=16971"},"modified":"2025-09-30T14:39:38","modified_gmt":"2025-09-30T12:39:38","slug":"ear-cuff-bijou-doreille-bohemian-14","status":"publish","type":"product","link":"https:\/\/bohemian-feathers-jewelry.fr\/en\/product\/ear-cuff-bijou-doreille-bohemian-14\/","title":{"rendered":"Ear Cuff &#8211; Bijou d&rsquo;oreille &#8211; Bohemian"},"content":{"rendered":"<p>Bijou enti\u00e8rement fait main, qui se glisse derri\u00e8re l&rsquo;oreille et s&rsquo;adapte \u00e0 tou.s.tes !<\/p>\n<p>La monture est r\u00e9alis\u00e9e en fil de laiton galvanis\u00e9, torsad\u00e9 et martel\u00e9 pour un bijou l\u00e9ger et qui se r\u00e8gle facilement \u00e0 la taille de n&rsquo;importe quelle oreille. Ce mod\u00e8le est compos\u00e9 de diff\u00e9rentes perles en verre, de perles en laiton et de breloques plumes en laiton.<\/p>\n<p>Les bijoux d&rsquo;oreilles conviennent \u00e0 toutes les oreilles, perc\u00e9es ou non, et apportent une touche originale \u00e0 une tenue ou un cosplay. Il se porte des heures durant (test\u00e9 et approuv\u00e9 \ud83d\udc4c) gr\u00e2ce \u00e0 sa l\u00e9g\u00e8ret\u00e9 et la monture qui s&rsquo;adapte tr\u00e8s facilement.<\/p>\n<p>Longueur totale du bijou : environ 12 cm<\/p>\n<p>_______________________<\/p>\n<p>Ce bijou sera envoy\u00e9 dans un petit sachet en kraft.<br \/>\nLes frais de livraison correspondent \u00e0 un envoi en colissimo avec remise contre signature.<\/p>","protected":false},"excerpt":{"rendered":"<p>Bijou enti\u00e8rement fait main, qui se glisse derri\u00e8re l&rsquo;oreille et s&rsquo;adapte \u00e0 tou.s.tes !<\/p>\n<p>La monture est r\u00e9alis\u00e9e en fil de laiton galvanis\u00e9, torsad\u00e9 et martel\u00e9 pour un bijou l\u00e9ger et qui se r\u00e8gle facilement \u00e0 la taille de n&rsquo;importe quelle oreille. Ce mod\u00e8le est compos\u00e9 de diff\u00e9rentes perles en verre, de perles en laiton et de breloques plumes en laiton.<\/p>\n<p>Les bijoux d&rsquo;oreilles conviennent \u00e0 toutes les oreilles, perc\u00e9es ou non, et apportent une touche originale \u00e0 une tenue ou un cosplay. Il se porte des heures durant (test\u00e9 et approuv\u00e9 \ud83d\udc4c) gr\u00e2ce \u00e0 sa l\u00e9g\u00e8ret\u00e9 et la monture qui s&rsquo;adapte tr\u00e8s facilement.<\/p>\n<p>Longueur totale du bijou : environ 12 cm<\/p>\n<p>_______________________<\/p>\n<p>Ce bijou sera envoy\u00e9 dans un petit sachet en kraft.<br \/>\nLes frais de livraison correspondent \u00e0 un envoi en colissimo avec remise contre signature.<\/p>","protected":false},"featured_media":16949,"comment_status":"open","ping_status":"closed","template":"","meta":{"_monsterinsights_skip_tracking":false,"_monsterinsights_sitenote_active":false,"_monsterinsights_sitenote_note":"","_monsterinsights_sitenote_category":0,"neve_meta_sidebar":"","neve_meta_container":"","neve_meta_enable_content_width":"off","neve_meta_content_width":70,"neve_meta_title_alignment":"","neve_meta_author_avatar":"","neve_post_elements_order":"","neve_meta_disable_header":"","neve_meta_disable_footer":"","neve_meta_disable_title":""},"product_brand":[],"product_cat":[971],"product_tag":[973,972,974],"class_list":{"0":"post-16971","1":"product","2":"type-product","3":"status-publish","4":"has-post-thumbnail","6":"product_cat-ear-cuff-bijou-doreille","7":"product_tag-bijou-doreille","8":"product_tag-ear-cuff","9":"product_tag-tour-doreille","10":"product_shipping_class-colissimo","12":"first","13":"instock","14":"shipping-taxable","15":"purchasable","16":"product-type-simple"},"jetpack_sharing_enabled":true,"_links":{"self":[{"href":"https:\/\/bohemian-feathers-jewelry.fr\/en\/wp-json\/wp\/v2\/product\/16971","targetHints":{"allow":["GET"]}}],"collection":[{"href":"https:\/\/bohemian-feathers-jewelry.fr\/en\/wp-json\/wp\/v2\/product"}],"about":[{"href":"https:\/\/bohemian-feathers-jewelry.fr\/en\/wp-json\/wp\/v2\/types\/product"}],"replies":[{"embeddable":true,"href":"https:\/\/bohemian-feathers-jewelry.fr\/en\/wp-json\/wp\/v2\/comments?post=16971"}],"version-history":[{"count":1,"href":"https:\/\/bohemian-feathers-jewelry.fr\/en\/wp-json\/wp\/v2\/product\/16971\/revisions"}],"predecessor-version":[{"id":16972,"href":"https:\/\/bohemian-feathers-jewelry.fr\/en\/wp-json\/wp\/v2\/product\/16971\/revisions\/16972"}],"wp:featuredmedia":[{"embeddable":true,"href":"https:\/\/bohemian-feathers-jewelry.fr\/en\/wp-json\/wp\/v2\/media\/16949"}],"wp:attachment":[{"href":"https:\/\/bohemian-feathers-jewelry.fr\/en\/wp-json\/wp\/v2\/media?parent=16971"}],"wp:term":[{"taxonomy":"product_brand","embeddable":true,"href":"https:\/\/bohemian-feathers-jewelry.fr\/en\/wp-json\/wp\/v2\/product_brand?post=16971"},{"taxonomy":"product_cat","embeddable":true,"href":"https:\/\/bohemian-feathers-jewelry.fr\/en\/wp-json\/wp\/v2\/product_cat?post=16971"},{"taxonomy":"product_tag","embeddable":true,"href":"https:\/\/bohemian-feathers-jewelry.fr\/en\/wp-json\/wp\/v2\/product_tag?post=16971"}],"curies":[{"name":"wp","href":"https:\/\/api.w.org\/{rel}","templated":true}]}}