{"id":16687,"date":"2025-03-18T18:04:27","date_gmt":"2025-03-18T17:04:27","guid":{"rendered":"https:\/\/bohemian-feathers-jewelry.fr\/?post_type=product&#038;p=16687"},"modified":"2025-10-19T14:55:03","modified_gmt":"2025-10-19T12:55:03","slug":"bague-geode-58fr-5","status":"publish","type":"product","link":"https:\/\/bohemian-feathers-jewelry.fr\/en\/product\/bague-geode-58fr-5\/","title":{"rendered":"Bague Geode &#8211; 58FR"},"content":{"rendered":"<p>Bague r\u00e9alis\u00e9e enti\u00e8rement \u00e0 la main gr\u00e2ce \u00e0 la technique de la cire perdue.<br \/>\nJ&rsquo;ai sculpt\u00e9 cette bague dans la cire, elle a ensuite \u00e9t\u00e9 fondue en laiton, nettoy\u00e9e et polie pour lui apporter son aspect final. Comme son nom l&rsquo;indique, cire \u00ab\u00a0perdue\u00a0\u00bb signifie qu&rsquo;un seul mod\u00e8le de cette bague a \u00e9t\u00e9 r\u00e9alis\u00e9. C&rsquo;est donc une pi\u00e8ce unique. J&rsquo;ai sculpt\u00e9 un motif cristal pour ce mod\u00e8le, tel un morceau de g\u00e9ode de quartz pris dans le laiton.<\/p>\n<p>Taille de la bague : 58FR<br \/>\nJe peux agrandir l\u00e9g\u00e8rement la taille, n&rsquo;h\u00e9sitez pas \u00e0 me contacter pour toute question !<\/p>\n<p>Cr\u00e9ation 100% originale pens\u00e9e, dessin\u00e9e et fabriqu\u00e9e dans mon atelier.<\/p>\n<p>Le laiton, comme tout m\u00e9tal, s\u2019oxyde ou se ternit avec le temps, c\u2019est un m\u00e9tal vivant. Il faut donc comme n\u2019importe quel bijou en prendre soin, \u00e9viter de le laisser dans un lieu humide ou de mettre du parfum dessus. Le cot\u00e9 vieilli peut vous plaire mais si vous pr\u00e9f\u00e9rez retrouver le cot\u00e9 dor\u00e9 il reste tr\u00e8s facile \u00e0 nettoyer ! Dans votre paquet vous trouverez un petit chiffon qui en quelques frottements apportera de l\u2019\u00e9clat \u00e0 votre bijou. A ne pas appliquer sur le cot\u00e9 noirci de la cr\u00e9ation. Ce sont des pi\u00e8ces enti\u00e8rement fait-main artisanalement, de ce fait de l\u00e9g\u00e8res marques peuvent \u00eatre visibles, ce qui ne changent en rien leur aspect une fois port\u00e9s. Chaque pi\u00e8ce est unique.<\/p>\n<p><em>\u201cPasse quelques d\u00e9fauts aux autres, rien n\u2019est parfait dans la nature ; le diamant qui a un d\u00e9faut vaut encore mieux que la pierre brute qui n\u2019en a pas.\u201d Proverbe oriental.<\/em><\/p>\n<p>_______________________________________<\/p>\n<div class=\"woocommerce-tabs wc-tabs-wrapper\">\n<div id=\"tab-description\" class=\"woocommerce-Tabs-panel woocommerce-Tabs-panel--description panel entry-content wc-tab\" role=\"tabpanel\" aria-labelledby=\"tab-title-description\">\n<p>Cette bague sera envoy\u00e9e dans une petite boite en carton sur lit de mousse naturelle.<\/p>\n<\/div>\n<\/div>\n<section class=\"related products\"><\/section>","protected":false},"excerpt":{"rendered":"<p>Bague r\u00e9alis\u00e9e enti\u00e8rement \u00e0 la main gr\u00e2ce \u00e0 la technique de la cire perdue.<br \/>\nJ&rsquo;ai sculpt\u00e9 cette bague dans la cire, elle a ensuite \u00e9t\u00e9 fondue en laiton, nettoy\u00e9e et polie pour lui apporter son aspect final. Comme son nom l&rsquo;indique, cire \u00ab\u00a0perdue\u00a0\u00bb signifie qu&rsquo;un seul mod\u00e8le de cette bague a \u00e9t\u00e9 r\u00e9alis\u00e9. C&rsquo;est donc une pi\u00e8ce unique. J&rsquo;ai sculpt\u00e9 un motif cristal pour ce mod\u00e8le, tel un morceau de g\u00e9ode de quartz pris dans le laiton.<\/p>\n<p>Taille de la bague : 58FR<br \/>\nJe peux agrandir l\u00e9g\u00e8rement la taille, n&rsquo;h\u00e9sitez pas \u00e0 me contacter pour toute question !<\/p>\n<p>Cr\u00e9ation 100% originale pens\u00e9e, dessin\u00e9e et fabriqu\u00e9e dans mon atelier.<\/p>\n<p>Le laiton, comme tout m\u00e9tal, s\u2019oxyde ou se ternit avec le temps, c\u2019est un m\u00e9tal vivant. Il faut donc comme n\u2019importe quel bijou en prendre soin, \u00e9viter de le laisser dans un lieu humide ou de mettre du parfum dessus. Le cot\u00e9 vieilli peut vous plaire mais si vous pr\u00e9f\u00e9rez retrouver le cot\u00e9 dor\u00e9 il reste tr\u00e8s facile \u00e0 nettoyer ! Dans votre paquet vous trouverez un petit chiffon qui en quelques frottements apportera de l\u2019\u00e9clat \u00e0 votre bijou. A ne pas appliquer sur le cot\u00e9 noirci de la cr\u00e9ation. Ce sont des pi\u00e8ces enti\u00e8rement fait-main artisanalement, de ce fait de l\u00e9g\u00e8res marques peuvent \u00eatre visibles, ce qui ne changent en rien leur aspect une fois port\u00e9s. Chaque pi\u00e8ce est unique.<\/p>\n<p><em>\u201cPasse quelques d\u00e9fauts aux autres, rien n\u2019est parfait dans la nature ; le diamant qui a un d\u00e9faut vaut encore mieux que la pierre brute qui n\u2019en a pas.\u201d Proverbe oriental.<\/em><\/p>\n<p>_______________________________________<\/p>\n<div class=\"woocommerce-tabs wc-tabs-wrapper\">\n<div id=\"tab-description\" class=\"woocommerce-Tabs-panel woocommerce-Tabs-panel--description panel entry-content wc-tab\" role=\"tabpanel\" aria-labelledby=\"tab-title-description\">\n<p>Cette bague sera envoy\u00e9e dans une petite boite en carton sur lit de mousse naturelle.<\/p>\n<\/div>\n<\/div>\n<section class=\"related products\"><\/section>\n<section class=\"related products\"><\/section>\n<section class=\"related products\"><\/section>","protected":false},"featured_media":16676,"comment_status":"open","ping_status":"closed","template":"","meta":{"_monsterinsights_skip_tracking":false,"_monsterinsights_sitenote_active":false,"_monsterinsights_sitenote_note":"","_monsterinsights_sitenote_category":0,"neve_meta_sidebar":"","neve_meta_container":"","neve_meta_enable_content_width":"off","neve_meta_content_width":70,"neve_meta_title_alignment":"","neve_meta_author_avatar":"","neve_post_elements_order":"","neve_meta_disable_header":"","neve_meta_disable_footer":"","neve_meta_disable_title":""},"product_brand":[],"product_cat":[493],"product_tag":[623,357,968,376,963],"class_list":{"0":"post-16687","1":"product","2":"type-product","3":"status-publish","4":"has-post-thumbnail","6":"product_cat-bagues","7":"product_tag-bague","8":"product_tag-cristal","9":"product_tag-geode","10":"product_tag-quartz","11":"product_tag-texture","12":"product_shipping_class-colissimo-simple","14":"first","15":"instock","16":"shipping-taxable","17":"purchasable","18":"product-type-simple"},"jetpack_sharing_enabled":true,"_links":{"self":[{"href":"https:\/\/bohemian-feathers-jewelry.fr\/en\/wp-json\/wp\/v2\/product\/16687","targetHints":{"allow":["GET"]}}],"collection":[{"href":"https:\/\/bohemian-feathers-jewelry.fr\/en\/wp-json\/wp\/v2\/product"}],"about":[{"href":"https:\/\/bohemian-feathers-jewelry.fr\/en\/wp-json\/wp\/v2\/types\/product"}],"replies":[{"embeddable":true,"href":"https:\/\/bohemian-feathers-jewelry.fr\/en\/wp-json\/wp\/v2\/comments?post=16687"}],"version-history":[{"count":1,"href":"https:\/\/bohemian-feathers-jewelry.fr\/en\/wp-json\/wp\/v2\/product\/16687\/revisions"}],"predecessor-version":[{"id":16688,"href":"https:\/\/bohemian-feathers-jewelry.fr\/en\/wp-json\/wp\/v2\/product\/16687\/revisions\/16688"}],"wp:featuredmedia":[{"embeddable":true,"href":"https:\/\/bohemian-feathers-jewelry.fr\/en\/wp-json\/wp\/v2\/media\/16676"}],"wp:attachment":[{"href":"https:\/\/bohemian-feathers-jewelry.fr\/en\/wp-json\/wp\/v2\/media?parent=16687"}],"wp:term":[{"taxonomy":"product_brand","embeddable":true,"href":"https:\/\/bohemian-feathers-jewelry.fr\/en\/wp-json\/wp\/v2\/product_brand?post=16687"},{"taxonomy":"product_cat","embeddable":true,"href":"https:\/\/bohemian-feathers-jewelry.fr\/en\/wp-json\/wp\/v2\/product_cat?post=16687"},{"taxonomy":"product_tag","embeddable":true,"href":"https:\/\/bohemian-feathers-jewelry.fr\/en\/wp-json\/wp\/v2\/product_tag?post=16687"}],"curies":[{"name":"wp","href":"https:\/\/api.w.org\/{rel}","templated":true}]}}