{"id":16605,"date":"2025-03-06T16:56:20","date_gmt":"2025-03-06T15:56:20","guid":{"rendered":"https:\/\/bohemian-feathers-jewelry.fr\/?post_type=product&#038;p=16605"},"modified":"2025-09-23T16:23:34","modified_gmt":"2025-09-23T14:23:34","slug":"collier-meet-the-burglar","status":"publish","type":"product","link":"https:\/\/bohemian-feathers-jewelry.fr\/en\/product\/collier-meet-the-burglar\/","title":{"rendered":"Collier \u00ab\u00a0Meet the Burglar\u00a0\u00bb"},"content":{"rendered":"<p>Pendentif r\u00e9alis\u00e9 enti\u00e8rement \u00e0 la main gr\u00e2ce \u00e0 la technique de la cire perdue.<br \/>\nJ\u2019ai sculpt\u00e9 cette rune grav\u00e9e dans un morceau de bois dans la cire, elle a ensuite \u00e9t\u00e9 fondue en laiton, nettoy\u00e9e, polie et patin\u00e9e pour lui apporter son aspect final. La marque que Gandalf laisse sur la porte de Bilbon pour conduire la compagnie de Thorin chez lui.<\/p>\n<p>J&rsquo;ai fait r\u00e9aliser un moule pour pouvoir r\u00e9pliquer ce pendentif, ce ne sera donc pas une pi\u00e8ce unique comme mes autres bijoux, mais la patine ne sera jamais tout a fait la m\u00eame.<\/p>\n<p>Vous pouvez choisir un montage sur chaine ou sur cordon cuir, et n&rsquo;oubliez pas d&rsquo;indiquer la longueur de chaine ou cordon souhait\u00e9e, il sera fait selon votre gout !<\/p>\n<p>Pour le cordon cuir vous pouvez indiquer la taille minimale et maximale, le cordon a 2 noeuds coulissants qui permettent de porter le collier \u00e0 des longueurs diff\u00e9rentes. Par exemple, sur ces photos, la longueur minimale est 40cm (lorsqu&rsquo;il est au plus court) et la longueur maximale est 80cm (lorsqu&rsquo;il est au plus grand).<\/p>\n<p>Taille du pendentif : 2 x 1.5 cm<\/p>\n<p>Cr\u00e9ation 100% originale pens\u00e9e, dessin\u00e9e et fabriqu\u00e9e dans mon atelier.<\/p>\n<p>Le laiton, comme tout m\u00e9tal, s\u2019oxyde ou se ternit avec le temps, c\u2019est un m\u00e9tal vivant. Il faut donc comme n\u2019importe quel bijou en prendre soin, \u00e9viter de le laisser dans un lieu humide ou de mettre du parfum dessus. Le cot\u00e9 vieilli peut vous plaire mais si vous pr\u00e9f\u00e9rez retrouver le cot\u00e9 dor\u00e9 il reste tr\u00e8s facile \u00e0 nettoyer ! Dans votre paquet vous trouverez un petit chiffon qui en quelques frottements apportera de l\u2019\u00e9clat \u00e0 votre bijou. A ne pas appliquer sur le cot\u00e9 noirci de la cr\u00e9ation. Ce sont des pi\u00e8ces enti\u00e8rement fait-main artisanalement, de ce fait de l\u00e9g\u00e8res marques peuvent \u00eatre visibles sur l\u2019arri\u00e8re des pendentifs, ce qui ne changent en rien leur aspect une fois port\u00e9s. Chaque pi\u00e8ce est unique.<\/p>\n<p><em>\u201d Passe quelques d\u00e9fauts aux autres, rien n\u2019est parfait dans la nature ; le diamant qui a un d\u00e9faut vaut encore mieux que la pierre brute qui n\u2019en a pas. \u201d Proverbe oriental.<\/em><\/p>\n<p>_______________________________________<\/p>\n<p>Ce collier sera envoy\u00e9 dans une petite boite en carton sur un lit de mousse naturelle.<br \/>\nLes frais de livraison correspondent \u00e0 un envoi en colissimo avec remise contre signature.<\/p>","protected":false},"excerpt":{"rendered":"<p>Pendentif r\u00e9alis\u00e9 enti\u00e8rement \u00e0 la main gr\u00e2ce \u00e0 la technique de la cire perdue.<br \/>\nJ\u2019ai sculpt\u00e9 cette rune grav\u00e9e dans un morceau de bois dans la cire, elle a ensuite \u00e9t\u00e9 fondue en laiton, nettoy\u00e9e, polie et patin\u00e9e pour lui apporter son aspect final. La marque que Gandalf laisse sur la porte de Bilbon pour conduire la compagnie de Thorin chez lui.<\/p>\n<p>J&rsquo;ai fait r\u00e9aliser un moule pour pouvoir r\u00e9pliquer ce pendentif, ce ne sera donc pas une pi\u00e8ce unique comme mes autres bijoux, mais la patine ne sera jamais tout a fait la m\u00eame.<\/p>\n<p>Vous pouvez choisir un montage sur chaine ou sur cordon cuir, et n&rsquo;oubliez pas d&rsquo;indiquer la longueur de chaine ou cordon souhait\u00e9e, il sera fait selon votre gout !<\/p>\n<p>Pour le cordon cuir vous pouvez indiquer la taille minimale et maximale, le cordon a 2 noeuds coulissants qui permettent de porter le collier \u00e0 des longueurs diff\u00e9rentes. Par exemple, sur ces photos, la longueur minimale est 40cm (lorsqu&rsquo;il est au plus court) et la longueur maximale est 80cm (lorsqu&rsquo;il est au plus grand).<\/p>\n<p>Taille du pendentif : 2 x 1.5 cm<\/p>\n<p>Cr\u00e9ation 100% originale pens\u00e9e, dessin\u00e9e et fabriqu\u00e9e dans mon atelier.<\/p>","protected":false},"featured_media":16612,"comment_status":"open","ping_status":"closed","template":"","meta":{"_monsterinsights_skip_tracking":false,"_monsterinsights_sitenote_active":false,"_monsterinsights_sitenote_note":"","_monsterinsights_sitenote_category":0,"neve_meta_sidebar":"","neve_meta_container":"","neve_meta_enable_content_width":"off","neve_meta_content_width":70,"neve_meta_title_alignment":"","neve_meta_author_avatar":"","neve_post_elements_order":"","neve_meta_disable_header":"","neve_meta_disable_footer":"","neve_meta_disable_title":""},"product_brand":[],"product_cat":[976,482],"product_tag":[978,985,986,37,236],"class_list":{"0":"post-16605","1":"product","2":"type-product","3":"status-publish","4":"has-post-thumbnail","6":"product_cat-collection-leaves-of-lorien","7":"product_cat-colliers","8":"product_tag-bilbo","9":"product_tag-frey","10":"product_tag-gandalf","11":"product_tag-hobbit","12":"product_tag-rune","13":"product_shipping_class-colissimo","15":"first","16":"instock","17":"shipping-taxable","18":"purchasable","19":"product-type-variable"},"jetpack_sharing_enabled":true,"_links":{"self":[{"href":"https:\/\/bohemian-feathers-jewelry.fr\/en\/wp-json\/wp\/v2\/product\/16605","targetHints":{"allow":["GET"]}}],"collection":[{"href":"https:\/\/bohemian-feathers-jewelry.fr\/en\/wp-json\/wp\/v2\/product"}],"about":[{"href":"https:\/\/bohemian-feathers-jewelry.fr\/en\/wp-json\/wp\/v2\/types\/product"}],"replies":[{"embeddable":true,"href":"https:\/\/bohemian-feathers-jewelry.fr\/en\/wp-json\/wp\/v2\/comments?post=16605"}],"version-history":[{"count":2,"href":"https:\/\/bohemian-feathers-jewelry.fr\/en\/wp-json\/wp\/v2\/product\/16605\/revisions"}],"predecessor-version":[{"id":16614,"href":"https:\/\/bohemian-feathers-jewelry.fr\/en\/wp-json\/wp\/v2\/product\/16605\/revisions\/16614"}],"wp:featuredmedia":[{"embeddable":true,"href":"https:\/\/bohemian-feathers-jewelry.fr\/en\/wp-json\/wp\/v2\/media\/16612"}],"wp:attachment":[{"href":"https:\/\/bohemian-feathers-jewelry.fr\/en\/wp-json\/wp\/v2\/media?parent=16605"}],"wp:term":[{"taxonomy":"product_brand","embeddable":true,"href":"https:\/\/bohemian-feathers-jewelry.fr\/en\/wp-json\/wp\/v2\/product_brand?post=16605"},{"taxonomy":"product_cat","embeddable":true,"href":"https:\/\/bohemian-feathers-jewelry.fr\/en\/wp-json\/wp\/v2\/product_cat?post=16605"},{"taxonomy":"product_tag","embeddable":true,"href":"https:\/\/bohemian-feathers-jewelry.fr\/en\/wp-json\/wp\/v2\/product_tag?post=16605"}],"curies":[{"name":"wp","href":"https:\/\/api.w.org\/{rel}","templated":true}]}}