{"id":16370,"date":"2024-10-30T16:49:06","date_gmt":"2024-10-30T15:49:06","guid":{"rendered":"https:\/\/bohemian-feathers-jewelry.fr\/?post_type=product&#038;p=16370"},"modified":"2025-05-12T14:11:38","modified_gmt":"2025-05-12T12:11:38","slug":"collier-witchs-spell-obsidienne-neige","status":"publish","type":"product","link":"https:\/\/bohemian-feathers-jewelry.fr\/en\/product\/collier-witchs-spell-obsidienne-neige\/","title":{"rendered":"Collier Witch&rsquo;s Spell &#8211; obsidienne neige"},"content":{"rendered":"<p>La\u00a0pierre obsidienne neige\u00a0t\u00e9moigne d\u2019une propri\u00e9t\u00e9 d\u2019ancrage notable. Elle chasse les fantasmes et les illusions pour laisser place \u00e0 la concentration. Cette pierre est ancr\u00e9e dans le moment pr\u00e9sent. Elle permet de tisser un lien fort avec la terre. Ainsi, ceux qui portent ce min\u00e9ral sur eux sont certains de ne pas s\u2019\u00e9garer. Cette pierre offre une protection optimale contre toute \u00e9nergie n\u00e9gative et contre les diff\u00e9rentes influences n\u00e9fastes. Ces pierres sont souvent utilis\u00e9es dans le cadre des m\u00e9ditations. Lorsqu\u2019elles sont polies, elles permettent d\u2019optimiser la concentration et de profiter d\u2019un grand champ de conscience. En somme, il s\u2019agit d\u2019une pierre puissante qui permet de se lib\u00e9rer de tout blocage depuis le complexe d\u2019inf\u00e9riorit\u00e9 \u00e0 la timidit\u00e9. Elle aide \u00e0 att\u00e9nuer les sentiments de ranc\u0153ur et de col\u00e8re.<\/p>\n<p>_______________________________________<\/p>\n<p>V\u00e9ritable fiole en pierre naturelle que vous pouvez remplir de parfum ou d&rsquo;huile essentielle gr\u00e2ce \u00e0 la pipette fournie avec. Le pendentif est mont\u00e9 sur une chaine en acier inoxydable dor\u00e9 et accompagn\u00e9 de 4 pampilles dor\u00e9es.<\/p>\n<p>Dimensions fiole : 3 x 1,5 cm<br \/>\nLongueur chaine : 50 cm<\/p>\n<p>_______________________________________<\/p>\n<p>Les chaines des colliers peuvent \u00eatre adapt\u00e9es sur demande, plus courtes ou plus longues. Indiquez-moi la longueur souhait\u00e9e lors de la commande !<\/p>\n<p>____________________________<\/p>\n<p>Les colliers sont envoy\u00e9s dans de petites boites en carton et sur un lit de mousse naturelle.<br \/>\nLes frais de livraison correspondent \u00e0 un envoi en colissimo avec remise contre signature.<\/p>","protected":false},"excerpt":{"rendered":"<p>V\u00e9ritable fiole en pierre naturelle que vous pouvez remplir de parfum ou d&rsquo;huile essentielle gr\u00e2ce \u00e0 la pipette fournie avec. Le pendentif est mont\u00e9 sur une chaine en acier inoxydable dor\u00e9 et accompagn\u00e9 de 4 pampilles dor\u00e9es.<\/p>\n<p>Dimensions fiole : 3 x 1,5 cm<br \/>\nLongueur chaine : 50 cm<\/p>","protected":false},"featured_media":16337,"comment_status":"open","ping_status":"closed","template":"","meta":{"_monsterinsights_skip_tracking":false,"_monsterinsights_sitenote_active":false,"_monsterinsights_sitenote_note":"","_monsterinsights_sitenote_category":0,"neve_meta_sidebar":"","neve_meta_container":"","neve_meta_enable_content_width":"off","neve_meta_content_width":70,"neve_meta_title_alignment":"","neve_meta_author_avatar":"","neve_post_elements_order":"","neve_meta_disable_header":"","neve_meta_disable_footer":"","neve_meta_disable_title":""},"product_brand":[],"product_cat":[979,486],"product_tag":[740,731,980],"class_list":{"0":"post-16370","1":"product","2":"type-product","3":"status-publish","4":"has-post-thumbnail","6":"product_cat-colliers-witchs-spell","7":"product_cat-colliers-gothiques-esotheriques","8":"product_tag-collier-fiole","9":"product_tag-collier-sorciere","10":"product_tag-fiole","11":"product_shipping_class-colissimo","13":"first","14":"outofstock","15":"shipping-taxable","16":"purchasable","17":"product-type-simple"},"jetpack_sharing_enabled":true,"_links":{"self":[{"href":"https:\/\/bohemian-feathers-jewelry.fr\/en\/wp-json\/wp\/v2\/product\/16370","targetHints":{"allow":["GET"]}}],"collection":[{"href":"https:\/\/bohemian-feathers-jewelry.fr\/en\/wp-json\/wp\/v2\/product"}],"about":[{"href":"https:\/\/bohemian-feathers-jewelry.fr\/en\/wp-json\/wp\/v2\/types\/product"}],"replies":[{"embeddable":true,"href":"https:\/\/bohemian-feathers-jewelry.fr\/en\/wp-json\/wp\/v2\/comments?post=16370"}],"version-history":[{"count":2,"href":"https:\/\/bohemian-feathers-jewelry.fr\/en\/wp-json\/wp\/v2\/product\/16370\/revisions"}],"predecessor-version":[{"id":16380,"href":"https:\/\/bohemian-feathers-jewelry.fr\/en\/wp-json\/wp\/v2\/product\/16370\/revisions\/16380"}],"wp:featuredmedia":[{"embeddable":true,"href":"https:\/\/bohemian-feathers-jewelry.fr\/en\/wp-json\/wp\/v2\/media\/16337"}],"wp:attachment":[{"href":"https:\/\/bohemian-feathers-jewelry.fr\/en\/wp-json\/wp\/v2\/media?parent=16370"}],"wp:term":[{"taxonomy":"product_brand","embeddable":true,"href":"https:\/\/bohemian-feathers-jewelry.fr\/en\/wp-json\/wp\/v2\/product_brand?post=16370"},{"taxonomy":"product_cat","embeddable":true,"href":"https:\/\/bohemian-feathers-jewelry.fr\/en\/wp-json\/wp\/v2\/product_cat?post=16370"},{"taxonomy":"product_tag","embeddable":true,"href":"https:\/\/bohemian-feathers-jewelry.fr\/en\/wp-json\/wp\/v2\/product_tag?post=16370"}],"curies":[{"name":"wp","href":"https:\/\/api.w.org\/{rel}","templated":true}]}}