{"id":1630,"date":"2020-04-06T16:08:01","date_gmt":"2020-04-06T14:08:01","guid":{"rendered":"https:\/\/bohemian-feathers-jewelry.fr\/?post_type=product&#038;p=1630"},"modified":"2020-04-14T11:50:29","modified_gmt":"2020-04-14T09:50:29","slug":"collier-tiger-eye-foxhead","status":"publish","type":"product","link":"https:\/\/bohemian-feathers-jewelry.fr\/en\/product\/collier-tiger-eye-foxhead\/","title":{"rendered":"Collier Tiger Eye FoxHead"},"content":{"rendered":"<p><span style=\"font-weight: 400;\">L\u2019\u0153il de tigre nous procure, dynamisme, confiance en soi, souplesse et ind\u00e9pendance d&rsquo;esprit. Il donne l\u2019envie et la force d\u2019atteindre des objectifs fix\u00e9s en se surpassant. Il favorise \u00e9galement le sens du contact et de l&rsquo;amiti\u00e9. C\u2019est une pierre de mobilit\u00e9 par excellence, sur tous les plans.<\/span><\/p>\n<p>____________________________________<\/p>\n<p>Collier boh\u00e8me compos\u00e9 d&rsquo;une tr\u00e8s belle t\u00eate de renard en oeil de tigre sculpt\u00e9e \u00e0 la main, le tout mont\u00e9 sur une chaine en laiton et agr\u00e9ment\u00e9e de 6 perles en oeil de tigre.<\/p>\n<p>Longueur de chaine : 40 cm<br \/>\nLongueur du pendentif : 8 cm<br \/>\nLargeur du pendentif : 3 cm<\/p>\n<p>La t\u00eate de renard mesure 2.5 cm sur 3,5 cm.<\/p>\n<p>____________________________<\/p>\n<p>Les colliers FoxHead sont envoy\u00e9s dans de petites boites en carton et sur un lit de mousse naturelle.<br \/>\nLes frais de livraison correspondent \u00e0 un envoi en colissimo avec remise contre signature.<\/p>","protected":false},"excerpt":{"rendered":"<p>Collier boh\u00e8me compos\u00e9 d&rsquo;une tr\u00e8s belle t\u00eate de renard en oeil de tigre sculpt\u00e9e \u00e0 la main, le tout mont\u00e9 sur une chaine en laiton et agr\u00e9ment\u00e9e de 6 perles en oeil de tigre.<\/p>\n<p>Longueur de chaine : 40 cm<br \/>\nLongueur du pendentif : 8 cm<br \/>\nLargeur du pendentif : 3 cm<\/p>\n<p>La t\u00eate de renard mesure 2.5 cm sur 3,5 cm.<\/p>","protected":false},"featured_media":1603,"comment_status":"open","ping_status":"closed","template":"","meta":{"_monsterinsights_skip_tracking":false,"_monsterinsights_sitenote_active":false,"_monsterinsights_sitenote_note":"","_monsterinsights_sitenote_category":0,"neve_meta_sidebar":"","neve_meta_container":"","neve_meta_enable_content_width":"off","neve_meta_content_width":0,"neve_meta_title_alignment":"","neve_meta_author_avatar":"","neve_post_elements_order":"","neve_meta_disable_header":"","neve_meta_disable_footer":"","neve_meta_disable_title":""},"product_brand":[],"product_cat":[488],"product_tag":[76,106,105,107,16,72,194,108,193],"class_list":{"0":"post-1630","1":"product","2":"type-product","3":"status-publish","4":"has-post-thumbnail","6":"product_cat-colliers-renards-foxhead","7":"product_tag-animal_totem","8":"product_tag-collier_boheme","9":"product_tag-collier_lithotherapie","10":"product_tag-collier_renard","11":"product_tag-jewelry","12":"product_tag-necklace","13":"product_tag-renard_oeil_de_tigre","14":"product_tag-renard_pierre","15":"product_tag-renard_roux","16":"product_shipping_class-colissimo","18":"first","19":"outofstock","20":"shipping-taxable","21":"purchasable","22":"product-type-simple"},"jetpack_sharing_enabled":true,"_links":{"self":[{"href":"https:\/\/bohemian-feathers-jewelry.fr\/en\/wp-json\/wp\/v2\/product\/1630","targetHints":{"allow":["GET"]}}],"collection":[{"href":"https:\/\/bohemian-feathers-jewelry.fr\/en\/wp-json\/wp\/v2\/product"}],"about":[{"href":"https:\/\/bohemian-feathers-jewelry.fr\/en\/wp-json\/wp\/v2\/types\/product"}],"replies":[{"embeddable":true,"href":"https:\/\/bohemian-feathers-jewelry.fr\/en\/wp-json\/wp\/v2\/comments?post=1630"}],"version-history":[{"count":1,"href":"https:\/\/bohemian-feathers-jewelry.fr\/en\/wp-json\/wp\/v2\/product\/1630\/revisions"}],"predecessor-version":[{"id":1631,"href":"https:\/\/bohemian-feathers-jewelry.fr\/en\/wp-json\/wp\/v2\/product\/1630\/revisions\/1631"}],"wp:featuredmedia":[{"embeddable":true,"href":"https:\/\/bohemian-feathers-jewelry.fr\/en\/wp-json\/wp\/v2\/media\/1603"}],"wp:attachment":[{"href":"https:\/\/bohemian-feathers-jewelry.fr\/en\/wp-json\/wp\/v2\/media?parent=1630"}],"wp:term":[{"taxonomy":"product_brand","embeddable":true,"href":"https:\/\/bohemian-feathers-jewelry.fr\/en\/wp-json\/wp\/v2\/product_brand?post=1630"},{"taxonomy":"product_cat","embeddable":true,"href":"https:\/\/bohemian-feathers-jewelry.fr\/en\/wp-json\/wp\/v2\/product_cat?post=1630"},{"taxonomy":"product_tag","embeddable":true,"href":"https:\/\/bohemian-feathers-jewelry.fr\/en\/wp-json\/wp\/v2\/product_tag?post=1630"}],"curies":[{"name":"wp","href":"https:\/\/api.w.org\/{rel}","templated":true}]}}